{"id":76751,"date":"2019-01-10T16:22:23","date_gmt":"2019-01-10T15:22:23","guid":{"rendered":"https:\/\/undsgn.com\/uncode\/?page_id=76751"},"modified":"2019-01-10T16:22:23","modified_gmt":"2019-01-10T15:22:23","slug":"shop-carousel","status":"publish","type":"page","link":"https:\/\/noisydigital.com\/fr_fr\/homepages\/shop-carousel\/","title":{"rendered":"Shop Carousel"},"content":{"rendered":"<div class=\"wpb-content-wrapper\"><div data-parent=\"true\" class=\"vc_row style-color-nhtu-bg row-container onepage-section boomapps_vcrow\" data-label=\"blog\" data-name=\"blog\" id=\"row-unique-0\"><div class=\"row no-top-padding no-bottom-padding no-h-padding full-width row-parent\" data-height-ratio=\"full\"><div class=\"wpb_row row-inner\"><div class=\"wpb_column pos-top pos-center align_left column_parent col-lg-12 boomapps_vccolumn single-internal-gutter\"><div class=\"uncol style-light\"  ><div class=\"uncoltable\"><div class=\"uncell  boomapps_vccolumn no-block-padding\" ><div class=\"uncont\"><div class=\"owl-carousel-wrapper\" >\n\t\t\t\t\t<div class=\"owl-carousel-container owl-carousel-loading no-gutter\">\t\t\t\t\t\t<div id=\"index-3661322266\" class=\"owl-carousel owl-element owl-height-viewport owl-dots-outside owl-dots-single-block-padding owl-dots-align-center\" data-loop=\"true\" data-dotsmobile=\"true\" data-nav=\"true\" data-navmobile=\"true\" data-navskin=\"dark\" data-navspeed=\"200\" data-autoplay=\"false\" data-stagepadding=\"0\" data-lg=\"2\" data-md=\"2\" data-sm=\"1\" data-vp-height=\"100\">\t\t\t<div class=\"tmb tmb-carousel tmb-woocommerce enhanced-atc atc-typography-inherit tmb-iso-h33 tmb-dark tmb-text-showed tmb-overlay-showed tmb-overlay-top tmb-overlay-text-left tmb-text-space-reduced tmb-image-anim tmb-entry-title-uppercase  grid-cat-117 grid-cat-119 tmb-id-18907 tmb-media-first tmb-media-last tmb-content-overlay tmb-no-bg\" ><div class=\"t-inside animate_when_almost_visible right-t-left\" data-delay=\"200\" data-speed=\"400\"><div class=\"t-entry-visual\"><div class=\"t-entry-visual-tc\"><div class=\"t-entry-visual-cont\"><a tabindex=\"-1\" href=\"https:\/\/noisydigital.com\/fr_fr\/product\/black-stripes-t-shirt\/\" target=\"_self\" data-lb-index=\"0\"><div class=\"t-entry-visual-overlay\"><div class=\"t-entry-visual-overlay-in style-light-bg\" style=\"opacity: 0.01;\"><\/div><\/div><div class=\"t-overlay-wrap\"><div class=\"t-overlay-inner\">\n\t\t\t\t\t\t\t\t\t\t\t\t\t\t<div class=\"t-overlay-content\">\n\t\t\t\t\t\t\t\t\t\t\t\t\t\t\t<div class=\"t-overlay-text double-block-padding\"><div class=\"t-entry\"><h3 class=\"t-entry-title font-156269 h5 font-weight-700 fontspace-111509 title-scale\">Black Stripes T-Shirt<\/h3><span class=\"price font-156269 h5 font-weight-700 fontspace-111509 title-scale\"><ins class=\"h3\"><del aria-hidden=\"true\"><span class=\"woocommerce-Price-amount amount\"><bdi><span class=\"woocommerce-Price-currencySymbol\">&pound;<\/span>100.00<\/bdi><\/span><\/del> <span class=\"screen-reader-text\">Le prix initial \u00e9tait\u00a0: &pound;100.00.<\/span><ins aria-hidden=\"true\"><span class=\"woocommerce-Price-amount amount\"><bdi><span class=\"woocommerce-Price-currencySymbol\">&pound;<\/span>70.00<\/bdi><\/span><\/ins><span class=\"screen-reader-text\">Le prix actuel est\u00a0: &pound;70.00.<\/span><\/ins><\/span><\/div><\/div><\/div><\/div><\/div><div class=\"t-background-cover\" style=\"background-image:url('https:\/\/noisydigital.com\/wp-content\/uploads\/2019\/02\/product-placeholder-4-min.jpg')\"><\/div><\/a><div class=\"add-to-cart-overlay\"><a href=\"?add-to-cart=18907\" data-quantity=\"1\" class=\"product_type_simple add_to_cart_button ajax_add_to_cart product_button_loop\" data-product_id=\"18907\" data-product_sku=\"036895\" aria-label=\"Ajouter au panier\u00a0: &ldquo;Black Stripes T-Shirt&rdquo;\" rel=\"nofollow\" data-success_message=\"\u00ab\u00a0Black Stripes T-Shirt\u00a0\u00bb a \u00e9t\u00e9 ajout\u00e9 \u00e0 votre panier\"><span class=\"add_to_cart_text\">Ajouter au panier<\/span><span class=\"view-cart added_to_cart\"><\/span><\/a><\/div><\/div>\n\t\t\t\t\t<\/div>\n\t\t\t\t<\/div><\/div><\/div><div class=\"tmb tmb-carousel tmb-woocommerce enhanced-atc atc-typography-inherit tmb-iso-h33 tmb-dark tmb-text-showed tmb-overlay-showed tmb-overlay-top tmb-overlay-text-left tmb-text-space-reduced tmb-image-anim tmb-entry-title-uppercase  grid-cat-117 grid-cat-119 tmb-id-18932 tmb-media-first tmb-media-last tmb-content-overlay tmb-no-bg\" ><div class=\"t-inside animate_when_almost_visible right-t-left\" data-delay=\"200\" data-speed=\"400\"><div class=\"t-entry-visual\"><div class=\"t-entry-visual-tc\"><div class=\"t-entry-visual-cont\"><a tabindex=\"-1\" href=\"https:\/\/noisydigital.com\/fr_fr\/product\/urban-striped-sleeveless\/\" target=\"_self\" data-lb-index=\"1\"><div class=\"t-entry-visual-overlay\"><div class=\"t-entry-visual-overlay-in style-light-bg\" style=\"opacity: 0.01;\"><\/div><\/div><div class=\"t-overlay-wrap\"><div class=\"t-overlay-inner\">\n\t\t\t\t\t\t\t\t\t\t\t\t\t\t<div class=\"t-overlay-content\">\n\t\t\t\t\t\t\t\t\t\t\t\t\t\t\t<div class=\"t-overlay-text double-block-padding\"><div class=\"t-entry\"><h3 class=\"t-entry-title font-156269 h5 font-weight-700 fontspace-111509 title-scale\">Urban Striped Sleeveless<\/h3><span class=\"price font-156269 h5 font-weight-700 fontspace-111509 title-scale\"><ins class=\"h3\"><span class=\"woocommerce-Price-amount amount\"><bdi><span class=\"woocommerce-Price-currencySymbol\">&pound;<\/span>135.00<\/bdi><\/span><\/ins><\/span><\/div><\/div><\/div><\/div><\/div><div class=\"t-background-cover\" style=\"background-image:url('https:\/\/noisydigital.com\/wp-content\/uploads\/2019\/02\/product-placeholder-1-min.jpg')\"><\/div><\/a><div class=\"add-to-cart-overlay\"><a href=\"?add-to-cart=18932\" data-quantity=\"1\" class=\"product_type_simple add_to_cart_button ajax_add_to_cart product_button_loop\" data-product_id=\"18932\" data-product_sku=\"036894\" aria-label=\"Ajouter au panier\u00a0: &ldquo;Urban Striped Sleeveless&rdquo;\" rel=\"nofollow\" data-success_message=\"\u00ab\u00a0Urban Striped Sleeveless\u00a0\u00bb a \u00e9t\u00e9 ajout\u00e9 \u00e0 votre panier\"><span class=\"add_to_cart_text\">Ajouter au panier<\/span><span class=\"view-cart added_to_cart\"><\/span><\/a><\/div><\/div>\n\t\t\t\t\t<\/div>\n\t\t\t\t<\/div><\/div><\/div><div class=\"tmb tmb-carousel tmb-woocommerce enhanced-atc atc-typography-inherit tmb-iso-h33 tmb-dark tmb-text-showed tmb-overlay-showed tmb-overlay-top tmb-overlay-text-left tmb-text-space-reduced tmb-image-anim tmb-entry-title-uppercase  grid-cat-117 grid-cat-119 tmb-id-18935 tmb-media-first tmb-media-last tmb-content-overlay tmb-no-bg\" ><div class=\"t-inside animate_when_almost_visible right-t-left\" data-delay=\"200\" data-speed=\"400\"><div class=\"t-entry-visual\"><div class=\"t-entry-visual-tc\"><div class=\"t-entry-visual-cont\"><a tabindex=\"-1\" href=\"https:\/\/noisydigital.com\/fr_fr\/product\/black-grey-half-t-shirt\/\" target=\"_self\" data-lb-index=\"2\"><div class=\"t-entry-visual-overlay\"><div class=\"t-entry-visual-overlay-in style-light-bg\" style=\"opacity: 0.01;\"><\/div><\/div><div class=\"t-overlay-wrap\"><div class=\"t-overlay-inner\">\n\t\t\t\t\t\t\t\t\t\t\t\t\t\t<div class=\"t-overlay-content\">\n\t\t\t\t\t\t\t\t\t\t\t\t\t\t\t<div class=\"t-overlay-text double-block-padding\"><div class=\"t-entry\"><h3 class=\"t-entry-title font-156269 h5 font-weight-700 fontspace-111509 title-scale\">Black &#038; Grey Half T-Shirt<\/h3><span class=\"price font-156269 h5 font-weight-700 fontspace-111509 title-scale\"><ins class=\"h3\"><span class=\"woocommerce-Price-amount amount\"><bdi><span class=\"woocommerce-Price-currencySymbol\">&pound;<\/span>110.00<\/bdi><\/span><\/ins><\/span><\/div><\/div><\/div><\/div><\/div><div class=\"t-background-cover\" style=\"background-image:url('https:\/\/noisydigital.com\/wp-content\/uploads\/2019\/02\/product-placeholder-2-min.jpg')\"><\/div><\/a><div class=\"add-to-cart-overlay\"><a href=\"?add-to-cart=18935\" data-quantity=\"1\" class=\"product_type_simple add_to_cart_button ajax_add_to_cart product_button_loop\" data-product_id=\"18935\" data-product_sku=\"036891\" aria-label=\"Ajouter au panier\u00a0: &ldquo;Black &amp; Grey Half T-Shirt&rdquo;\" rel=\"nofollow\" data-success_message=\"\u00ab\u00a0Black &amp; Grey Half T-Shirt\u00a0\u00bb a \u00e9t\u00e9 ajout\u00e9 \u00e0 votre panier\"><span class=\"add_to_cart_text\">Ajouter au panier<\/span><span class=\"view-cart added_to_cart\"><\/span><\/a><\/div><\/div>\n\t\t\t\t\t<\/div>\n\t\t\t\t<\/div><\/div><\/div><div class=\"tmb tmb-carousel tmb-woocommerce enhanced-atc atc-typography-inherit tmb-iso-h33 tmb-dark tmb-text-showed tmb-overlay-showed tmb-overlay-top tmb-overlay-text-left tmb-text-space-reduced tmb-image-anim tmb-entry-title-uppercase  grid-cat-117 grid-cat-119 tmb-id-19261 tmb-media-first tmb-media-last tmb-content-overlay tmb-no-bg\" ><div class=\"t-inside animate_when_almost_visible right-t-left\" data-delay=\"200\" data-speed=\"400\"><div class=\"t-entry-visual\"><div class=\"t-entry-visual-tc\"><div class=\"t-entry-visual-cont\"><a tabindex=\"-1\" href=\"https:\/\/noisydigital.com\/fr_fr\/product\/gold-zip-hoodie\/\" target=\"_self\" data-lb-index=\"3\"><div class=\"t-entry-visual-overlay\"><div class=\"t-entry-visual-overlay-in style-light-bg\" style=\"opacity: 0.01;\"><\/div><\/div><div class=\"t-overlay-wrap\"><div class=\"t-overlay-inner\">\n\t\t\t\t\t\t\t\t\t\t\t\t\t\t<div class=\"t-overlay-content\">\n\t\t\t\t\t\t\t\t\t\t\t\t\t\t\t<div class=\"t-overlay-text double-block-padding\"><div class=\"t-entry\"><h3 class=\"t-entry-title font-156269 h5 font-weight-700 fontspace-111509 title-scale\">Gold Zip Hoodie<\/h3><span class=\"price font-156269 h5 font-weight-700 fontspace-111509 title-scale\"><ins class=\"h3\"><span class=\"woocommerce-Price-amount amount\"><bdi><span class=\"woocommerce-Price-currencySymbol\">&pound;<\/span>135.00<\/bdi><\/span><\/ins><\/span><\/div><\/div><\/div><\/div><\/div><div class=\"t-background-cover\" style=\"background-image:url('https:\/\/noisydigital.com\/wp-content\/uploads\/2019\/02\/product-placeholder-4-min.jpg')\"><\/div><\/a><div class=\"add-to-cart-overlay\"><a href=\"?add-to-cart=19261\" data-quantity=\"1\" class=\"product_type_simple add_to_cart_button ajax_add_to_cart product_button_loop\" data-product_id=\"19261\" data-product_sku=\"036897\" aria-label=\"Ajouter au panier\u00a0: &ldquo;Gold Zip Hoodie&rdquo;\" rel=\"nofollow\" data-success_message=\"\u00ab\u00a0Gold Zip Hoodie\u00a0\u00bb a \u00e9t\u00e9 ajout\u00e9 \u00e0 votre panier\"><span class=\"add_to_cart_text\">Ajouter au panier<\/span><span class=\"view-cart added_to_cart\"><\/span><\/a><\/div><\/div>\n\t\t\t\t\t<\/div>\n\t\t\t\t<\/div><\/div><\/div><div class=\"tmb tmb-carousel tmb-woocommerce enhanced-atc atc-typography-inherit tmb-iso-h33 tmb-dark tmb-text-showed tmb-overlay-showed tmb-overlay-top tmb-overlay-text-left tmb-text-space-reduced tmb-image-anim tmb-entry-title-uppercase  grid-cat-117 grid-cat-119 tmb-id-18936 tmb-media-first tmb-media-last tmb-content-overlay tmb-no-bg\" ><div class=\"t-inside animate_when_almost_visible right-t-left\" data-delay=\"200\" data-speed=\"400\"><div class=\"t-entry-visual\"><div class=\"t-entry-visual-tc\"><div class=\"t-entry-visual-cont\"><a tabindex=\"-1\" href=\"https:\/\/noisydigital.com\/fr_fr\/product\/black-angled-buckle-jacket\/\" target=\"_self\" data-lb-index=\"4\"><div class=\"t-entry-visual-overlay\"><div class=\"t-entry-visual-overlay-in style-light-bg\" style=\"opacity: 0.01;\"><\/div><\/div><div class=\"t-overlay-wrap\"><div class=\"t-overlay-inner\">\n\t\t\t\t\t\t\t\t\t\t\t\t\t\t<div class=\"t-overlay-content\">\n\t\t\t\t\t\t\t\t\t\t\t\t\t\t\t<div class=\"t-overlay-text double-block-padding\"><div class=\"t-entry\"><h3 class=\"t-entry-title font-156269 h5 font-weight-700 fontspace-111509 title-scale\">Black Angled Buckle Jacket<\/h3><span class=\"price font-156269 h5 font-weight-700 fontspace-111509 title-scale\"><ins class=\"h3\"><span class=\"woocommerce-Price-amount amount\"><bdi><span class=\"woocommerce-Price-currencySymbol\">&pound;<\/span>135.00<\/bdi><\/span> &ndash; <span class=\"woocommerce-Price-amount amount\"><bdi><span class=\"woocommerce-Price-currencySymbol\">&pound;<\/span>150.00<\/bdi><\/span><\/ins><\/span><\/div><\/div><\/div><\/div><\/div><div class=\"t-background-cover\" style=\"background-image:url('https:\/\/noisydigital.com\/wp-content\/uploads\/2019\/02\/product-placeholder-3-min.jpg')\"><\/div><\/a><div class=\"add-to-cart-overlay\"><a href=\"https:\/\/noisydigital.com\/fr_fr\/product\/black-angled-buckle-jacket\/\" data-quantity=\"1\" class=\"product_type_variable product_button_loop\" data-product_id=\"18936\" data-product_sku=\"036890\" aria-label=\"S\u00e9lectionner les options pour &ldquo;Black Angled Buckle Jacket&rdquo;\" rel=\"nofollow\"><span class=\"add_to_cart_text\">Choix des options<\/span><span class=\"view-cart added_to_cart\"><\/span><\/a><\/div><\/div>\n\t\t\t\t\t<\/div>\n\t\t\t\t<\/div><\/div><\/div><div class=\"tmb tmb-carousel tmb-woocommerce enhanced-atc atc-typography-inherit tmb-iso-h33 tmb-dark tmb-text-showed tmb-overlay-showed tmb-overlay-top tmb-overlay-text-left tmb-text-space-reduced tmb-image-anim tmb-entry-title-uppercase  grid-cat-117 grid-cat-119 tmb-id-18934 tmb-media-first tmb-media-last tmb-content-overlay tmb-no-bg\" ><div class=\"t-inside animate_when_almost_visible right-t-left\" data-delay=\"200\" data-speed=\"400\"><div class=\"t-entry-visual\"><div class=\"t-entry-visual-tc\"><div class=\"t-entry-visual-cont\"><a tabindex=\"-1\" href=\"https:\/\/noisydigital.com\/fr_fr\/product\/black-embroidered-shirt\/\" target=\"_self\" data-lb-index=\"5\"><div class=\"t-entry-visual-overlay\"><div class=\"t-entry-visual-overlay-in style-light-bg\" style=\"opacity: 0.01;\"><\/div><\/div><div class=\"t-overlay-wrap\"><div class=\"t-overlay-inner\">\n\t\t\t\t\t\t\t\t\t\t\t\t\t\t<div class=\"t-overlay-content\">\n\t\t\t\t\t\t\t\t\t\t\t\t\t\t\t<div class=\"t-overlay-text double-block-padding\"><div class=\"t-entry\"><h3 class=\"t-entry-title font-156269 h5 font-weight-700 fontspace-111509 title-scale\">Black Embroidered Shirt<\/h3><span class=\"price font-156269 h5 font-weight-700 fontspace-111509 title-scale\"><ins class=\"h3\"><span class=\"woocommerce-Price-amount amount\"><bdi><span class=\"woocommerce-Price-currencySymbol\">&pound;<\/span>90.00<\/bdi><\/span><\/ins><\/span><\/div><\/div><\/div><\/div><\/div><div class=\"t-background-cover\" style=\"background-image:url('https:\/\/noisydigital.com\/wp-content\/uploads\/2019\/02\/product-placeholder-4-min.jpg')\"><\/div><\/a><div class=\"add-to-cart-overlay\"><a href=\"?add-to-cart=18934\" data-quantity=\"1\" class=\"product_type_simple add_to_cart_button ajax_add_to_cart product_button_loop\" data-product_id=\"18934\" data-product_sku=\"036892\" aria-label=\"Ajouter au panier\u00a0: &ldquo;Black Embroidered Shirt&rdquo;\" rel=\"nofollow\" data-success_message=\"\u00ab\u00a0Black Embroidered Shirt\u00a0\u00bb a \u00e9t\u00e9 ajout\u00e9 \u00e0 votre panier\"><span class=\"add_to_cart_text\">Ajouter au panier<\/span><span class=\"view-cart added_to_cart\"><\/span><\/a><\/div><\/div>\n\t\t\t\t\t<\/div>\n\t\t\t\t<\/div><\/div><\/div>\t\t<\/div>\n\t\n\n\t<\/div>\t\t\t<\/div>\n<\/div><\/div><\/div><\/div><\/div><script id=\"script-row-unique-0\" data-row=\"script-row-unique-0\" type=\"text\/javascript\" class=\"vc_controls\">UNCODE.initRow(document.getElementById(\"row-unique-0\"));<\/script><\/div><\/div><\/div>\n<\/div>","protected":false},"excerpt":{"rendered":"Short sleeve crewneck t-shirt in white in a professional context it often happens that private or corporate clients corder a [...]","protected":false},"author":1,"featured_media":78622,"parent":43938,"menu_order":0,"comment_status":"closed","ping_status":"closed","template":"","meta":{"bgseo_title":"","bgseo_description":"","bgseo_robots_index":"","bgseo_robots_follow":"","footnotes":""},"class_list":["post-76751","page","type-page","status-publish","has-post-thumbnail","hentry","page_category-demo-shop"],"aioseo_notices":[],"_links":{"self":[{"href":"https:\/\/noisydigital.com\/fr_fr\/wp-json\/wp\/v2\/pages\/76751","targetHints":{"allow":["GET"]}}],"collection":[{"href":"https:\/\/noisydigital.com\/fr_fr\/wp-json\/wp\/v2\/pages"}],"about":[{"href":"https:\/\/noisydigital.com\/fr_fr\/wp-json\/wp\/v2\/types\/page"}],"author":[{"embeddable":true,"href":"https:\/\/noisydigital.com\/fr_fr\/wp-json\/wp\/v2\/users\/1"}],"replies":[{"embeddable":true,"href":"https:\/\/noisydigital.com\/fr_fr\/wp-json\/wp\/v2\/comments?post=76751"}],"version-history":[{"count":0,"href":"https:\/\/noisydigital.com\/fr_fr\/wp-json\/wp\/v2\/pages\/76751\/revisions"}],"up":[{"embeddable":true,"href":"https:\/\/noisydigital.com\/fr_fr\/wp-json\/wp\/v2\/pages\/43938"}],"wp:featuredmedia":[{"embeddable":true,"href":"https:\/\/noisydigital.com\/fr_fr\/wp-json\/wp\/v2\/media\/78622"}],"wp:attachment":[{"href":"https:\/\/noisydigital.com\/fr_fr\/wp-json\/wp\/v2\/media?parent=76751"}],"curies":[{"name":"wp","href":"https:\/\/api.w.org\/{rel}","templated":true}]}}