{"id":65986,"date":"2017-09-07T10:25:12","date_gmt":"2017-09-07T08:25:12","guid":{"rendered":"https:\/\/undsgn.com\/uncode\/?page_id=65986"},"modified":"2017-09-07T10:25:12","modified_gmt":"2017-09-07T08:25:12","slug":"blog-impact","status":"publish","type":"page","link":"https:\/\/noisydigital.com\/fr_fr\/homepages\/blog-impact\/","title":{"rendered":"Blog Impact"},"content":{"rendered":"<div class=\"wpb-content-wrapper\"><div data-parent=\"true\" class=\"vc_row row-container boomapps_vcrow\" id=\"row-unique-0\"><div class=\"row no-top-padding no-bottom-padding no-h-padding full-width row-parent\" data-height-ratio=\"full\"><div class=\"wpb_row row-inner\"><div class=\"wpb_column pos-top pos-center align_center column_parent col-lg-12 boomapps_vccolumn single-internal-gutter\"><div class=\"uncol style-dark font-202503\"  ><div class=\"uncoltable\"><div class=\"uncell  boomapps_vccolumn no-block-padding\" ><div class=\"uncont\"><div id=\"index-138684\" class=\"isotope-system isotope-general-light grid-general-light add-kburns\" >\n\t\t\t\n\t\t\t\t\t\t<div class=\"isotope-wrapper grid-wrapper single-gutter\">\t\t\t\t\t\t<div class=\"isotope-container grid-container isotope-layout style-metro isotope-pagination grid-pagination\" data-type=\"metro\" data-layout=\"masonry\" data-lg=\"100\" data-md=\"100\" data-sm=\"100\" data-vp-height=\"1\">\t\t\t<div class=\"tmb atc-typography-inherit tmb-iso-w12 tmb-iso-h100 tmb-light tmb-text-showed tmb-overlay-showed tmb-overlay-text-reduced-2 tmb-overlay-center tmb-overlay-text-wide-sm tmb-overlay-middle tmb-overlay-text-center  grid-cat-296 grid-cat-1348 tmb-id-81170 tmb-media-first tmb-media-last tmb-content-overlay tmb-no-bg\" ><div class=\"t-inside\" ><div class=\"t-entry-visual\"><div class=\"t-entry-visual-tc\"><div class=\"t-entry-visual-cont\"><a tabindex=\"-1\" href=\"https:\/\/noisydigital.com\/fr_fr\/le-podcast-comme-strategie-marketing\/\" target=\"_self\" data-lb-index=\"0\"><div class=\"t-entry-visual-overlay\"><div class=\"t-entry-visual-overlay-in style-color-nhtu-bg\" style=\"opacity: 0.5;\"><\/div><\/div><div class=\"t-overlay-wrap\"><div class=\"t-overlay-inner\">\n\t\t\t\t\t\t\t\t\t\t\t\t\t\t<div class=\"t-overlay-content\">\n\t\t\t\t\t\t\t\t\t\t\t\t\t\t\t<div class=\"t-overlay-text double-block-padding\"><div class=\"t-entry\"><p class=\"t-entry-meta\"><span class=\"t-entry-date\">11 mars 2022<\/span><\/p><h3 class=\"t-entry-title font-762333 fontsize-338686 font-weight-800 fontheight-179065 fontspace-111509 title-scale\">Le Podcast comme Strat\u00e9gie Marketing<\/h3><div class=\"spacer spacer-one single-space\"><\/div><hr class=\"separator-reduced\" \/><p class=\"t-entry-comments entry-small\"><span class=\"extras\"><span class=\"extras-wrap\"><i class=\"fa fa-speech-bubble\"><\/i><span>0 Commentaire<\/span><\/span><span class=\"extras-wrap\"><i class=\"fa fa-watch\"><\/i><span>14 Minutes<\/span><\/span><\/span><\/p><div class=\"spacer spacer-two single-space\"><\/div><p class=\"t-entry-readmore btn-container\"><span class=\"btn btn-default btn-circle \">Lire la suite<\/span><\/p><\/div><\/div><\/div><\/div><\/div><div class=\"t-background-cover\" style=\"background-image:url('https:\/\/noisydigital.com\/wp-content\/uploads\/2022\/03\/le-podcast-comme-strategie-de-contenu.png')\"><\/div><\/a><\/div>\n\t\t\t\t\t<\/div>\n\t\t\t\t<\/div><\/div><\/div>\t\t<\/div>\n\t\n\n\t<\/div>\t\t\t<\/div>\n<\/div><\/div><\/div><\/div><\/div><script id=\"script-row-unique-0\" data-row=\"script-row-unique-0\" type=\"text\/javascript\" class=\"vc_controls\">UNCODE.initRow(document.getElementById(\"row-unique-0\"));<\/script><\/div><\/div><\/div><div data-parent=\"true\" class=\"vc_row row-container boomapps_vcrow\" id=\"row-unique-1\"><div class=\"row no-top-padding no-bottom-padding no-h-padding full-width row-parent\" data-height-ratio=\"full\"><div class=\"wpb_row row-inner\"><div class=\"wpb_column pos-top pos-center align_center column_parent col-lg-12 boomapps_vccolumn single-internal-gutter\"><div class=\"uncol style-dark font-202503\"  ><div class=\"uncoltable\"><div class=\"uncell  boomapps_vccolumn no-block-padding\" ><div class=\"uncont\"><div id=\"index-138684\" class=\"isotope-system isotope-general-light grid-general-light add-kburns\" >\n\t\t\t\n\t\t\t\t\t\t<div class=\"isotope-wrapper grid-wrapper single-gutter\">\t\t\t\t\t\t<div class=\"isotope-container grid-container isotope-layout style-metro isotope-pagination grid-pagination\" data-type=\"metro\" data-layout=\"masonry\" data-lg=\"100\" data-md=\"100\" data-sm=\"100\" data-vp-height=\"1\">\t\t\t<div class=\"tmb atc-typography-inherit tmb-iso-w12 tmb-iso-h100 tmb-light tmb-text-showed tmb-overlay-showed tmb-overlay-text-reduced-2 tmb-overlay-center tmb-overlay-text-wide-sm tmb-overlay-middle tmb-overlay-text-center  grid-cat-9 grid-cat-1349 tmb-id-81315 tmb-media-first tmb-media-last tmb-content-overlay tmb-no-bg\" ><div class=\"t-inside\" ><div class=\"t-entry-visual\"><div class=\"t-entry-visual-tc\"><div class=\"t-entry-visual-cont\"><a tabindex=\"-1\" href=\"https:\/\/noisydigital.com\/fr_fr\/metavers-cette-technologie-immersive-du-futur\/\" target=\"_self\" data-lb-index=\"0\"><div class=\"t-entry-visual-overlay\"><div class=\"t-entry-visual-overlay-in style-color-nhtu-bg\" style=\"opacity: 0.5;\"><\/div><\/div><div class=\"t-overlay-wrap\"><div class=\"t-overlay-inner\">\n\t\t\t\t\t\t\t\t\t\t\t\t\t\t<div class=\"t-overlay-content\">\n\t\t\t\t\t\t\t\t\t\t\t\t\t\t\t<div class=\"t-overlay-text double-block-padding\"><div class=\"t-entry\"><p class=\"t-entry-meta\"><span class=\"t-entry-date\">3 f\u00e9vrier 2022<\/span><\/p><h3 class=\"t-entry-title font-762333 fontsize-338686 font-weight-800 fontheight-179065 fontspace-111509 title-scale\">M\u00e9tavers, cette technologie immersive du futur<\/h3><div class=\"spacer spacer-one single-space\"><\/div><hr class=\"separator-reduced\" \/><p class=\"t-entry-comments entry-small\"><span class=\"extras\"><span class=\"extras-wrap\"><i class=\"fa fa-speech-bubble\"><\/i><span>0 Commentaire<\/span><\/span><span class=\"extras-wrap\"><i class=\"fa fa-watch\"><\/i><span>8 Minutes<\/span><\/span><\/span><\/p><div class=\"spacer spacer-two single-space\"><\/div><p class=\"t-entry-readmore btn-container\"><span class=\"btn btn-default btn-circle \">Lire la suite<\/span><\/p><\/div><\/div><\/div><\/div><\/div><div class=\"t-background-cover\" style=\"background-image:url('https:\/\/noisydigital.com\/wp-content\/uploads\/2022\/02\/Metaverse-technologie-immersive-du-futur-noisy-digital.jpg')\"><\/div><\/a><\/div>\n\t\t\t\t\t<\/div>\n\t\t\t\t<\/div><\/div><\/div>\t\t<\/div>\n\t\n\n\t<\/div>\t\t\t<\/div>\n<\/div><\/div><\/div><\/div><\/div><script id=\"script-row-unique-1\" data-row=\"script-row-unique-1\" type=\"text\/javascript\" class=\"vc_controls\">UNCODE.initRow(document.getElementById(\"row-unique-1\"));<\/script><\/div><\/div><\/div><div data-parent=\"true\" class=\"vc_row row-container boomapps_vcrow\" id=\"row-unique-2\"><div class=\"row no-top-padding no-bottom-padding no-h-padding full-width row-parent\" data-height-ratio=\"full\"><div class=\"wpb_row row-inner\"><div class=\"wpb_column pos-top pos-center align_center column_parent col-lg-12 boomapps_vccolumn single-internal-gutter\"><div class=\"uncol style-dark font-202503\"  ><div class=\"uncoltable\"><div class=\"uncell  boomapps_vccolumn no-block-padding\" ><div class=\"uncont\"><div id=\"index-138684\" class=\"isotope-system isotope-general-light grid-general-light add-kburns\" >\n\t\t\t\n\t\t\t\t\t\t<div class=\"isotope-wrapper grid-wrapper single-gutter\">\t\t\t\t\t\t<div class=\"isotope-container grid-container isotope-layout style-metro isotope-pagination grid-pagination\" data-type=\"metro\" data-layout=\"masonry\" data-lg=\"100\" data-md=\"100\" data-sm=\"100\" data-vp-height=\"1\">\t\t\t<div class=\"tmb atc-typography-inherit tmb-iso-w12 tmb-iso-h100 tmb-light tmb-text-showed tmb-overlay-showed tmb-overlay-text-reduced-2 tmb-overlay-center tmb-overlay-text-wide-sm tmb-overlay-middle tmb-overlay-text-center  grid-cat-9 grid-cat-296 tmb-id-81114 tmb-media-first tmb-media-last tmb-content-overlay tmb-no-bg\" ><div class=\"t-inside\" ><div class=\"t-entry-visual\"><div class=\"t-entry-visual-tc\"><div class=\"t-entry-visual-cont\"><a tabindex=\"-1\" href=\"https:\/\/noisydigital.com\/fr_fr\/les-chiffres-du-numerique-en-2021-au-senegal\/\" target=\"_self\" data-lb-index=\"0\"><div class=\"t-entry-visual-overlay\"><div class=\"t-entry-visual-overlay-in style-color-nhtu-bg\" style=\"opacity: 0.5;\"><\/div><\/div><div class=\"t-overlay-wrap\"><div class=\"t-overlay-inner\">\n\t\t\t\t\t\t\t\t\t\t\t\t\t\t<div class=\"t-overlay-content\">\n\t\t\t\t\t\t\t\t\t\t\t\t\t\t\t<div class=\"t-overlay-text double-block-padding\"><div class=\"t-entry\"><p class=\"t-entry-meta\"><span class=\"t-entry-date\">18 f\u00e9vrier 2021<\/span><\/p><h3 class=\"t-entry-title font-762333 fontsize-338686 font-weight-800 fontheight-179065 fontspace-111509 title-scale\">Le Num\u00e9rique au S\u00e9n\u00e9gal, les chiffres en 2021<\/h3><div class=\"spacer spacer-one single-space\"><\/div><hr class=\"separator-reduced\" \/><p class=\"t-entry-comments entry-small\"><span class=\"extras\"><span class=\"extras-wrap\"><i class=\"fa fa-speech-bubble\"><\/i><span>0 Commentaire<\/span><\/span><span class=\"extras-wrap\"><i class=\"fa fa-watch\"><\/i><span>11 Minutes<\/span><\/span><\/span><\/p><div class=\"spacer spacer-two single-space\"><\/div><p class=\"t-entry-readmore btn-container\"><span class=\"btn btn-default btn-circle \">Lire la suite<\/span><\/p><\/div><\/div><\/div><\/div><\/div><div class=\"t-background-cover\" style=\"background-image:url('https:\/\/noisydigital.com\/wp-content\/uploads\/2021\/02\/noisy-article.jpg')\"><\/div><\/a><\/div>\n\t\t\t\t\t<\/div>\n\t\t\t\t<\/div><\/div><\/div>\t\t<\/div>\n\t\n\n\t<\/div>\t\t\t<\/div>\n<\/div><\/div><\/div><\/div><\/div><script id=\"script-row-unique-2\" data-row=\"script-row-unique-2\" type=\"text\/javascript\" class=\"vc_controls\">UNCODE.initRow(document.getElementById(\"row-unique-2\"));<\/script><\/div><\/div><\/div><div data-parent=\"true\" class=\"vc_row row-container boomapps_vcrow\" id=\"row-unique-3\"><div class=\"row no-top-padding no-bottom-padding no-h-padding full-width row-parent\" data-height-ratio=\"full\"><div class=\"wpb_row row-inner\"><div class=\"wpb_column pos-top pos-center align_center column_parent col-lg-12 boomapps_vccolumn single-internal-gutter\"><div class=\"uncol style-dark font-202503\"  ><div class=\"uncoltable\"><div class=\"uncell  boomapps_vccolumn no-block-padding\" ><div class=\"uncont\"><div id=\"index-138684\" class=\"isotope-system isotope-general-light grid-general-light\" >\n\t\t\t\n\t\t\t\t\t\t<div class=\"isotope-wrapper grid-wrapper no-gutter\">\t\t\t\t\t\t<div class=\"isotope-container grid-container isotope-layout style-metro isotope-pagination grid-pagination\" data-type=\"metro\" data-layout=\"masonry\" data-lg=\"1000\" data-md=\"600\" data-sm=\"480\" data-vp-height=\"1\">\t\t\t<div class=\"tmb atc-typography-inherit tmb-iso-w6 tmb-iso-h50 tmb-light tmb-text-showed tmb-overlay-showed tmb-overlay-middle tmb-overlay-text-center tmb-image-anim  grid-cat-9 tmb-id-81090 tmb-media-first tmb-media-last tmb-content-overlay tmb-no-bg\" ><div class=\"t-inside\" ><div class=\"t-entry-visual\"><div class=\"t-entry-visual-tc\"><div class=\"t-entry-visual-cont\"><a tabindex=\"-1\" href=\"https:\/\/noisydigital.com\/fr_fr\/twitter-certifier-un-compte-cest-facile-en-2021\/\" target=\"_self\" data-lb-index=\"0\"><div class=\"t-entry-visual-overlay\"><div class=\"t-entry-visual-overlay-in style-color-nhtu-bg\" style=\"opacity: 0.5;\"><\/div><\/div><div class=\"t-overlay-wrap\"><div class=\"t-overlay-inner\">\n\t\t\t\t\t\t\t\t\t\t\t\t\t\t<div class=\"t-overlay-content\">\n\t\t\t\t\t\t\t\t\t\t\t\t\t\t\t<div class=\"t-overlay-text quad-block-padding\"><div class=\"t-entry\"><p class=\"t-entry-meta\"><span class=\"t-entry-date\">6 janvier 2021<\/span><\/p><h3 class=\"t-entry-title font-762333 h2 font-weight-800 fontheight-179065 fontspace-111509 title-scale\">Twitter : Certifier son compte Twitter, c&rsquo;est facile en 2021<\/h3><hr class=\"separator-reduced\" \/><p class=\"t-entry-comments entry-small\"><span class=\"extras\"><span class=\"extras-wrap\"><i class=\"fa fa-speech-bubble\"><\/i><span>0 Commentaire<\/span><\/span><span class=\"extras-wrap\"><i class=\"fa fa-watch\"><\/i><span>2 Minutes<\/span><\/span><\/span><\/p><\/div><\/div><\/div><\/div><\/div><div class=\"t-background-cover\" style=\"background-image:url('https:\/\/noisydigital.com\/wp-content\/uploads\/2021\/01\/telechargement.jpg')\"><\/div><\/a><\/div>\n\t\t\t\t\t<\/div>\n\t\t\t\t<\/div><\/div><\/div><div class=\"tmb atc-typography-inherit tmb-iso-w6 tmb-iso-h50 tmb-light tmb-text-showed tmb-overlay-showed tmb-overlay-middle tmb-overlay-text-center tmb-image-anim  grid-cat-1 tmb-id-81067 tmb-media-first tmb-media-last tmb-content-overlay tmb-no-bg\" ><div class=\"t-inside\" ><div class=\"t-entry-visual\"><div class=\"t-entry-visual-tc\"><div class=\"t-entry-visual-cont\"><a tabindex=\"-1\" href=\"https:\/\/noisydigital.com\/fr_fr\/covid-19-la-technologie-au-secours-des-competitions-sportives\/\" target=\"_self\" data-lb-index=\"1\"><div class=\"t-entry-visual-overlay\"><div class=\"t-entry-visual-overlay-in style-color-nhtu-bg\" style=\"opacity: 0.5;\"><\/div><\/div><div class=\"t-overlay-wrap\"><div class=\"t-overlay-inner\">\n\t\t\t\t\t\t\t\t\t\t\t\t\t\t<div class=\"t-overlay-content\">\n\t\t\t\t\t\t\t\t\t\t\t\t\t\t\t<div class=\"t-overlay-text quad-block-padding\"><div class=\"t-entry\"><p class=\"t-entry-meta\"><span class=\"t-entry-date\">29 d\u00e9cembre 2020<\/span><\/p><h3 class=\"t-entry-title font-762333 h2 font-weight-800 fontheight-179065 fontspace-111509 title-scale\">COVID-19 : la technologie au secours des comp\u00e9titions sportives<\/h3><hr class=\"separator-reduced\" \/><p class=\"t-entry-comments entry-small\"><span class=\"extras\"><span class=\"extras-wrap\"><i class=\"fa fa-speech-bubble\"><\/i><span>0 Commentaire<\/span><\/span><span class=\"extras-wrap\"><i class=\"fa fa-watch\"><\/i><span>2 Minutes<\/span><\/span><\/span><\/p><\/div><\/div><\/div><\/div><\/div><div class=\"t-background-cover\" style=\"background-image:url('https:\/\/noisydigital.com\/wp-content\/uploads\/2020\/12\/foot-covid.jpg')\"><\/div><\/a><\/div>\n\t\t\t\t\t<\/div>\n\t\t\t\t<\/div><\/div><\/div><div class=\"tmb atc-typography-inherit tmb-iso-w6 tmb-iso-h50 tmb-light tmb-text-showed tmb-overlay-showed tmb-overlay-middle tmb-overlay-text-center tmb-image-anim  grid-cat-1 tmb-id-81052 tmb-media-first tmb-media-last tmb-content-overlay tmb-no-bg\" ><div class=\"t-inside\" ><div class=\"t-entry-visual\"><div class=\"t-entry-visual-tc\"><div class=\"t-entry-visual-cont\"><a tabindex=\"-1\" href=\"https:\/\/noisydigital.com\/fr_fr\/twitter-des-tweets-sur-snapchat-et-instagram\/\" target=\"_self\" data-lb-index=\"2\"><div class=\"t-entry-visual-overlay\"><div class=\"t-entry-visual-overlay-in style-color-nhtu-bg\" style=\"opacity: 0.5;\"><\/div><\/div><div class=\"t-overlay-wrap\"><div class=\"t-overlay-inner\">\n\t\t\t\t\t\t\t\t\t\t\t\t\t\t<div class=\"t-overlay-content\">\n\t\t\t\t\t\t\t\t\t\t\t\t\t\t\t<div class=\"t-overlay-text quad-block-padding\"><div class=\"t-entry\"><p class=\"t-entry-meta\"><span class=\"t-entry-date\">22 d\u00e9cembre 2020<\/span><\/p><h3 class=\"t-entry-title font-762333 h2 font-weight-800 fontheight-179065 fontspace-111509 title-scale\">Twitter : des tweets sur Snapchat et Instagram<\/h3><hr class=\"separator-reduced\" \/><p class=\"t-entry-comments entry-small\"><span class=\"extras\"><span class=\"extras-wrap\"><i class=\"fa fa-speech-bubble\"><\/i><span>0 Commentaire<\/span><\/span><span class=\"extras-wrap\"><i class=\"fa fa-watch\"><\/i><span>1 Minutes<\/span><\/span><\/span><\/p><\/div><\/div><\/div><\/div><\/div><div class=\"t-background-cover\" style=\"background-image:url('https:\/\/noisydigital.com\/wp-content\/uploads\/2020\/12\/dims.jpeg')\"><\/div><\/a><\/div>\n\t\t\t\t\t<\/div>\n\t\t\t\t<\/div><\/div><\/div><div class=\"tmb atc-typography-inherit tmb-iso-w6 tmb-iso-h50 tmb-light tmb-text-showed tmb-overlay-showed tmb-overlay-middle tmb-overlay-text-center tmb-image-anim  grid-cat-9 tmb-id-81045 tmb-media-first tmb-media-last tmb-content-overlay tmb-no-bg\" ><div class=\"t-inside\" ><div class=\"t-entry-visual\"><div class=\"t-entry-visual-tc\"><div class=\"t-entry-visual-cont\"><a tabindex=\"-1\" href=\"https:\/\/noisydigital.com\/fr_fr\/tiktok-devant-facebook\/\" target=\"_self\" data-lb-index=\"3\"><div class=\"t-entry-visual-overlay\"><div class=\"t-entry-visual-overlay-in style-color-nhtu-bg\" style=\"opacity: 0.5;\"><\/div><\/div><div class=\"t-overlay-wrap\"><div class=\"t-overlay-inner\">\n\t\t\t\t\t\t\t\t\t\t\t\t\t\t<div class=\"t-overlay-content\">\n\t\t\t\t\t\t\t\t\t\t\t\t\t\t\t<div class=\"t-overlay-text quad-block-padding\"><div class=\"t-entry\"><p class=\"t-entry-meta\"><span class=\"t-entry-date\">21 d\u00e9cembre 2020<\/span><\/p><h3 class=\"t-entry-title font-762333 h2 font-weight-800 fontheight-179065 fontspace-111509 title-scale\">Tiktok, l&rsquo;application la plus t\u00e9l\u00e9charg\u00e9e de 2020 devant Facebook<\/h3><hr class=\"separator-reduced\" \/><p class=\"t-entry-comments entry-small\"><span class=\"extras\"><span class=\"extras-wrap\"><i class=\"fa fa-speech-bubble\"><\/i><span>0 Commentaire<\/span><\/span><span class=\"extras-wrap\"><i class=\"fa fa-watch\"><\/i><span>1 Minutes<\/span><\/span><\/span><\/p><\/div><\/div><\/div><\/div><\/div><div class=\"t-background-cover\" style=\"background-image:url('https:\/\/noisydigital.com\/wp-content\/uploads\/2020\/12\/Tiktok.jpg')\"><\/div><\/a><\/div>\n\t\t\t\t\t<\/div>\n\t\t\t\t<\/div><\/div><\/div>\t\t<\/div>\n\t\n\n\t<\/div>\t\t\t<\/div>\n<\/div><\/div><\/div><\/div><\/div><script id=\"script-row-unique-3\" data-row=\"script-row-unique-3\" type=\"text\/javascript\" class=\"vc_controls\">UNCODE.initRow(document.getElementById(\"row-unique-3\"));<\/script><\/div><\/div><\/div>\n<\/div>","protected":false},"excerpt":{"rendered":"TikTok devient en 2020 l'application la plus t\u00e9l\u00e9charg\u00e9e de l'ann\u00e9e devant Facebook et WhatsApp. Le r\u00e9seau social chinois se fait [...]","protected":false},"author":1,"featured_media":78576,"parent":43938,"menu_order":0,"comment_status":"closed","ping_status":"closed","template":"","meta":{"bgseo_title":"","bgseo_description":"","bgseo_robots_index":"","bgseo_robots_follow":"","footnotes":""},"class_list":["post-65986","page","type-page","status-publish","has-post-thumbnail","hentry","page_category-demo-blog"],"aioseo_notices":[],"_links":{"self":[{"href":"https:\/\/noisydigital.com\/fr_fr\/wp-json\/wp\/v2\/pages\/65986","targetHints":{"allow":["GET"]}}],"collection":[{"href":"https:\/\/noisydigital.com\/fr_fr\/wp-json\/wp\/v2\/pages"}],"about":[{"href":"https:\/\/noisydigital.com\/fr_fr\/wp-json\/wp\/v2\/types\/page"}],"author":[{"embeddable":true,"href":"https:\/\/noisydigital.com\/fr_fr\/wp-json\/wp\/v2\/users\/1"}],"replies":[{"embeddable":true,"href":"https:\/\/noisydigital.com\/fr_fr\/wp-json\/wp\/v2\/comments?post=65986"}],"version-history":[{"count":0,"href":"https:\/\/noisydigital.com\/fr_fr\/wp-json\/wp\/v2\/pages\/65986\/revisions"}],"up":[{"embeddable":true,"href":"https:\/\/noisydigital.com\/fr_fr\/wp-json\/wp\/v2\/pages\/43938"}],"wp:featuredmedia":[{"embeddable":true,"href":"https:\/\/noisydigital.com\/fr_fr\/wp-json\/wp\/v2\/media\/78576"}],"wp:attachment":[{"href":"https:\/\/noisydigital.com\/fr_fr\/wp-json\/wp\/v2\/media?parent=65986"}],"curies":[{"name":"wp","href":"https:\/\/api.w.org\/{rel}","templated":true}]}}