{"id":63907,"date":"2017-06-12T12:07:42","date_gmt":"2017-06-12T10:07:42","guid":{"rendered":"https:\/\/undsgn.com\/uncode\/?page_id=63907"},"modified":"2024-05-13T13:31:00","modified_gmt":"2024-05-13T13:31:00","slug":"marketingdigital","status":"publish","type":"page","link":"https:\/\/noisydigital.com\/fr_fr\/marketingdigital\/","title":{"rendered":"Marketing Digital"},"content":{"rendered":"<div class=\"wpb-content-wrapper\"><div data-parent=\"true\" class=\"vc_row row-container boomapps_vcrow\" id=\"row-unique-0\"><div class=\"row triple-top-padding no-bottom-padding one-h-padding limit-width row-parent\"><div class=\"wpb_row row-inner\"><div class=\"wpb_column pos-top pos-center align_center column_parent col-lg-12 boomapps_vccolumn single-internal-gutter\"><div class=\"uncol style-light\"  ><div class=\"uncoltable\"><div class=\"uncell  boomapps_vccolumn\" ><div class=\"uncont no-block-padding col-custom-width\" style=\"max-width:900px;\"><div class=\"vc_custom_heading_wrap \"><div class=\"heading-text el-text\" ><h4 class=\"h4\" ><span>R\u00e9ussir sa transformation digitale passe par la production de contenu de qualit\u00e9.<\/p><\/span><span><p>NOISY DIGITAL op\u00e8re un lifting complet de votre image et l&rsquo;adapte aux r\u00e9seaux sociaux.<\/span><\/h4><\/div><div class=\"clear\"><\/div><\/div><\/div><\/div><\/div><\/div><\/div><script id=\"script-row-unique-0\" data-row=\"script-row-unique-0\" type=\"text\/javascript\" class=\"vc_controls\">UNCODE.initRow(document.getElementById(\"row-unique-0\"));<\/script><\/div><\/div><\/div><div data-parent=\"true\" class=\"vc_row row-container boomapps_vcrow\" id=\"row-unique-1\"><div class=\"row unequal col-no-gutter quad-top-padding no-bottom-padding single-h-padding limit-width row-parent\"><div class=\"wpb_row row-inner\"><div class=\"wpb_column pos-top pos-center align_center column_parent col-lg-4 boomapps_vccolumn col-md-33 single-internal-gutter\"><div class=\"uncol style-light\"  ><div class=\"uncoltable\"><div class=\"uncell  vc_custom_1495111159707 boomapps_vccolumn border-color-gyho-color double-block-padding\" style=\"border-style: solid;border-right-width: 1px ;\" ><div class=\"uncont\"><div class=\"animate_when_almost_visible left-t-right icon-box icon-box-top\" ><div class=\"icon-box-icon fa-container\"><span class=\"text-color-632047-color btn-disable-hover\"><i class=\"fa fa-wechat fa-3x fa-fw\"><\/i><\/span><\/div><div class=\"icon-box-content\"><div class=\"icon-box-heading icon-box-fa-3x\"><h3 class=\"h4\">Social media management<\/h3><\/div><p class=\"text-lead\">Cr\u00e9er, programmer, analyser et engager la communaut\u00e9 \u00e0 travers le contenu publi\u00e9 sur les r\u00e9seaux sociaux.Une \u00e9quipe d\u2019experts pr\u00e9sente pour la gestion de vos pages, l\u2019\u00e9laboration de strat\u00e9gies efficaces afin d&rsquo;atteindre les objectifs de marketing sur le long terme et la gestion des diff\u00e9rentes int\u00e9ractions avec votre communaut\u00e9. Nous nous occupons de tout!<\/p>\n<\/div><\/div><\/div><\/div><\/div><\/div><\/div><div class=\"wpb_column pos-top pos-center align_center column_parent col-lg-4 boomapps_vccolumn col-md-33 single-internal-gutter\"><div class=\"uncol style-light\"  ><div class=\"uncoltable\"><div class=\"uncell  vc_custom_1495111165050 boomapps_vccolumn border-color-gyho-color double-block-padding\" style=\"border-style: solid;border-right-width: 1px ;\" ><div class=\"uncont\"><div class=\"animate_when_almost_visible top-t-bottom icon-box icon-box-top\" ><div class=\"icon-box-icon fa-container\"><span class=\"text-color-632047-color btn-disable-hover\"><i class=\"fa fa-envelope-o fa-3x fa-fw\"><\/i><\/span><\/div><div class=\"icon-box-content\"><div class=\"icon-box-heading icon-box-fa-3x\"><h3 class=\"h4\">Email Marketing<\/h3><\/div><p class=\"text-lead\">Notre expertise en cr\u00e9ation et campagne d\u2019emailing nous permet une gestion 360 des campagnes visant \u00e0 atteindre vos objectifs de marketing. Ceci incluant le d\u00e9veloppement complet d&rsquo;une strat\u00e9gie d&#8217;email marketing jusqu&rsquo;\u00e0 sa mise en \u0153uvre en passant par, l\u2019\u00e9tablissement de listes, la segmentation des contacts, la conception graphique et l&rsquo;analyse de rapports.<\/p>\n<\/div><\/div><\/div><\/div><\/div><\/div><\/div><div class=\"wpb_column pos-top pos-center align_center column_parent col-lg-4 boomapps_vccolumn col-md-33 single-internal-gutter\"><div class=\"uncol style-light\"  ><div class=\"uncoltable\"><div class=\"uncell  boomapps_vccolumn double-block-padding\" ><div class=\"uncont\"><div class=\"animate_when_almost_visible right-t-left icon-box icon-box-top\" ><div class=\"icon-box-icon fa-container\"><span class=\"text-color-632047-color btn-disable-hover\"><i class=\"fa fa-zoom-outline fa-3x fa-fw\"><\/i><\/span><\/div><div class=\"icon-box-content\"><div class=\"icon-box-heading icon-box-fa-3x\"><h3 class=\"h4\">R\u00e9f\u00e9rencement<\/h3><\/div><p class=\"text-lead\">Noisy Digital est le partenaire id\u00e9al pour les entreprises dont le succ\u00e8s se d\u00e9finit par une visibilit\u00e9 SEO optimale.Nous offrons un audit approfondi, des optimisations techniques \u00e0 fort impact, et une strat\u00e9gie \u00e9ditoriale compl\u00e8te n\u00e9cessaire pour g\u00e9n\u00e9rer, du trafic, des leads et des ventes, constamment.<\/p>\n<\/div><\/div><\/div><\/div><\/div><\/div><\/div><script id=\"script-row-unique-1\" data-row=\"script-row-unique-1\" type=\"text\/javascript\" class=\"vc_controls\">UNCODE.initRow(document.getElementById(\"row-unique-1\"));<\/script><\/div><\/div><\/div><div data-parent=\"true\" class=\"vc_row row-container tablet-hidden mobile-hidden boomapps_vcrow\" id=\"row-unique-2\"><div class=\"row no-top-padding no-bottom-padding no-h-padding limit-width row-parent\"><div class=\"wpb_row row-inner\"><div class=\"wpb_column pos-top pos-center align_left column_parent col-lg-12 boomapps_vccolumn single-internal-gutter\"><div class=\"uncol style-light\"  ><div class=\"uncoltable\"><div class=\"uncell  boomapps_vccolumn no-block-padding\" ><div class=\"uncont\"><div class=\"divider-wrapper \"  >\n    <hr class=\"border-,Default-color separator-no-padding\"  \/>\n<\/div>\n<\/div><\/div><\/div><\/div><\/div><script id=\"script-row-unique-2\" data-row=\"script-row-unique-2\" type=\"text\/javascript\" class=\"vc_controls\">UNCODE.initRow(document.getElementById(\"row-unique-2\"));<\/script><\/div><\/div><\/div><div data-parent=\"true\" class=\"vc_row row-container boomapps_vcrow\" id=\"row-unique-3\"><div class=\"row unequal col-no-gutter no-top-padding quad-bottom-padding single-h-padding limit-width row-parent\"><div class=\"wpb_row row-inner\"><div class=\"wpb_column pos-top pos-center align_center column_parent col-lg-4 boomapps_vccolumn col-md-33 single-internal-gutter\"><div class=\"uncol style-light\"  ><div class=\"uncoltable\"><div class=\"uncell  vc_custom_1495111176624 boomapps_vccolumn border-color-gyho-color double-block-padding\" style=\"border-style: solid;border-right-width: 1px ;\" ><div class=\"uncont\"><div class=\"animate_when_almost_visible left-t-right icon-box icon-box-top\" ><div class=\"icon-box-icon fa-container\"><span class=\"text-color-632047-color btn-disable-hover\"><i class=\"fa fa-google fa-3x fa-fw\"><\/i><\/span><\/div><div class=\"icon-box-content\"><div class=\"icon-box-heading icon-box-fa-3x\"><h3 class=\"h4\">Google Ads<\/h3><\/div><p class=\"text-lead\">Notre exp\u00e9rience av\u00e9r\u00e9e du digital nous permet de vous mettre en place des campagnes publicitaires efficientes. Si vous cherchez \u00e0 optimiser votre compte Google Ads, ou si vous souhaitez en cr\u00e9er un \u00e0 partir de n\u00e9ant, nous avons la solution ! Nous vous conseillons un budget id\u00e9al pour vos campagnes et suivons minutieusement son utilisation.<\/p>\n<\/div><\/div><\/div><\/div><\/div><\/div><\/div><div class=\"wpb_column pos-top pos-center align_center column_parent col-lg-4 boomapps_vccolumn col-md-33 single-internal-gutter\"><div class=\"uncol style-light\"  ><div class=\"uncoltable\"><div class=\"uncell  vc_custom_1495111181688 boomapps_vccolumn border-color-gyho-color double-block-padding\" style=\"border-style: solid;border-right-width: 1px ;\" ><div class=\"uncont\"><div class=\"animate_when_almost_visible bottom-t-top icon-box icon-box-top\" ><div class=\"icon-box-icon fa-container\"><span class=\"text-color-632047-color btn-disable-hover\"><i class=\"fa fa-star fa-3x fa-fw\"><\/i><\/span><\/div><div class=\"icon-box-content\"><div class=\"icon-box-heading icon-box-fa-3x\"><h3 class=\"h4\">Marketing d'Influence<\/h3><\/div><p class=\"text-lead\">Nous avons acc\u00e8s \u00e0 un vaste r\u00e9seau d&rsquo;influenceurs, de blogueurs pertinents mais \u00e9galement de c\u00e9l\u00e9brit\u00e9s qui peuvent promouvoir vos produits, services, contenus et autres \u00e0 travers la toile. Notre \u00e9quipe adopte ensuite une approche impartiale pour examiner et s\u00e9lectionner ceux qui conviennent le mieux \u00e0 nos clients en tenant \u00e0 maintenir la r\u00e9putation de la marque tout en cr\u00e9ant un buzz positif impactant ainsi sur votre visibilit\u00e9 et vos ventes.<\/p>\n<\/div><\/div><\/div><\/div><\/div><\/div><\/div><div class=\"wpb_column pos-top pos-center align_center column_parent col-lg-4 boomapps_vccolumn col-md-33 single-internal-gutter\"><div class=\"uncol style-light\"  ><div class=\"uncoltable\"><div class=\"uncell  boomapps_vccolumn double-block-padding\" ><div class=\"uncont\"><div class=\"animate_when_almost_visible right-t-left icon-box icon-box-top\" ><div class=\"icon-box-icon fa-container\"><span class=\"text-color-632047-color btn-disable-hover\"><i class=\"fa fa-pen fa-3x fa-fw\"><\/i><\/span><\/div><div class=\"icon-box-content\"><div class=\"icon-box-heading icon-box-fa-3x\"><h3 class=\"h4\">Inbound Marketing<\/h3><\/div><p class=\"text-lead\">Nous utilisons l&rsquo;Inbound Marketing dans le but d&rsquo;attirer la cible exacte de vos prospects. Pour ce faire, nous menons une strat\u00e9gie ax\u00e9e sur l&rsquo;augmentation du trafic vers la page Web, l\u2019E-commerce, ainsi de suite. Nous proposons ce service \u00e0 nos clients afin que l\u2019on puisse, ensemble, identifier les meilleures actions \u00e0 mettre en place et obtenir une performance sans faille dans leur business gr\u00e2ce \u00e0 leur communication en ligne.<\/p>\n<\/div><\/div><\/div><\/div><\/div><\/div><\/div><script id=\"script-row-unique-3\" data-row=\"script-row-unique-3\" type=\"text\/javascript\" class=\"vc_controls\">UNCODE.initRow(document.getElementById(\"row-unique-3\"));<\/script><\/div><\/div><\/div><div data-parent=\"true\" class=\"vc_row style-color-wayh-bg row-container boomapps_vcrow\" id=\"row-unique-4\"><div class=\"row one-top-padding no-bottom-padding no-h-padding full-width row-parent\" style=\"max-width:804px; margin-left:auto; margin-right:auto;\"><div class=\"wpb_row row-inner\"><div class=\"wpb_column pos-top pos-center align_center column_parent col-lg-4 boomapps_vccolumn single-internal-gutter\"><div class=\"uncol style-light\"  ><div class=\"uncoltable\"><div class=\"uncell  boomapps_vccolumn no-block-padding\" ><div class=\"uncont\"><\/div><\/div><\/div><\/div><\/div><div class=\"wpb_column pos-top pos-center align_left column_parent col-lg-4 boomapps_vccolumn single-internal-gutter\"><div class=\"uncol style-light\"  ><div class=\"uncoltable\"><div class=\"uncell  boomapps_vccolumn no-block-padding\" ><div class=\"uncont\">\n\t<div class=\"wpb_raw_code wpb_raw_html \" >\n\t\t<div class=\"wpb_wrapper\">\n\t\t\t<div data-tf-live=\"01HHM9B1ADP08W2Q2EDYMGN43F\"><\/div><script src=\"\/\/embed.typeform.com\/next\/embed.js\"><\/script>\n\t\t<\/div>\n\t<\/div>\n<\/div><\/div><\/div><\/div><\/div><div class=\"wpb_column pos-top pos-center align_left column_parent col-lg-4 boomapps_vccolumn single-internal-gutter\"><div class=\"uncol style-light\"  ><div class=\"uncoltable\"><div class=\"uncell  boomapps_vccolumn no-block-padding\" ><div class=\"uncont\"><\/div><\/div><\/div><\/div><\/div><script id=\"script-row-unique-4\" data-row=\"script-row-unique-4\" type=\"text\/javascript\" class=\"vc_controls\">UNCODE.initRow(document.getElementById(\"row-unique-4\"));<\/script><\/div><\/div><\/div><div data-parent=\"true\" class=\"vc_row row-container boomapps_vcrow\" id=\"row-unique-5\"><div class=\"row col-no-gutter no-top-padding no-bottom-padding no-h-padding full-width row-parent\"><div class=\"wpb_row row-inner\"><script id=\"script-row-unique-5\" data-row=\"script-row-unique-5\" type=\"text\/javascript\" class=\"vc_controls\">UNCODE.initRow(document.getElementById(\"row-unique-5\"));<\/script><\/div><\/div><\/div><div data-parent=\"true\" class=\"vc_row row-container boomapps_vcrow\" id=\"row-unique-6\"><div class=\"row unequal col-no-gutter no-top-padding no-bottom-padding no-h-padding full-width row-parent\"><div class=\"wpb_row row-inner\"><script id=\"script-row-unique-6\" data-row=\"script-row-unique-6\" type=\"text\/javascript\" class=\"vc_controls\">UNCODE.initRow(document.getElementById(\"row-unique-6\"));<\/script><\/div><\/div><\/div>\n<\/div>","protected":false},"excerpt":{"rendered":"<p>Enjoy the lateral thumb layout with fully customisable design.<\/p>\n","protected":false},"author":1,"featured_media":79998,"parent":0,"menu_order":0,"comment_status":"closed","ping_status":"closed","template":"","meta":{"bgseo_title":"","bgseo_description":"","bgseo_robots_index":"index","bgseo_robots_follow":"follow","footnotes":""},"class_list":["post-63907","page","type-page","status-publish","has-post-thumbnail","hentry"],"aioseo_notices":[],"_links":{"self":[{"href":"https:\/\/noisydigital.com\/fr_fr\/wp-json\/wp\/v2\/pages\/63907","targetHints":{"allow":["GET"]}}],"collection":[{"href":"https:\/\/noisydigital.com\/fr_fr\/wp-json\/wp\/v2\/pages"}],"about":[{"href":"https:\/\/noisydigital.com\/fr_fr\/wp-json\/wp\/v2\/types\/page"}],"author":[{"embeddable":true,"href":"https:\/\/noisydigital.com\/fr_fr\/wp-json\/wp\/v2\/users\/1"}],"replies":[{"embeddable":true,"href":"https:\/\/noisydigital.com\/fr_fr\/wp-json\/wp\/v2\/comments?post=63907"}],"version-history":[{"count":4,"href":"https:\/\/noisydigital.com\/fr_fr\/wp-json\/wp\/v2\/pages\/63907\/revisions"}],"predecessor-version":[{"id":81717,"href":"https:\/\/noisydigital.com\/fr_fr\/wp-json\/wp\/v2\/pages\/63907\/revisions\/81717"}],"wp:featuredmedia":[{"embeddable":true,"href":"https:\/\/noisydigital.com\/fr_fr\/wp-json\/wp\/v2\/media\/79998"}],"wp:attachment":[{"href":"https:\/\/noisydigital.com\/fr_fr\/wp-json\/wp\/v2\/media?parent=63907"}],"curies":[{"name":"wp","href":"https:\/\/api.w.org\/{rel}","templated":true}]}}