{"id":54954,"date":"2017-03-31T16:04:14","date_gmt":"2017-03-31T14:04:14","guid":{"rendered":"https:\/\/undsgn.com\/uncode\/?page_id=54954"},"modified":"2017-03-31T16:04:14","modified_gmt":"2017-03-31T14:04:14","slug":"creative-department","status":"publish","type":"page","link":"https:\/\/noisydigital.com\/fr_fr\/homepages\/creative-department\/","title":{"rendered":"Creative Department"},"content":{"rendered":"<div class=\"wpb-content-wrapper\"><div data-parent=\"true\" class=\"vc_row style-color-lxmt-bg row-container onepage-section boomapps_vcrow\" data-label=\"The Team\" data-name=\"the-team\" id=\"row-unique-0\"><div class=\"row quad-top-padding quad-bottom-padding single-h-padding limit-width row-parent\"><div class=\"wpb_row row-inner\"><div class=\"wpb_column pos-top pos-center align_left column_parent col-lg-12 boomapps_vccolumn double-internal-gutter\"><div class=\"uncol style-light\"  ><div class=\"uncoltable\"><div class=\"uncell  boomapps_vccolumn no-block-padding\" ><div class=\"uncont\"><div class=\"vc_row row-internal row-container boomapps_vcrow\"><div class=\"row row-child\"><div class=\"wpb_row row-inner\"><div class=\"wpb_column pos-top pos-center align_center column_child col-lg-12 boomapps_vccolumn single-internal-gutter\"><div class=\"uncol style-light\" ><div class=\"uncoltable\"><div class=\"uncell  boomapps_vccolumn no-block-padding\" ><div class=\"uncont\"><div class=\"vc_custom_heading_wrap \"><div class=\"heading-text el-text\" ><h2 class=\"font-762333 h1 fontspace-781688 font-weight-700 text-uppercase\" ><span>Our\u00a0team<\/span><\/h2><hr class=\"separator-break separator-accent\" \/><\/div><div class=\"clear\"><\/div><\/div><\/div><\/div><\/div><\/div><\/div><\/div><\/div><\/div><div class=\"vc_row row-internal row-container boomapps_vcrow\"><div class=\"row unequal col-no-gutter row-child\"><div class=\"wpb_row row-inner\"><div class=\"wpb_column pos-top pos-center align_center column_child col-lg-3 boomapps_vccolumn col-md-25 col-sm-50 half-internal-gutter\"><div class=\"uncol style-light\" ><div class=\"uncoltable\"><div class=\"uncell  vc_custom_1489741251861 boomapps_vccolumn border-color-gyho-color single-block-padding\" style=\"border-style: solid;border-right-width: 1px ;\" ><div class=\"uncont\"><div class=\"uncode-wrapper uncode-counter-wrap   alpha-anim animate_when_almost_visible\" data-delay=\"200\"><p class=\"font-762333 fontsize-445851 font-weight-700 fontheight-179065\"><span class=\"uncode-counter counter text-accent-color\" data-val=\"64\">64<\/span><span class=\"counter-suffix text-accent-color\">+<\/span><\/p><\/div><div class=\"vc_custom_heading_wrap \"><div class=\"heading-text el-text alpha-anim animate_when_almost_visible\" data-delay=\"200\"><h3 class=\"font-762333 h3 fontspace-781688 font-weight-700 text-accent-color text-uppercase\" ><span>Projects<\/span><\/h3><\/div><div class=\"clear\"><\/div><\/div><\/div><\/div><\/div><\/div><\/div><div class=\"wpb_column pos-top pos-center align_center column_child col-lg-3 boomapps_vccolumn col-md-25 col-sm-50 half-internal-gutter\"><div class=\"uncol style-light\" ><div class=\"uncoltable\"><div class=\"uncell  vc_custom_1489741260373 boomapps_vccolumn border-color-gyho-color single-block-padding\" style=\"border-style: solid;border-right-width: 1px ;\" ><div class=\"uncont\"><div class=\"uncode-wrapper uncode-counter-wrap   alpha-anim animate_when_almost_visible\" data-delay=\"300\"><p class=\"font-762333 fontsize-445851 font-weight-700 fontheight-179065\"><span class=\"uncode-counter counter text-accent-color\" data-val=\"22\">22<\/span><\/p><\/div><div class=\"vc_custom_heading_wrap \"><div class=\"heading-text el-text alpha-anim animate_when_almost_visible\" data-delay=\"300\"><h3 class=\"font-762333 h3 fontspace-781688 font-weight-700 text-accent-color text-uppercase\" ><span>Members<\/span><\/h3><\/div><div class=\"clear\"><\/div><\/div><\/div><\/div><\/div><\/div><\/div><div class=\"wpb_column pos-top pos-center align_center column_child col-lg-3 boomapps_vccolumn col-md-25 col-sm-50 col-sm-clear half-internal-gutter\"><div class=\"uncol style-light\" ><div class=\"uncoltable\"><div class=\"uncell  vc_custom_1489741267861 boomapps_vccolumn border-color-gyho-color single-block-padding\" style=\"border-style: solid;border-right-width: 1px ;\" ><div class=\"uncont\"><div class=\"uncode-wrapper uncode-counter-wrap   alpha-anim animate_when_almost_visible\" data-delay=\"400\"><p class=\"font-762333 fontsize-445851 font-weight-700 fontheight-179065\"><span class=\"uncode-counter counter text-accent-color\" data-val=\"125\">125<\/span><span class=\"counter-suffix text-accent-color\">+<\/span><\/p><\/div><div class=\"vc_custom_heading_wrap \"><div class=\"heading-text el-text alpha-anim animate_when_almost_visible\" data-delay=\"400\"><h3 class=\"font-762333 h3 fontspace-781688 font-weight-700 text-accent-color text-uppercase\" ><span>Posts<\/span><\/h3><\/div><div class=\"clear\"><\/div><\/div><\/div><\/div><\/div><\/div><\/div><div class=\"wpb_column pos-top pos-center align_center column_child col-lg-3 boomapps_vccolumn col-md-25 col-sm-50 col-sm-clear half-internal-gutter\"><div class=\"uncol style-light\" ><div class=\"uncoltable\"><div class=\"uncell  boomapps_vccolumn single-block-padding\" ><div class=\"uncont\"><div class=\"uncode-wrapper uncode-counter-wrap   alpha-anim animate_when_almost_visible\" data-delay=\"500\"><p class=\"font-762333 fontsize-445851 font-weight-700 fontheight-179065\"><span class=\"uncode-counter counter text-accent-color\" data-val=\"18\">18<\/span><\/p><\/div><div class=\"vc_custom_heading_wrap \"><div class=\"heading-text el-text alpha-anim animate_when_almost_visible\" data-delay=\"500\"><h3 class=\"font-762333 h3 fontspace-781688 font-weight-700 text-accent-color text-uppercase\" ><span>Awards<\/span><\/h3><\/div><div class=\"clear\"><\/div><\/div><\/div><\/div><\/div><\/div><\/div><\/div><\/div><\/div><div class=\"vc_row row-internal row-container boomapps_vcrow\"><div class=\"row row-child\"><div class=\"wpb_row row-inner\"><div class=\"wpb_column pos-top pos-center align_center column_child col-lg-12 boomapps_vccolumn double-internal-gutter\"><div class=\"uncol style-light\" ><div class=\"uncoltable\"><div class=\"uncell  boomapps_vccolumn no-block-padding\" ><div class=\"uncont\" style=\"max-width:696px;\"><div class=\"vc_custom_heading_wrap \"><div class=\"heading-text el-text\" ><h2 class=\"font-202503 h2 fontheight-357766 fontspace-781688 font-weight-200\" ><span>We are an\u00a0agency that focuses on digital design solutions. We outline, design and develop online media and applications for brands and companies.<\/span><\/h2><\/div><div class=\"clear\"><\/div><\/div><\/div><\/div><\/div><\/div><\/div><\/div><\/div><\/div><\/div><\/div><\/div><\/div><\/div><script id=\"script-row-unique-0\" data-row=\"script-row-unique-0\" type=\"text\/javascript\" class=\"vc_controls\">UNCODE.initRow(document.getElementById(\"row-unique-0\"));<\/script><\/div><\/div><\/div><div data-parent=\"true\" class=\"vc_row style-color-nhtu-bg row-container with-parallax onepage-section boomapps_vcrow\" data-label=\"Our Works\" data-name=\"our-works\" id=\"row-unique-1\"><div class=\"row-background background-element\">\n\t\t\t\t\t\t\t\t\t\t\t<div class=\"background-wrapper\">\n\t\t\t\t\t\t\t\t\t\t\t\t<div class=\"background-inner\" style=\"background-image: url(https:\/\/noisydigital.com\/wp-content\/uploads\/2019\/02\/texture-department.png);background-repeat: no-repeat;background-position: center bottom;background-size: cover;\"><\/div>\n\t\t\t\t\t\t\t\t\t\t\t\t<div class=\"block-bg-overlay style-color-nhtu-bg\" style=\"opacity: 0.2;\"><\/div>\n\t\t\t\t\t\t\t\t\t\t\t<\/div>\n\t\t\t\t\t\t\t\t\t\t<\/div><div class=\"row quad-top-padding quad-bottom-padding single-h-padding limit-width row-parent\"><div class=\"wpb_row row-inner\"><div class=\"wpb_column pos-top pos-center align_left column_parent col-lg-12 boomapps_vccolumn double-internal-gutter\"><div class=\"uncol style-dark\"  ><div class=\"uncoltable\"><div class=\"uncell  boomapps_vccolumn no-block-padding\" ><div class=\"uncont\"><div class=\"vc_row row-internal row-container boomapps_vcrow\"><div class=\"row row-child\"><div class=\"wpb_row row-inner\"><div class=\"wpb_column pos-top pos-center align_center column_child col-lg-12 boomapps_vccolumn single-internal-gutter\"><div class=\"uncol style-dark\" ><div class=\"uncoltable\"><div class=\"uncell  boomapps_vccolumn no-block-padding\" ><div class=\"uncont\"><div class=\"vc_custom_heading_wrap \"><div class=\"heading-text el-text\" ><h2 class=\"font-762333 h1 fontspace-781688 font-weight-700 text-uppercase\" ><span>Our works<\/span><\/h2><hr class=\"separator-break separator-accent\" \/><\/div><div class=\"clear\"><\/div><\/div><\/div><\/div><\/div><\/div><\/div><\/div><\/div><\/div><div class=\"vc_row row-internal row-container boomapps_vcrow\"><div class=\"row row-child\"><div class=\"wpb_row row-inner\"><div class=\"wpb_column pos-top pos-center align_center column_child col-lg-12 boomapps_vccolumn single-internal-gutter\"><div class=\"uncol style-dark\" ><div class=\"uncoltable\"><div class=\"uncell  boomapps_vccolumn no-block-padding\" ><div class=\"uncont\" style=\"max-width:1404px;\"><div class=\"owl-carousel-wrapper\" >\n\t\t\t\t\t<div class=\"owl-carousel-container owl-carousel-loading single-gutter\">\t\t\t\t\t\t<div id=\"index-93197678\" class=\"owl-carousel owl-element owl-height-auto owl-dots-outside owl-dots-single-block-padding owl-dots-align-center\" data-loop=\"true\" data-dots=\"true\" data-dotsmobile=\"true\" data-navmobile=\"false\" data-navspeed=\"400\" data-autoplay=\"true\" data-timeout=\"3000\" data-stagepadding=\"0\" data-lg=\"3\" data-md=\"2\" data-sm=\"1\" data-vp-height=\"false\">\t\t\t<div class=\"tmb tmb-carousel atc-typography-inherit tmb-iso-h33 tmb-light tmb-overlay-text-anim tmb-overlay-anim tmb-overlay-middle tmb-overlay-text-center tmb-image-anim tmb-shadowed tmb-shadowed-xs  grid-cat-61 tmb-id-81638 tmb-img-ratio tmb-media-first tmb-media-last tmb-content-overlay tmb-no-bg\" ><div class=\"t-inside animate_when_almost_visible zoom-in\" data-delay=\"200\"><div class=\"t-entry-visual\"><div class=\"t-entry-visual-tc\"><div class=\"t-entry-visual-cont\"><div class=\"dummy\" style=\"padding-top: 150.1%;\"><\/div><a tabindex=\"-1\" href=\"https:\/\/noisydigital.com\/fr_fr\/portfolio\/tamoona-travel-web\/\" class=\"pushed\" target=\"_self\" data-lb-index=\"0\"><div class=\"t-entry-visual-overlay\"><div class=\"t-entry-visual-overlay-in style-dark-bg\" style=\"opacity: 0.5;\"><\/div><\/div><div class=\"t-overlay-wrap\"><div class=\"t-overlay-inner\">\n\t\t\t\t\t\t\t\t\t\t\t\t\t\t<div class=\"t-overlay-content\">\n\t\t\t\t\t\t\t\t\t\t\t\t\t\t\t<div class=\"t-overlay-text single-block-padding\"><div class=\"t-entry\"><i class=\"fa fa-plus2 t-overlay-icon\"><\/i><\/div><\/div><\/div><\/div><\/div><img decoding=\"async\" class=\"wp-image-81651\" src=\"https:\/\/noisydigital.com\/wp-content\/uploads\/2024\/02\/Screenshot-2024-01-31-at-11.50.53\u202fAM-min-uai-821x1232.png\" width=\"821\" height=\"1232\" alt=\"\" \/><\/a><\/div>\n\t\t\t\t\t<\/div>\n\t\t\t\t<\/div><\/div><\/div><div class=\"tmb tmb-carousel atc-typography-inherit tmb-iso-h33 tmb-light tmb-overlay-text-anim tmb-overlay-anim tmb-overlay-middle tmb-overlay-text-center tmb-image-anim tmb-shadowed tmb-shadowed-xs  grid-cat-61 tmb-id-81621 tmb-img-ratio tmb-media-first tmb-media-last tmb-content-overlay tmb-no-bg\" ><div class=\"t-inside animate_when_almost_visible zoom-in\" data-delay=\"200\"><div class=\"t-entry-visual\"><div class=\"t-entry-visual-tc\"><div class=\"t-entry-visual-cont\"><a tabindex=\"-1\" href=\"https:\/\/noisydigital.com\/fr_fr\/portfolio\/bureau-de-mise-a-niveau\/\" class=\"pushed\" target=\"_self\" data-lb-index=\"1\"><div class=\"t-entry-visual-overlay\"><div class=\"t-entry-visual-overlay-in style-dark-bg\" style=\"opacity: 0.5;\"><\/div><\/div><div class=\"t-overlay-wrap\"><div class=\"t-overlay-inner\">\n\t\t\t\t\t\t\t\t\t\t\t\t\t\t<div class=\"t-overlay-content\">\n\t\t\t\t\t\t\t\t\t\t\t\t\t\t\t<div class=\"t-overlay-text single-block-padding\"><div class=\"t-entry\"><i class=\"fa fa-plus2 t-overlay-icon\"><\/i><\/div><\/div><\/div><\/div><\/div><img decoding=\"async\" class=\"wp-image-81622\" src=\"https:\/\/noisydigital.com\/wp-content\/uploads\/2024\/02\/65c0fde8fd946a4d1427d076-uai-800x1200.jpg\" width=\"0\" height=\"0\" alt=\"\" \/><\/a><\/div>\n\t\t\t\t\t<\/div>\n\t\t\t\t<\/div><\/div><\/div><div class=\"tmb tmb-carousel atc-typography-inherit tmb-iso-h33 tmb-light tmb-overlay-text-anim tmb-overlay-anim tmb-overlay-middle tmb-overlay-text-center tmb-image-anim tmb-shadowed tmb-shadowed-xs  grid-cat-6 tmb-id-81611 tmb-img-ratio tmb-media-first tmb-media-last tmb-content-overlay tmb-no-bg\" ><div class=\"t-inside animate_when_almost_visible zoom-in\" data-delay=\"200\"><div class=\"t-entry-visual\"><div class=\"t-entry-visual-tc\"><div class=\"t-entry-visual-cont\"><a tabindex=\"-1\" href=\"https:\/\/noisydigital.com\/fr_fr\/portfolio\/tamoona-travel\/\" class=\"pushed\" target=\"_self\" data-lb-index=\"2\"><div class=\"t-entry-visual-overlay\"><div class=\"t-entry-visual-overlay-in style-dark-bg\" style=\"opacity: 0.5;\"><\/div><\/div><div class=\"t-overlay-wrap\"><div class=\"t-overlay-inner\">\n\t\t\t\t\t\t\t\t\t\t\t\t\t\t<div class=\"t-overlay-content\">\n\t\t\t\t\t\t\t\t\t\t\t\t\t\t\t<div class=\"t-overlay-text single-block-padding\"><div class=\"t-entry\"><i class=\"fa fa-plus2 t-overlay-icon\"><\/i><\/div><\/div><\/div><\/div><\/div><img decoding=\"async\" class=\"wp-image-81615\" src=\"https:\/\/noisydigital.com\/wp-content\/uploads\/2024\/01\/336880296_1549914925486175_9189894503186739132_n-1-min-uai-720x1080.jpg\" width=\"0\" height=\"0\" alt=\"\" \/><\/a><\/div>\n\t\t\t\t\t<\/div>\n\t\t\t\t<\/div><\/div><\/div><div class=\"tmb tmb-carousel atc-typography-inherit tmb-iso-h33 tmb-light tmb-overlay-text-anim tmb-overlay-anim tmb-overlay-middle tmb-overlay-text-center tmb-image-anim tmb-shadowed tmb-shadowed-xs  grid-cat-6 tmb-id-81588 tmb-img-ratio tmb-media-first tmb-media-last tmb-content-overlay tmb-no-bg\" ><div class=\"t-inside animate_when_almost_visible zoom-in\" data-delay=\"200\"><div class=\"t-entry-visual\"><div class=\"t-entry-visual-tc\"><div class=\"t-entry-visual-cont\"><a tabindex=\"-1\" href=\"https:\/\/noisydigital.com\/fr_fr\/portfolio\/vivo-energy\/\" class=\"pushed\" target=\"_self\" data-lb-index=\"3\"><div class=\"t-entry-visual-overlay\"><div class=\"t-entry-visual-overlay-in style-dark-bg\" style=\"opacity: 0.5;\"><\/div><\/div><div class=\"t-overlay-wrap\"><div class=\"t-overlay-inner\">\n\t\t\t\t\t\t\t\t\t\t\t\t\t\t<div class=\"t-overlay-content\">\n\t\t\t\t\t\t\t\t\t\t\t\t\t\t\t<div class=\"t-overlay-text single-block-padding\"><div class=\"t-entry\"><i class=\"fa fa-plus2 t-overlay-icon\"><\/i><\/div><\/div><\/div><\/div><\/div><img decoding=\"async\" class=\"wp-image-81585\" src=\"https:\/\/noisydigital.com\/wp-content\/uploads\/2024\/01\/363421801_667611715413363_760250615531523083_n-min-uai-720x1080.jpg\" width=\"0\" height=\"0\" alt=\"\" \/><\/a><\/div>\n\t\t\t\t\t<\/div>\n\t\t\t\t<\/div><\/div><\/div><div class=\"tmb tmb-carousel atc-typography-inherit tmb-iso-h33 tmb-light tmb-overlay-text-anim tmb-overlay-anim tmb-overlay-middle tmb-overlay-text-center tmb-image-anim tmb-shadowed tmb-shadowed-xs  grid-cat-6 tmb-id-81533 tmb-img-ratio tmb-media-first tmb-media-last tmb-content-overlay tmb-no-bg\" ><div class=\"t-inside animate_when_almost_visible zoom-in\" data-delay=\"200\"><div class=\"t-entry-visual\"><div class=\"t-entry-visual-tc\"><div class=\"t-entry-visual-cont\"><div class=\"dummy\" style=\"padding-top: 150.1%;\"><\/div><a tabindex=\"-1\" href=\"https:\/\/noisydigital.com\/fr_fr\/portfolio\/english-connects\/\" class=\"pushed\" target=\"_self\" data-lb-index=\"4\"><div class=\"t-entry-visual-overlay\"><div class=\"t-entry-visual-overlay-in style-dark-bg\" style=\"opacity: 0.5;\"><\/div><\/div><div class=\"t-overlay-wrap\"><div class=\"t-overlay-inner\">\n\t\t\t\t\t\t\t\t\t\t\t\t\t\t<div class=\"t-overlay-content\">\n\t\t\t\t\t\t\t\t\t\t\t\t\t\t\t<div class=\"t-overlay-text single-block-padding\"><div class=\"t-entry\"><i class=\"fa fa-plus2 t-overlay-icon\"><\/i><\/div><\/div><\/div><\/div><\/div><img decoding=\"async\" class=\"wp-image-81539\" src=\"https:\/\/noisydigital.com\/wp-content\/uploads\/2024\/01\/Screenshot-2024-01-24-at-11.27.04\u202fAM-min-uai-1074x1612.png\" width=\"1074\" height=\"1612\" alt=\"\" \/><\/a><\/div>\n\t\t\t\t\t<\/div>\n\t\t\t\t<\/div><\/div><\/div>\t\t<\/div>\n\t\n\n\t<\/div>\t\t\t<\/div>\n<\/div><\/div><\/div><\/div><\/div><\/div><\/div><\/div><div class=\"vc_row row-internal row-container boomapps_vcrow\"><div class=\"row row-child\"><div class=\"wpb_row row-inner\"><div class=\"wpb_column pos-top pos-center align_center align_center_tablet align_center_mobile column_child col-lg-12 boomapps_vccolumn double-internal-gutter\"><div class=\"uncol style-dark\" ><div class=\"uncoltable\"><div class=\"uncell  boomapps_vccolumn no-block-padding\" ><div class=\"uncont\" style=\"max-width:696px;\"><div class=\"vc_custom_heading_wrap \"><div class=\"heading-text el-text\" ><h2 class=\"font-202503 h2 fontheight-357766 fontspace-781688 font-weight-200\" ><span>Corporate websites, online shops, campaigns or apps. We have all the expertise required to make a digital product a successful product.<\/span><\/h2><\/div><div class=\"clear\"><\/div><\/div><span class=\"btn-container\" ><a href=\"\" class=\"custom-link btn btn-lg border-width-0 btn-text-skin btn-accent btn-circle btn-icon-left\">More projects<\/a><\/span><\/div><\/div><\/div><\/div><\/div><\/div><\/div><\/div><\/div><\/div><\/div><\/div><\/div><script id=\"script-row-unique-1\" data-row=\"script-row-unique-1\" type=\"text\/javascript\" class=\"vc_controls\">UNCODE.initRow(document.getElementById(\"row-unique-1\"));<\/script><\/div><\/div><\/div><div data-parent=\"true\" class=\"vc_row style-color-lxmt-bg row-container boomapps_vcrow\" id=\"row-unique-2\"><div class=\"row quad-top-padding quad-bottom-padding single-h-padding limit-width row-parent\"><div class=\"wpb_row row-inner\"><div class=\"wpb_column pos-top pos-center align_center column_parent col-lg-12 boomapps_vccolumn double-internal-gutter\"><div class=\"uncol style-light\"  ><div class=\"uncoltable\"><div class=\"uncell  boomapps_vccolumn no-block-padding\" ><div class=\"uncont\"><div class=\"vc_row row-internal row-container boomapps_vcrow\"><div class=\"row row-child\"><div class=\"wpb_row row-inner\"><div class=\"wpb_column pos-top pos-center align_center column_child col-lg-12 boomapps_vccolumn single-internal-gutter\"><div class=\"uncol style-light\" ><div class=\"uncoltable\"><div class=\"uncell  boomapps_vccolumn no-block-padding\" ><div class=\"uncont\"><div class=\"vc_custom_heading_wrap \"><div class=\"heading-text el-text\" ><h2 class=\"font-762333 h1 fontspace-781688 font-weight-700 text-uppercase\" ><span>Our\u00a0blog<\/span><\/h2><hr class=\"separator-break separator-accent\" \/><\/div><div class=\"clear\"><\/div><\/div><\/div><\/div><\/div><\/div><\/div><\/div><\/div><\/div><div class=\"vc_row row-internal row-container boomapps_vcrow\"><div class=\"row row-child\"><div class=\"wpb_row row-inner\"><div class=\"wpb_column pos-top pos-center align_center column_child col-lg-12 boomapps_vccolumn single-internal-gutter\"><div class=\"uncol style-light font-202503\" ><div class=\"uncoltable\"><div class=\"uncell  boomapps_vccolumn no-block-padding\" ><div class=\"uncont\" style=\"max-width:996px;\"><div id=\"index-931976276\" class=\"isotope-system isotope-general-light grid-general-light\" >\n\t\t\t\n\t\t\t\t\t\t<div class=\"isotope-wrapper grid-wrapper half-gutter\">\t\t\t\t\t\t<div class=\"isotope-container grid-container isotope-layout style-masonry isotope-pagination grid-pagination\" data-type=\"masonry\" data-layout=\"masonry\" data-lg=\"600\" data-md=\"600\" data-sm=\"480\" data-vp-height=\"\">\t\t\t<div class=\"tmb atc-typography-inherit tmb-iso-w4 tmb-iso-h4 tmb-light tmb-overlay-text-anim tmb-overlay-anim tmb-content-center tmb-desaturated tmb-image-anim tmb-entry-title-uppercase  grid-cat-9 tmb-id-1 tmb-img-ratio tmb-only-text tmb-content-under\" ><div class=\"t-inside style-color-xsdn-bg animate_when_almost_visible zoom-in\" data-delay=\"200\"><div class=\"t-entry-text\">\n\t\t\t\t\t\t\t\t\t<div class=\"t-entry-text-tc double-block-padding\"><div class=\"t-entry\"><h3 class=\"t-entry-title font-762333 h2 font-weight-700 fontspace-781688 title-scale\"><a href=\"https:\/\/noisydigital.com\/fr_fr\/whatsapp-pour-entreprise-arrive\/\" target=\"_self\">Whatsapp pour entreprise arrive !<\/a><\/h3><div class=\"spacer spacer-one half-space\"><\/div><div class=\"t-entry-excerpt text-lead\"><p class=\"text-lead\"><\/p><\/div><hr \/><p class=\"t-entry-meta\"><span class=\"t-entry-date\">16 octobre 2017<\/span><\/p><\/div><\/div>\n\t\t\t\t\t\t\t<\/div><\/div><\/div><div class=\"tmb atc-typography-inherit tmb-iso-w4 tmb-iso-h4 tmb-light tmb-overlay-text-anim tmb-overlay-anim tmb-content-center tmb-desaturated tmb-image-anim tmb-entry-title-uppercase  grid-cat-9 tmb-id-395 tmb-img-ratio tmb-only-text tmb-content-under\" ><div class=\"t-inside style-color-xsdn-bg animate_when_almost_visible zoom-in\" data-delay=\"200\"><div class=\"t-entry-text\">\n\t\t\t\t\t\t\t\t\t<div class=\"t-entry-text-tc double-block-padding\"><div class=\"t-entry\"><h3 class=\"t-entry-title font-762333 h2 font-weight-700 fontspace-781688 title-scale\"><a href=\"https:\/\/noisydigital.com\/fr_fr\/comment-utiliser-les-groupes-facebook-pour-votre-business\/\" target=\"_self\">Comment utiliser les groupes Facebook pour votre business ?<\/a><\/h3><div class=\"spacer spacer-one half-space\"><\/div><div class=\"t-entry-excerpt text-lead\"><p class=\"text-lead\"><\/p><\/div><hr \/><p class=\"t-entry-meta\"><span class=\"t-entry-date\">2 novembre 2017<\/span><\/p><\/div><\/div>\n\t\t\t\t\t\t\t<\/div><\/div><\/div><div class=\"tmb atc-typography-inherit tmb-iso-w4 tmb-iso-h4 tmb-light tmb-overlay-text-anim tmb-overlay-anim tmb-content-center tmb-desaturated tmb-image-anim tmb-entry-title-uppercase  grid-cat-9 grid-cat-1349 tmb-id-408 tmb-img-ratio tmb-only-text tmb-content-under\" ><div class=\"t-inside style-color-xsdn-bg animate_when_almost_visible zoom-in\" data-delay=\"200\"><div class=\"t-entry-text\">\n\t\t\t\t\t\t\t\t\t<div class=\"t-entry-text-tc double-block-padding\"><div class=\"t-entry\"><h3 class=\"t-entry-title font-762333 h2 font-weight-700 fontspace-781688 title-scale\"><a href=\"https:\/\/noisydigital.com\/fr_fr\/dakarvie-redonne-vie-la-capitale\/\" target=\"_self\">#DakarVie redonne vie \u00e0 la capitale<\/a><\/h3><div class=\"spacer spacer-one half-space\"><\/div><div class=\"t-entry-excerpt text-lead\"><p class=\"text-lead\"><\/p><\/div><hr \/><p class=\"t-entry-meta\"><span class=\"t-entry-date\">6 novembre 2017<\/span><\/p><\/div><\/div>\n\t\t\t\t\t\t\t<\/div><\/div><\/div>\t\t<\/div>\n\t\n\n\t<\/div>\t\t\t<\/div>\n<\/div><\/div><\/div><\/div><\/div><\/div><\/div><\/div><div class=\"vc_row row-internal row-container boomapps_vcrow\"><div class=\"row row-child\"><div class=\"wpb_row row-inner\"><div class=\"wpb_column pos-top pos-center align_center align_center_tablet align_center_mobile column_child col-lg-12 boomapps_vccolumn double-internal-gutter\"><div class=\"uncol style-dark\" ><div class=\"uncoltable\"><div class=\"uncell  boomapps_vccolumn no-block-padding\" ><div class=\"uncont\" style=\"max-width:696px;\"><div class=\"empty-space empty-single desktop-hidden tablet-hidden\" ><span class=\"empty-space-inner\"><\/span><\/div>\n<span class=\"btn-container\" ><a href=\"\" class=\"custom-link btn btn-lg border-width-0 btn-text-skin btn-accent btn-circle btn-icon-left\">Visit the blog<\/a><\/span><\/div><\/div><\/div><\/div><\/div><\/div><\/div><\/div><\/div><\/div><\/div><\/div><\/div><script id=\"script-row-unique-2\" data-row=\"script-row-unique-2\" type=\"text\/javascript\" class=\"vc_controls\">UNCODE.initRow(document.getElementById(\"row-unique-2\"));<\/script><\/div><\/div><\/div><div data-parent=\"true\" class=\"vc_row style-color-rgdb-bg row-container boomapps_vcrow\" id=\"row-unique-3\"><div class=\"row no-top-padding no-bottom-padding no-h-padding full-width row-parent\"><div class=\"wpb_row row-inner\"><div class=\"wpb_column pos-middle pos-center align_center column_parent col-lg-12 boomapps_vccolumn double-internal-gutter\"><div class=\"uncol style-dark\"  ><div class=\"uncoltable\"><div class=\"uncell  boomapps_vccolumn quad-block-padding style-accent-bg\" ><div class=\"uncont\"><div class=\"vc_row row-internal row-container boomapps_vcrow\"><div class=\"row row-child\"><div class=\"wpb_row row-inner\"><div class=\"wpb_column pos-top pos-center align_center column_child col-lg-12 boomapps_vccolumn single-internal-gutter\"><div class=\"uncol style-dark\" ><div class=\"uncoltable\"><div class=\"uncell  boomapps_vccolumn no-block-padding\" ><div class=\"uncont\" style=\"max-width:1200px;\"><div class=\"vc_custom_heading_wrap \"><div class=\"heading-text el-text zoom-in animate_when_almost_visible\" data-delay=\"200\"><h2 class=\"font-202503 h2 fontheight-357766 fontspace-781688 font-weight-200\" ><span>Ready to get started? Get your copy of Uncode.<\/span><\/h2><\/div><div class=\"clear\"><\/div><\/div><\/div><\/div><\/div><\/div><\/div><\/div><\/div><\/div><\/div><\/div><\/div><\/div><a class=\"col-link custom-link\" href=\"#\" target=\"_self\" title=\"\"><\/a><\/div><script id=\"script-row-unique-3\" data-row=\"script-row-unique-3\" type=\"text\/javascript\" class=\"vc_controls\">UNCODE.initRow(document.getElementById(\"row-unique-3\"));<\/script><\/div><\/div><\/div>\n<\/div>","protected":false},"excerpt":{"rendered":"La semaine derni\u00e8re une pluie de hashtag qui faisait l'\u00e9loge de la beaut\u00e9 est tomb\u00e9e sur la twittosph\u00e9re. On est [...]","protected":false},"author":1,"featured_media":19719,"parent":43938,"menu_order":0,"comment_status":"closed","ping_status":"closed","template":"","meta":{"bgseo_title":"","bgseo_description":"","bgseo_robots_index":"","bgseo_robots_follow":"","footnotes":""},"class_list":["post-54954","page","type-page","status-publish","has-post-thumbnail","hentry","page_category-creative"],"aioseo_notices":[],"_links":{"self":[{"href":"https:\/\/noisydigital.com\/fr_fr\/wp-json\/wp\/v2\/pages\/54954","targetHints":{"allow":["GET"]}}],"collection":[{"href":"https:\/\/noisydigital.com\/fr_fr\/wp-json\/wp\/v2\/pages"}],"about":[{"href":"https:\/\/noisydigital.com\/fr_fr\/wp-json\/wp\/v2\/types\/page"}],"author":[{"embeddable":true,"href":"https:\/\/noisydigital.com\/fr_fr\/wp-json\/wp\/v2\/users\/1"}],"replies":[{"embeddable":true,"href":"https:\/\/noisydigital.com\/fr_fr\/wp-json\/wp\/v2\/comments?post=54954"}],"version-history":[{"count":0,"href":"https:\/\/noisydigital.com\/fr_fr\/wp-json\/wp\/v2\/pages\/54954\/revisions"}],"up":[{"embeddable":true,"href":"https:\/\/noisydigital.com\/fr_fr\/wp-json\/wp\/v2\/pages\/43938"}],"wp:featuredmedia":[{"embeddable":true,"href":"https:\/\/noisydigital.com\/fr_fr\/wp-json\/wp\/v2\/media\/19719"}],"wp:attachment":[{"href":"https:\/\/noisydigital.com\/fr_fr\/wp-json\/wp\/v2\/media?parent=54954"}],"curies":[{"name":"wp","href":"https:\/\/api.w.org\/{rel}","templated":true}]}}