{"id":54885,"date":"2017-03-31T14:42:44","date_gmt":"2017-03-31T12:42:44","guid":{"rendered":"https:\/\/undsgn.com\/uncode\/?page_id=54885"},"modified":"2017-03-31T14:42:44","modified_gmt":"2017-03-31T12:42:44","slug":"blog-author","status":"publish","type":"page","link":"https:\/\/noisydigital.com\/fr_fr\/homepages\/blog-author\/","title":{"rendered":"Blog Author"},"content":{"rendered":"<div class=\"wpb-content-wrapper\"><div data-parent=\"true\" class=\"vc_row style-color-lxmt-bg vc_custom_1546962253678 border-color-gyho-color row-container boomapps_vcrow\" style=\"border-style: solid;border-bottom-width: 1px ;\" id=\"row-unique-0\"><div class=\"row col-double-gutter no-top-padding double-bottom-padding quad-h-padding full-width row-parent\"><div class=\"wpb_row row-inner\"><div class=\"wpb_column pos-top pos-center align_center column_parent col-lg-12 boomapps_vccolumn single-internal-gutter\"><div class=\"uncol style-light font-202503 sticky-element sticky-sidebar shift_y_neg_triple shift_y_fixed\"  ><div class=\"uncoltable\"><div class=\"uncell  boomapps_vccolumn no-block-padding\" ><div class=\"uncont\"><div id=\"index-1\" class=\"isotope-system isotope-general-light grid-general-light\" >\n\t\t\t\n\t\t\t\t\t\t<div class=\"isotope-wrapper grid-wrapper half-gutter\">\t\t\t\t\t\t<div class=\"isotope-container grid-container isotope-layout style-masonry isotope-infinite grid-infinite isotope-infinite-button grid-infinite-button\" data-type=\"masonry\" data-layout=\"masonry\" data-lg=\"1200\" data-md=\"1000\" data-sm=\"480\" data-vp-height=\"\">\t\t\t<div class=\"tmb atc-typography-inherit tmb-iso-w3 tmb-iso-h4 tmb-round tmb-light tmb-overlay-text-anim tmb-overlay-anim tmb-content-left tmb-content-mobile-center tmb-image-color-anim tmb-image-anim tmb-shadowed tmb-shadowed-sm  grid-cat-9 grid-cat-296 tmb-id-81692 tmb-only-text tmb-content-under\" ><div class=\"t-inside style-color-xsdn-bg animate_when_almost_visible bottom-t-top\" data-delay=\"200\" data-speed=\"600\"><div class=\"t-entry-text\">\n\t\t\t\t\t\t\t\t\t<div class=\"t-entry-text-tc double-block-padding\"><div class=\"t-entry\"><p class=\"t-entry-meta\"><span class=\"t-entry-date\">3 avril 2024<\/span><\/p><h3 class=\"t-entry-title font-762333 h3 font-weight-700 fontspace-111509 title-scale\"><a href=\"https:\/\/noisydigital.com\/fr_fr\/les-reseaux-sociaux-au-senegal-les-chiffres-en-2024\/\" target=\"_self\">Les r\u00e9seaux sociaux au S\u00e9n\u00e9gal, les chiffres en 2024<\/a><\/h3><div class=\"spacer spacer-one half-space\"><\/div><div class=\"t-entry-excerpt text-lead\"><p class=\"text-lead\"><\/p><\/div><hr \/><p class=\"t-entry-comments entry-small\"><span class=\"extras\"><a class=\"extras-wrap\" href=\"https:\/\/noisydigital.com\/fr_fr\/les-reseaux-sociaux-au-senegal-les-chiffres-en-2024\/#respond\" title=\"title\"><i class=\"fa fa-speech-bubble\"><\/i><span>0 Commentaire<\/span><\/a><span class=\"extras-wrap\"><i class=\"fa fa-watch\"><\/i><span>11 Minutes<\/span><\/span><\/span><\/p><\/div><\/div>\n\t\t\t\t\t\t\t<\/div><\/div><\/div><div class=\"tmb atc-typography-inherit tmb-iso-w3 tmb-iso-h4 tmb-round tmb-light tmb-overlay-text-anim tmb-overlay-anim tmb-content-left tmb-content-mobile-center tmb-image-color-anim tmb-image-anim tmb-shadowed tmb-shadowed-sm  grid-cat-296 grid-cat-1348 tmb-id-81170 tmb-only-text tmb-content-under\" ><div class=\"t-inside style-color-xsdn-bg animate_when_almost_visible bottom-t-top\" data-delay=\"200\" data-speed=\"600\"><div class=\"t-entry-text\">\n\t\t\t\t\t\t\t\t\t<div class=\"t-entry-text-tc double-block-padding\"><div class=\"t-entry\"><p class=\"t-entry-meta\"><span class=\"t-entry-date\">11 mars 2022<\/span><\/p><h3 class=\"t-entry-title font-762333 h3 font-weight-700 fontspace-111509 title-scale\"><a href=\"https:\/\/noisydigital.com\/fr_fr\/le-podcast-comme-strategie-marketing\/\" target=\"_self\">Le Podcast comme Strat\u00e9gie Marketing<\/a><\/h3><div class=\"spacer spacer-one half-space\"><\/div><div class=\"t-entry-excerpt text-lead\"><p class=\"text-lead\"><\/p><\/div><hr \/><p class=\"t-entry-comments entry-small\"><span class=\"extras\"><a class=\"extras-wrap\" href=\"https:\/\/noisydigital.com\/fr_fr\/le-podcast-comme-strategie-marketing\/#respond\" title=\"title\"><i class=\"fa fa-speech-bubble\"><\/i><span>0 Commentaire<\/span><\/a><span class=\"extras-wrap\"><i class=\"fa fa-watch\"><\/i><span>14 Minutes<\/span><\/span><\/span><\/p><\/div><\/div>\n\t\t\t\t\t\t\t<\/div><\/div><\/div><div class=\"tmb atc-typography-inherit tmb-iso-w3 tmb-iso-h4 tmb-round tmb-light tmb-overlay-text-anim tmb-overlay-anim tmb-content-left tmb-content-mobile-center tmb-image-color-anim tmb-image-anim tmb-shadowed tmb-shadowed-sm  grid-cat-9 grid-cat-1349 tmb-id-81315 tmb-only-text tmb-content-under\" ><div class=\"t-inside style-color-xsdn-bg animate_when_almost_visible bottom-t-top\" data-delay=\"200\" data-speed=\"600\"><div class=\"t-entry-text\">\n\t\t\t\t\t\t\t\t\t<div class=\"t-entry-text-tc double-block-padding\"><div class=\"t-entry\"><p class=\"t-entry-meta\"><span class=\"t-entry-date\">3 f\u00e9vrier 2022<\/span><\/p><h3 class=\"t-entry-title font-762333 h3 font-weight-700 fontspace-111509 title-scale\"><a href=\"https:\/\/noisydigital.com\/fr_fr\/metavers-cette-technologie-immersive-du-futur\/\" target=\"_self\">M\u00e9tavers, cette technologie immersive du futur<\/a><\/h3><div class=\"spacer spacer-one half-space\"><\/div><div class=\"t-entry-excerpt text-lead\"><p class=\"text-lead\"><\/p><\/div><hr \/><p class=\"t-entry-comments entry-small\"><span class=\"extras\"><a class=\"extras-wrap\" href=\"https:\/\/noisydigital.com\/fr_fr\/metavers-cette-technologie-immersive-du-futur\/#respond\" title=\"title\"><i class=\"fa fa-speech-bubble\"><\/i><span>0 Commentaire<\/span><\/a><span class=\"extras-wrap\"><i class=\"fa fa-watch\"><\/i><span>8 Minutes<\/span><\/span><\/span><\/p><\/div><\/div>\n\t\t\t\t\t\t\t<\/div><\/div><\/div><div class=\"tmb atc-typography-inherit tmb-iso-w3 tmb-iso-h4 tmb-round tmb-light tmb-overlay-text-anim tmb-overlay-anim tmb-content-left tmb-content-mobile-center tmb-image-color-anim tmb-image-anim tmb-shadowed tmb-shadowed-sm  grid-cat-9 grid-cat-296 tmb-id-81114 tmb-only-text tmb-content-under\" ><div class=\"t-inside style-color-xsdn-bg animate_when_almost_visible bottom-t-top\" data-delay=\"200\" data-speed=\"600\"><div class=\"t-entry-text\">\n\t\t\t\t\t\t\t\t\t<div class=\"t-entry-text-tc double-block-padding\"><div class=\"t-entry\"><p class=\"t-entry-meta\"><span class=\"t-entry-date\">18 f\u00e9vrier 2021<\/span><\/p><h3 class=\"t-entry-title font-762333 h3 font-weight-700 fontspace-111509 title-scale\"><a href=\"https:\/\/noisydigital.com\/fr_fr\/les-chiffres-du-numerique-en-2021-au-senegal\/\" target=\"_self\">Le Num\u00e9rique au S\u00e9n\u00e9gal, les chiffres en 2021<\/a><\/h3><div class=\"spacer spacer-one half-space\"><\/div><div class=\"t-entry-excerpt text-lead\"><p class=\"text-lead\"><\/p><\/div><hr \/><p class=\"t-entry-comments entry-small\"><span class=\"extras\"><a class=\"extras-wrap\" href=\"https:\/\/noisydigital.com\/fr_fr\/les-chiffres-du-numerique-en-2021-au-senegal\/#respond\" title=\"title\"><i class=\"fa fa-speech-bubble\"><\/i><span>0 Commentaire<\/span><\/a><span class=\"extras-wrap\"><i class=\"fa fa-watch\"><\/i><span>11 Minutes<\/span><\/span><\/span><\/p><\/div><\/div>\n\t\t\t\t\t\t\t<\/div><\/div><\/div><div class=\"tmb atc-typography-inherit tmb-iso-w3 tmb-iso-h4 tmb-round tmb-light tmb-overlay-text-anim tmb-overlay-anim tmb-content-left tmb-content-mobile-center tmb-image-color-anim tmb-image-anim tmb-shadowed tmb-shadowed-sm  grid-cat-9 tmb-id-81090 tmb-only-text tmb-content-under\" ><div class=\"t-inside style-color-xsdn-bg animate_when_almost_visible bottom-t-top\" data-delay=\"200\" data-speed=\"600\"><div class=\"t-entry-text\">\n\t\t\t\t\t\t\t\t\t<div class=\"t-entry-text-tc double-block-padding\"><div class=\"t-entry\"><p class=\"t-entry-meta\"><span class=\"t-entry-date\">6 janvier 2021<\/span><\/p><h3 class=\"t-entry-title font-762333 h3 font-weight-700 fontspace-111509 title-scale\"><a href=\"https:\/\/noisydigital.com\/fr_fr\/twitter-certifier-un-compte-cest-facile-en-2021\/\" target=\"_self\">Twitter : Certifier son compte Twitter, c&rsquo;est facile en 2021<\/a><\/h3><div class=\"spacer spacer-one half-space\"><\/div><div class=\"t-entry-excerpt text-lead\"><p class=\"text-lead\"><\/p><\/div><hr \/><p class=\"t-entry-comments entry-small\"><span class=\"extras\"><a class=\"extras-wrap\" href=\"https:\/\/noisydigital.com\/fr_fr\/twitter-certifier-un-compte-cest-facile-en-2021\/#respond\" title=\"title\"><i class=\"fa fa-speech-bubble\"><\/i><span>0 Commentaire<\/span><\/a><span class=\"extras-wrap\"><i class=\"fa fa-watch\"><\/i><span>2 Minutes<\/span><\/span><\/span><\/p><\/div><\/div>\n\t\t\t\t\t\t\t<\/div><\/div><\/div><div class=\"tmb atc-typography-inherit tmb-iso-w3 tmb-iso-h4 tmb-round tmb-light tmb-overlay-text-anim tmb-overlay-anim tmb-content-left tmb-content-mobile-center tmb-image-color-anim tmb-image-anim tmb-shadowed tmb-shadowed-sm  grid-cat-1 tmb-id-81067 tmb-only-text tmb-content-under\" ><div class=\"t-inside style-color-xsdn-bg animate_when_almost_visible bottom-t-top\" data-delay=\"200\" data-speed=\"600\"><div class=\"t-entry-text\">\n\t\t\t\t\t\t\t\t\t<div class=\"t-entry-text-tc double-block-padding\"><div class=\"t-entry\"><p class=\"t-entry-meta\"><span class=\"t-entry-date\">29 d\u00e9cembre 2020<\/span><\/p><h3 class=\"t-entry-title font-762333 h3 font-weight-700 fontspace-111509 title-scale\"><a href=\"https:\/\/noisydigital.com\/fr_fr\/covid-19-la-technologie-au-secours-des-competitions-sportives\/\" target=\"_self\">COVID-19 : la technologie au secours des comp\u00e9titions sportives<\/a><\/h3><div class=\"spacer spacer-one half-space\"><\/div><div class=\"t-entry-excerpt text-lead\"><p class=\"text-lead\"><\/p><\/div><hr \/><p class=\"t-entry-comments entry-small\"><span class=\"extras\"><a class=\"extras-wrap\" href=\"https:\/\/noisydigital.com\/fr_fr\/covid-19-la-technologie-au-secours-des-competitions-sportives\/#respond\" title=\"title\"><i class=\"fa fa-speech-bubble\"><\/i><span>0 Commentaire<\/span><\/a><span class=\"extras-wrap\"><i class=\"fa fa-watch\"><\/i><span>2 Minutes<\/span><\/span><\/span><\/p><\/div><\/div>\n\t\t\t\t\t\t\t<\/div><\/div><\/div><div class=\"tmb atc-typography-inherit tmb-iso-w3 tmb-iso-h4 tmb-round tmb-light tmb-overlay-text-anim tmb-overlay-anim tmb-content-left tmb-content-mobile-center tmb-image-color-anim tmb-image-anim tmb-shadowed tmb-shadowed-sm  grid-cat-1 tmb-id-81052 tmb-only-text tmb-content-under\" ><div class=\"t-inside style-color-xsdn-bg animate_when_almost_visible bottom-t-top\" data-delay=\"200\" data-speed=\"600\"><div class=\"t-entry-text\">\n\t\t\t\t\t\t\t\t\t<div class=\"t-entry-text-tc double-block-padding\"><div class=\"t-entry\"><p class=\"t-entry-meta\"><span class=\"t-entry-date\">22 d\u00e9cembre 2020<\/span><\/p><h3 class=\"t-entry-title font-762333 h3 font-weight-700 fontspace-111509 title-scale\"><a href=\"https:\/\/noisydigital.com\/fr_fr\/twitter-des-tweets-sur-snapchat-et-instagram\/\" target=\"_self\">Twitter : des tweets sur Snapchat et Instagram<\/a><\/h3><div class=\"spacer spacer-one half-space\"><\/div><div class=\"t-entry-excerpt text-lead\"><p class=\"text-lead\"><\/p><\/div><hr \/><p class=\"t-entry-comments entry-small\"><span class=\"extras\"><a class=\"extras-wrap\" href=\"https:\/\/noisydigital.com\/fr_fr\/twitter-des-tweets-sur-snapchat-et-instagram\/#respond\" title=\"title\"><i class=\"fa fa-speech-bubble\"><\/i><span>0 Commentaire<\/span><\/a><span class=\"extras-wrap\"><i class=\"fa fa-watch\"><\/i><span>1 Minutes<\/span><\/span><\/span><\/p><\/div><\/div>\n\t\t\t\t\t\t\t<\/div><\/div><\/div><div class=\"tmb atc-typography-inherit tmb-iso-w3 tmb-iso-h4 tmb-round tmb-light tmb-overlay-text-anim tmb-overlay-anim tmb-content-left tmb-content-mobile-center tmb-image-color-anim tmb-image-anim tmb-shadowed tmb-shadowed-sm  grid-cat-9 tmb-id-81045 tmb-only-text tmb-content-under\" ><div class=\"t-inside style-color-xsdn-bg animate_when_almost_visible bottom-t-top\" data-delay=\"200\" data-speed=\"600\"><div class=\"t-entry-text\">\n\t\t\t\t\t\t\t\t\t<div class=\"t-entry-text-tc double-block-padding\"><div class=\"t-entry\"><p class=\"t-entry-meta\"><span class=\"t-entry-date\">21 d\u00e9cembre 2020<\/span><\/p><h3 class=\"t-entry-title font-762333 h3 font-weight-700 fontspace-111509 title-scale\"><a href=\"https:\/\/noisydigital.com\/fr_fr\/tiktok-devant-facebook\/\" target=\"_self\">Tiktok, l&rsquo;application la plus t\u00e9l\u00e9charg\u00e9e de 2020 devant Facebook<\/a><\/h3><div class=\"spacer spacer-one half-space\"><\/div><div class=\"t-entry-excerpt text-lead\"><p class=\"text-lead\"><\/p><\/div><hr \/><p class=\"t-entry-comments entry-small\"><span class=\"extras\"><a class=\"extras-wrap\" href=\"https:\/\/noisydigital.com\/fr_fr\/tiktok-devant-facebook\/#respond\" title=\"title\"><i class=\"fa fa-speech-bubble\"><\/i><span>0 Commentaire<\/span><\/a><span class=\"extras-wrap\"><i class=\"fa fa-watch\"><\/i><span>1 Minutes<\/span><\/span><\/span><\/p><\/div><\/div>\n\t\t\t\t\t\t\t<\/div><\/div><\/div>\t\t<\/div>\n\t\n\n\t<\/div>\t\t\t<div class=\"isotope-footer grid-footer style-light without-bg half-gutter\">\n\t\t\t\t\t\t\t<div class=\"isotope-footer-inner grid-footer-inner limit-width menu-light text-center\">\n\t\t\t\t\t<nav class=\"loadmore-button\">\n\t\t\t\t\t\t<a data-page=\"2\" data-pages=\"6\" href=\"https:\/\/noisydigital.com\/fr_fr\/wp-json\/wp\/v2\/pages\/54885\/?upage=2\" class=\" btn btn-accent btn-outline btn-circle\" data-label=\"Charger plus\"><span>Charger plus<\/span><\/a>\t\t\t\t\t<\/nav>\n\t\t\t\t<\/div>\n\t\t\t\t\t<\/div>\n\t\t\t<\/div>\n<\/div><\/div><\/div><\/div><\/div><script id=\"script-row-unique-0\" data-row=\"script-row-unique-0\" type=\"text\/javascript\" class=\"vc_controls\">UNCODE.initRow(document.getElementById(\"row-unique-0\"));<\/script><\/div><\/div><\/div>\n<\/div>","protected":false},"excerpt":{"rendered":"TikTok devient en 2020 l'application la plus t\u00e9l\u00e9charg\u00e9e de l'ann\u00e9e devant Facebook et WhatsApp. Le r\u00e9seau social chinois se fait [...]","protected":false},"author":1,"featured_media":78651,"parent":43938,"menu_order":0,"comment_status":"closed","ping_status":"closed","template":"","meta":{"bgseo_title":"","bgseo_description":"","bgseo_robots_index":"","bgseo_robots_follow":"","footnotes":""},"class_list":["post-54885","page","type-page","status-publish","has-post-thumbnail","hentry","page_category-demo-blog"],"aioseo_notices":[],"_links":{"self":[{"href":"https:\/\/noisydigital.com\/fr_fr\/wp-json\/wp\/v2\/pages\/54885","targetHints":{"allow":["GET"]}}],"collection":[{"href":"https:\/\/noisydigital.com\/fr_fr\/wp-json\/wp\/v2\/pages"}],"about":[{"href":"https:\/\/noisydigital.com\/fr_fr\/wp-json\/wp\/v2\/types\/page"}],"author":[{"embeddable":true,"href":"https:\/\/noisydigital.com\/fr_fr\/wp-json\/wp\/v2\/users\/1"}],"replies":[{"embeddable":true,"href":"https:\/\/noisydigital.com\/fr_fr\/wp-json\/wp\/v2\/comments?post=54885"}],"version-history":[{"count":0,"href":"https:\/\/noisydigital.com\/fr_fr\/wp-json\/wp\/v2\/pages\/54885\/revisions"}],"up":[{"embeddable":true,"href":"https:\/\/noisydigital.com\/fr_fr\/wp-json\/wp\/v2\/pages\/43938"}],"wp:featuredmedia":[{"embeddable":true,"href":"https:\/\/noisydigital.com\/fr_fr\/wp-json\/wp\/v2\/media\/78651"}],"wp:attachment":[{"href":"https:\/\/noisydigital.com\/fr_fr\/wp-json\/wp\/v2\/media?parent=54885"}],"curies":[{"name":"wp","href":"https:\/\/api.w.org\/{rel}","templated":true}]}}