{"id":4480,"date":"2014-12-19T10:48:52","date_gmt":"2014-12-19T09:48:52","guid":{"rendered":"https:\/\/undsgn.com\/uncode\/?page_id=4480"},"modified":"2024-05-13T13:31:24","modified_gmt":"2024-05-13T13:31:24","slug":"webdesign","status":"publish","type":"page","link":"https:\/\/noisydigital.com\/fr_fr\/webdesign\/","title":{"rendered":"Web Design"},"content":{"rendered":"<div class=\"wpb-content-wrapper\"><div data-parent=\"true\" class=\"vc_row style-accent-bg row-container boomapps_vcrow\" id=\"row-unique-0\"><div class=\"row quad-top-padding quad-bottom-padding single-h-padding full-width row-parent\"><div class=\"wpb_row row-inner\"><div class=\"wpb_column pos-top pos-center align_left column_parent col-lg-12 boomapps_vccolumn double-internal-gutter\"><div class=\"uncol style-light font-156269\"  ><div class=\"uncoltable\"><div class=\"uncell  boomapps_vccolumn\" ><div class=\"uncont double-block-padding col-custom-width style-color-xsdn-bg  unradius-std\" style=\"max-width:900px;\"><div class=\"vc_row row-internal row-container boomapps_vcrow\"><div class=\"row row-child\"><div class=\"wpb_row row-inner\"><div class=\"wpb_column pos-top pos-center align_center column_child col-lg-12 boomapps_vccolumn half-internal-gutter\"><div class=\"uncol style-light\" ><div class=\"uncoltable\"><div class=\"uncell  boomapps_vccolumn no-block-padding\" ><div class=\"uncont\"><div class=\"vc_custom_heading_wrap \"><div class=\"heading-text el-text\" ><h6 class=\"fontsize-160000 fontspace-135905 text-accent-color text-uppercase\" ><span>Notre processus UX<\/span><\/h6><\/div><div class=\"clear\"><\/div><\/div><div class=\"vc_custom_heading_wrap \"><div class=\"heading-text el-text\" ><h3 class=\"fontsize-155944\" ><span>Plusieurs \u00e9tapes pour aboutir au\u00a0meilleur r\u00e9sultat<\/span><\/h3><\/div><div class=\"clear\"><\/div><\/div><\/div><\/div><\/div><\/div><\/div><\/div><\/div><\/div><div class=\"uncode-accordion wpb_accordion wpb_content_element  sign-size-rg w-border\" data-collapsible=\"no\" data-target=\"\" data-active-tab=\"0\" >\n\t\t<div class=\"panel-group wpb_wrapper wpb_accordion_wrapper\" id=\"accordion_105664598\" role=\"tablist\" aria-multiselectable=\"true\" data-no-toggle=\"\">\n\n<div class=\"panel panel-default wpb_accordion_section group\"><div class=\"panel-heading wpb_accordion_header ui-accordion-header\" role=\"tab\"><p class=\"panel-title font-weight- text-   icon-size-rg\"><a data-toggle=\"collapse\" data-parent=\"#accordion_105664598\" href=\"#d21d5937-3bb0-215556789140011555679505952041e-36fd\"><span>Prise de contact<\/span><\/a><\/p><\/div><div id=\"d21d5937-3bb0-215556789140011555679505952041e-36fd\" class=\"panel-collapse collapse\" role=\"tabpanel\"><div class=\"panel-body wpb_accordion_content ui-accordion-content half-internal-gutter single-block-padding\">\n\t\t\t\t\t\t<div class=\"uncode_text_column\" ><p>Nous programmons une prise de contact physique ou t\u00e9l\u00e9phonique pour mieux comprendre votre produit et les d\u00e9fis actuels. Cela nous aide \u00e0 d\u00e9marrer notre collaboration et \u00e0 d\u00e9finir les prochaines \u00e9tapes.<\/p>\n<\/div><\/div><\/div><\/div><div class=\"panel panel-default wpb_accordion_section group\"><div class=\"panel-heading wpb_accordion_header ui-accordion-header\" role=\"tab\"><p class=\"panel-title font-weight- text-   icon-size-rg\"><a data-toggle=\"collapse\" data-parent=\"#accordion_105664598\" href=\"#6dad8f3c-7309-815556789140011555679505952041e-36fd\"><span>Recherche de tendances<\/span><\/a><\/p><\/div><div id=\"6dad8f3c-7309-815556789140011555679505952041e-36fd\" class=\"panel-collapse collapse\" role=\"tabpanel\"><div class=\"panel-body wpb_accordion_content ui-accordion-content half-internal-gutter single-block-padding\">\n\t\t\t\t\t\t<div class=\"uncode_text_column\" ><p>Nous observons, recherchons et nous interrogeons sur le parcours de vos prospects afin de mieux comprendre le march\u00e9 et d\u00e9finir les opportunit\u00e9s d&rsquo;affaires pour votre business.<\/p>\n<\/div><\/div><\/div><\/div><div class=\"panel panel-default wpb_accordion_section group\"><div class=\"panel-heading wpb_accordion_header ui-accordion-header\" role=\"tab\"><p class=\"panel-title font-weight- text-   icon-size-rg\"><a data-toggle=\"collapse\" data-parent=\"#accordion_105664598\" href=\"#9346230d-a835-915556789140011555679505952041e-36fd\"><span>Prototypes &amp; Tests<\/span><\/a><\/p><\/div><div id=\"9346230d-a835-915556789140011555679505952041e-36fd\" class=\"panel-collapse collapse\" role=\"tabpanel\"><div class=\"panel-body wpb_accordion_content ui-accordion-content half-internal-gutter single-block-padding\">\n\t\t\t\t\t\t<div class=\"uncode_text_column\" ><p>Nous r\u00e9alisons plusieurs prototypes et tests afin de d\u00e9couvrir la meilleure conception possible pour vos utilisateurs.<\/p>\n<\/div><\/div><\/div><\/div><div class=\"panel panel-default wpb_accordion_section group\"><div class=\"panel-heading wpb_accordion_header ui-accordion-header\" role=\"tab\"><p class=\"panel-title font-weight- text-   icon-size-rg\"><a data-toggle=\"collapse\" data-parent=\"#accordion_105664598\" href=\"#1555679162900-3-11555679505952041e-36fd\"><span>Strat\u00e9gie UX<\/span><\/a><\/p><\/div><div id=\"1555679162900-3-11555679505952041e-36fd\" class=\"panel-collapse collapse\" role=\"tabpanel\"><div class=\"panel-body wpb_accordion_content ui-accordion-content half-internal-gutter single-block-padding\">\n\t\t\t\t\t\t<div class=\"uncode_text_column\" ><p>Nous \u00e9laborons ensemble une strat\u00e9gie \u00e0 long terme en mati\u00e8re d&rsquo;UX pour votre produit et d\u00e9finissons les moyens de mesurer sa performance.<\/p>\n<\/div><\/div><\/div><\/div><div class=\"panel panel-default wpb_accordion_section group\"><div class=\"panel-heading wpb_accordion_header ui-accordion-header\" role=\"tab\"><p class=\"panel-title font-weight- text-   icon-size-rg\"><a data-toggle=\"collapse\" data-parent=\"#accordion_105664598\" href=\"#1567074438458-4-2\"><span>UI Design<\/span><\/a><\/p><\/div><div id=\"1567074438458-4-2\" class=\"panel-collapse collapse\" role=\"tabpanel\"><div class=\"panel-body wpb_accordion_content ui-accordion-content half-internal-gutter single-block-padding\">\n\t\t\t\t\t\t<div class=\"uncode_text_column\" ><p>\u00c0 la fin du processus, vous obtenez une interface utilisateur parfaitement mod\u00e9lis\u00e9e que nous sommes pr\u00eats \u00e0 ajuster en fonction de vos commentaires.<\/p>\n<\/div><\/div><\/div><\/div>\n\t\t<\/div><\/div><\/div><\/div><\/div><\/div><\/div><script id=\"script-row-unique-0\" data-row=\"script-row-unique-0\" type=\"text\/javascript\" class=\"vc_controls\">UNCODE.initRow(document.getElementById(\"row-unique-0\"));<\/script><\/div><\/div><\/div><div data-parent=\"true\" class=\"vc_row style-color-wayh-bg row-container boomapps_vcrow\" id=\"row-unique-1\"><div class=\"row no-top-padding no-bottom-padding no-h-padding full-width row-parent\" style=\"max-width:804px; margin-left:auto; margin-right:auto;\"><div class=\"wpb_row row-inner\"><div class=\"wpb_column pos-top pos-center align_center column_parent col-lg-12 boomapps_vccolumn single-internal-gutter\"><div class=\"uncol style-light\"  ><div class=\"uncoltable\"><div class=\"uncell  boomapps_vccolumn no-block-padding\" ><div class=\"uncont\"><div class=\"empty-space empty-single\" ><span class=\"empty-space-inner\"><\/span><\/div>\n\n\t<div class=\"wpb_raw_code wpb_raw_html \" >\n\t\t<div class=\"wpb_wrapper\">\n\t\t\t<div data-tf-live=\"01HHM9B1ADP08W2Q2EDYMGN43F\"><\/div><script src=\"\/\/embed.typeform.com\/next\/embed.js\"><\/script>\n\t\t<\/div>\n\t<\/div>\n<\/div><\/div><\/div><\/div><\/div><script id=\"script-row-unique-1\" data-row=\"script-row-unique-1\" type=\"text\/javascript\" class=\"vc_controls\">UNCODE.initRow(document.getElementById(\"row-unique-1\"));<\/script><\/div><\/div><\/div>\n<\/div>","protected":false},"excerpt":{"rendered":"<p>Carousel steadily growing in popularity over the past few years.<\/p>\n","protected":false},"author":1,"featured_media":79999,"parent":0,"menu_order":0,"comment_status":"open","ping_status":"closed","template":"","meta":{"bgseo_title":"","bgseo_description":"","bgseo_robots_index":"index","bgseo_robots_follow":"follow","footnotes":""},"class_list":["post-4480","page","type-page","status-publish","has-post-thumbnail","hentry"],"aioseo_notices":[],"_links":{"self":[{"href":"https:\/\/noisydigital.com\/fr_fr\/wp-json\/wp\/v2\/pages\/4480","targetHints":{"allow":["GET"]}}],"collection":[{"href":"https:\/\/noisydigital.com\/fr_fr\/wp-json\/wp\/v2\/pages"}],"about":[{"href":"https:\/\/noisydigital.com\/fr_fr\/wp-json\/wp\/v2\/types\/page"}],"author":[{"embeddable":true,"href":"https:\/\/noisydigital.com\/fr_fr\/wp-json\/wp\/v2\/users\/1"}],"replies":[{"embeddable":true,"href":"https:\/\/noisydigital.com\/fr_fr\/wp-json\/wp\/v2\/comments?post=4480"}],"version-history":[{"count":4,"href":"https:\/\/noisydigital.com\/fr_fr\/wp-json\/wp\/v2\/pages\/4480\/revisions"}],"predecessor-version":[{"id":81681,"href":"https:\/\/noisydigital.com\/fr_fr\/wp-json\/wp\/v2\/pages\/4480\/revisions\/81681"}],"wp:featuredmedia":[{"embeddable":true,"href":"https:\/\/noisydigital.com\/fr_fr\/wp-json\/wp\/v2\/media\/79999"}],"wp:attachment":[{"href":"https:\/\/noisydigital.com\/fr_fr\/wp-json\/wp\/v2\/media?parent=4480"}],"curies":[{"name":"wp","href":"https:\/\/api.w.org\/{rel}","templated":true}]}}