{"id":20949,"date":"2015-06-08T09:25:15","date_gmt":"2015-06-08T07:25:15","guid":{"rendered":"https:\/\/undsgn.com\/uncode\/?page_id=20949"},"modified":"2015-06-08T09:25:15","modified_gmt":"2015-06-08T07:25:15","slug":"blog-boxed-bigtext","status":"publish","type":"page","link":"https:\/\/noisydigital.com\/fr_fr\/blog\/blog-boxed-bigtext\/","title":{"rendered":"Blog BigText Boxed"},"content":{"rendered":"<div class=\"wpb-content-wrapper\"><div data-parent=\"true\" class=\"vc_row row-container boomapps_vcrow\" id=\"row-unique-0\"><div class=\"row double-top-padding double-bottom-padding single-h-padding limit-width row-parent\"><div class=\"wpb_row row-inner\"><div class=\"wpb_column pos-top pos-center align_left column_parent col-lg-12 boomapps_vccolumn single-internal-gutter\"><div class=\"uncol style-light\"  ><div class=\"uncoltable\"><div class=\"uncell  boomapps_vccolumn no-block-padding\" ><div class=\"uncont\"><div id=\"index-197143\" class=\"isotope-system isotope-general-light grid-general-light\" >\n\t\t\t\n\t\t\t\t\t\t<div class=\"isotope-wrapper grid-wrapper single-gutter\">\t\t\t\t\t\t<div class=\"isotope-container grid-container isotope-layout style-masonry isotope-pagination grid-pagination\" data-type=\"masonry\" data-layout=\"vertical\" data-lg=\"1000\" data-md=\"600\" data-sm=\"480\" data-vp-height=\"\">\t\t\t<div class=\"tmb atc-typography-inherit tmb-iso-w12 tmb-iso-h4 tmb-light tmb-overlay-text-anim tmb-overlay-anim tmb-content-center tmb-image-anim tmb-entry-title-uppercase  grid-cat-9 grid-cat-296 tmb-id-81692 tmb-only-text tmb-content-under tmb-no-bg\" ><div class=\"t-inside animate_when_almost_visible bottom-t-top\" data-delay=\"200\"><div class=\"t-entry-text\">\n\t\t\t\t\t\t\t\t\t<div class=\"t-entry-text-tc no-block-padding\"><div class=\"t-entry\"><h3 class=\"t-entry-title font-156269 bigtext font-weight-700 fontheight-179065 title-scale\"><a href=\"https:\/\/noisydigital.com\/fr_fr\/les-reseaux-sociaux-au-senegal-les-chiffres-en-2024\/\" target=\"_self\">Les r\u00e9seaux sociaux au S\u00e9n\u00e9gal, les chiffres en 2024<\/a><\/h3><\/div><\/div>\n\t\t\t\t\t\t\t<\/div><\/div><\/div><div class=\"tmb atc-typography-inherit tmb-iso-w12 tmb-iso-h4 tmb-light tmb-overlay-text-anim tmb-overlay-anim tmb-content-center tmb-image-anim tmb-entry-title-uppercase  grid-cat-296 grid-cat-1348 tmb-id-81170 tmb-only-text tmb-content-under tmb-no-bg\" ><div class=\"t-inside animate_when_almost_visible bottom-t-top\" data-delay=\"200\"><div class=\"t-entry-text\">\n\t\t\t\t\t\t\t\t\t<div class=\"t-entry-text-tc no-block-padding\"><div class=\"t-entry\"><h3 class=\"t-entry-title font-156269 bigtext font-weight-700 fontheight-179065 title-scale\"><a href=\"https:\/\/noisydigital.com\/fr_fr\/le-podcast-comme-strategie-marketing\/\" target=\"_self\">Le Podcast comme Strat\u00e9gie Marketing<\/a><\/h3><\/div><\/div>\n\t\t\t\t\t\t\t<\/div><\/div><\/div><div class=\"tmb atc-typography-inherit tmb-iso-w12 tmb-iso-h4 tmb-light tmb-overlay-text-anim tmb-overlay-anim tmb-content-center tmb-image-anim tmb-entry-title-uppercase  grid-cat-9 grid-cat-1349 tmb-id-81315 tmb-only-text tmb-content-under tmb-no-bg\" ><div class=\"t-inside animate_when_almost_visible bottom-t-top\" data-delay=\"200\"><div class=\"t-entry-text\">\n\t\t\t\t\t\t\t\t\t<div class=\"t-entry-text-tc no-block-padding\"><div class=\"t-entry\"><h3 class=\"t-entry-title font-156269 bigtext font-weight-700 fontheight-179065 title-scale\"><a href=\"https:\/\/noisydigital.com\/fr_fr\/metavers-cette-technologie-immersive-du-futur\/\" target=\"_self\">M\u00e9tavers, cette technologie immersive du futur<\/a><\/h3><\/div><\/div>\n\t\t\t\t\t\t\t<\/div><\/div><\/div><div class=\"tmb atc-typography-inherit tmb-iso-w12 tmb-iso-h4 tmb-light tmb-overlay-text-anim tmb-overlay-anim tmb-content-center tmb-image-anim tmb-entry-title-uppercase  grid-cat-9 grid-cat-296 tmb-id-81114 tmb-only-text tmb-content-under tmb-no-bg\" ><div class=\"t-inside animate_when_almost_visible bottom-t-top\" data-delay=\"200\"><div class=\"t-entry-text\">\n\t\t\t\t\t\t\t\t\t<div class=\"t-entry-text-tc no-block-padding\"><div class=\"t-entry\"><h3 class=\"t-entry-title font-156269 bigtext font-weight-700 fontheight-179065 title-scale\"><a href=\"https:\/\/noisydigital.com\/fr_fr\/les-chiffres-du-numerique-en-2021-au-senegal\/\" target=\"_self\">Le Num\u00e9rique au S\u00e9n\u00e9gal, les chiffres en 2021<\/a><\/h3><\/div><\/div>\n\t\t\t\t\t\t\t<\/div><\/div><\/div><div class=\"tmb atc-typography-inherit tmb-iso-w12 tmb-iso-h4 tmb-light tmb-overlay-text-anim tmb-overlay-anim tmb-content-center tmb-image-anim tmb-entry-title-uppercase  grid-cat-9 tmb-id-81090 tmb-only-text tmb-content-under tmb-no-bg\" ><div class=\"t-inside animate_when_almost_visible bottom-t-top\" data-delay=\"200\"><div class=\"t-entry-text\">\n\t\t\t\t\t\t\t\t\t<div class=\"t-entry-text-tc no-block-padding\"><div class=\"t-entry\"><h3 class=\"t-entry-title font-156269 bigtext font-weight-700 fontheight-179065 title-scale\"><a href=\"https:\/\/noisydigital.com\/fr_fr\/twitter-certifier-un-compte-cest-facile-en-2021\/\" target=\"_self\">Twitter : Certifier son compte Twitter, c&rsquo;est facile en 2021<\/a><\/h3><\/div><\/div>\n\t\t\t\t\t\t\t<\/div><\/div><\/div><div class=\"tmb atc-typography-inherit tmb-iso-w12 tmb-iso-h4 tmb-light tmb-overlay-text-anim tmb-overlay-anim tmb-content-center tmb-image-anim tmb-entry-title-uppercase  grid-cat-1 tmb-id-81067 tmb-only-text tmb-content-under tmb-no-bg\" ><div class=\"t-inside animate_when_almost_visible bottom-t-top\" data-delay=\"200\"><div class=\"t-entry-text\">\n\t\t\t\t\t\t\t\t\t<div class=\"t-entry-text-tc no-block-padding\"><div class=\"t-entry\"><h3 class=\"t-entry-title font-156269 bigtext font-weight-700 fontheight-179065 title-scale\"><a href=\"https:\/\/noisydigital.com\/fr_fr\/covid-19-la-technologie-au-secours-des-competitions-sportives\/\" target=\"_self\">COVID-19 : la technologie au secours des comp\u00e9titions sportives<\/a><\/h3><\/div><\/div>\n\t\t\t\t\t\t\t<\/div><\/div><\/div><div class=\"tmb atc-typography-inherit tmb-iso-w12 tmb-iso-h4 tmb-light tmb-overlay-text-anim tmb-overlay-anim tmb-content-center tmb-image-anim tmb-entry-title-uppercase  grid-cat-1 tmb-id-81052 tmb-only-text tmb-content-under tmb-no-bg\" ><div class=\"t-inside animate_when_almost_visible bottom-t-top\" data-delay=\"200\"><div class=\"t-entry-text\">\n\t\t\t\t\t\t\t\t\t<div class=\"t-entry-text-tc no-block-padding\"><div class=\"t-entry\"><h3 class=\"t-entry-title font-156269 bigtext font-weight-700 fontheight-179065 title-scale\"><a href=\"https:\/\/noisydigital.com\/fr_fr\/twitter-des-tweets-sur-snapchat-et-instagram\/\" target=\"_self\">Twitter : des tweets sur Snapchat et Instagram<\/a><\/h3><\/div><\/div>\n\t\t\t\t\t\t\t<\/div><\/div><\/div><div class=\"tmb atc-typography-inherit tmb-iso-w12 tmb-iso-h4 tmb-light tmb-overlay-text-anim tmb-overlay-anim tmb-content-center tmb-image-anim tmb-entry-title-uppercase  grid-cat-9 tmb-id-81045 tmb-only-text tmb-content-under tmb-no-bg\" ><div class=\"t-inside animate_when_almost_visible bottom-t-top\" data-delay=\"200\"><div class=\"t-entry-text\">\n\t\t\t\t\t\t\t\t\t<div class=\"t-entry-text-tc no-block-padding\"><div class=\"t-entry\"><h3 class=\"t-entry-title font-156269 bigtext font-weight-700 fontheight-179065 title-scale\"><a href=\"https:\/\/noisydigital.com\/fr_fr\/tiktok-devant-facebook\/\" target=\"_self\">Tiktok, l&rsquo;application la plus t\u00e9l\u00e9charg\u00e9e de 2020 devant Facebook<\/a><\/h3><\/div><\/div>\n\t\t\t\t\t\t\t<\/div><\/div><\/div><div class=\"tmb atc-typography-inherit tmb-iso-w12 tmb-iso-h4 tmb-light tmb-overlay-text-anim tmb-overlay-anim tmb-content-center tmb-image-anim tmb-entry-title-uppercase  grid-cat-9 tmb-id-81010 tmb-only-text tmb-content-under tmb-no-bg\" ><div class=\"t-inside animate_when_almost_visible bottom-t-top\" data-delay=\"200\"><div class=\"t-entry-text\">\n\t\t\t\t\t\t\t\t\t<div class=\"t-entry-text-tc no-block-padding\"><div class=\"t-entry\"><h3 class=\"t-entry-title font-156269 bigtext font-weight-700 fontheight-179065 title-scale\"><a href=\"https:\/\/noisydigital.com\/fr_fr\/vous-pouvez-desormais-monetiser-vos-contenus-sur-instagram\/\" target=\"_self\">Vous pouvez d\u00e9sormais mon\u00e9tiser vos contenus sur Instagram !<\/a><\/h3><\/div><\/div>\n\t\t\t\t\t\t\t<\/div><\/div><\/div><div class=\"tmb atc-typography-inherit tmb-iso-w12 tmb-iso-h4 tmb-light tmb-overlay-text-anim tmb-overlay-anim tmb-content-center tmb-image-anim tmb-entry-title-uppercase  grid-cat-9 tmb-id-80859 tmb-only-text tmb-content-under tmb-no-bg\" ><div class=\"t-inside animate_when_almost_visible bottom-t-top\" data-delay=\"200\"><div class=\"t-entry-text\">\n\t\t\t\t\t\t\t\t\t<div class=\"t-entry-text-tc no-block-padding\"><div class=\"t-entry\"><h3 class=\"t-entry-title font-156269 bigtext font-weight-700 fontheight-179065 title-scale\"><a href=\"https:\/\/noisydigital.com\/fr_fr\/facebook-shops-la-revolution-du-e-commerce\/\" target=\"_self\">Facebook Shops : la r\u00e9volution du E-commerce?<\/a><\/h3><\/div><\/div>\n\t\t\t\t\t\t\t<\/div><\/div><\/div><div class=\"tmb atc-typography-inherit tmb-iso-w12 tmb-iso-h4 tmb-light tmb-overlay-text-anim tmb-overlay-anim tmb-content-center tmb-image-anim tmb-entry-title-uppercase  grid-cat-1348 tmb-id-80830 tmb-only-text tmb-content-under tmb-no-bg\" ><div class=\"t-inside animate_when_almost_visible bottom-t-top\" data-delay=\"200\"><div class=\"t-entry-text\">\n\t\t\t\t\t\t\t\t\t<div class=\"t-entry-text-tc no-block-padding\"><div class=\"t-entry\"><h3 class=\"t-entry-title font-156269 bigtext font-weight-700 fontheight-179065 title-scale\"><a href=\"https:\/\/noisydigital.com\/fr_fr\/les-objectifs-pour-dynamiser-votre-strategie-dans-les-reseaux-sociaux-en-2020\/\" target=\"_self\">Les objectifs pour dynamiser votre strat\u00e9gie dans les r\u00e9seaux sociaux en 2020<\/a><\/h3><\/div><\/div>\n\t\t\t\t\t\t\t<\/div><\/div><\/div><div class=\"tmb atc-typography-inherit tmb-iso-w12 tmb-iso-h4 tmb-light tmb-overlay-text-anim tmb-overlay-anim tmb-content-center tmb-image-anim tmb-entry-title-uppercase  grid-cat-296 tmb-id-80351 tmb-only-text tmb-content-under tmb-no-bg\" ><div class=\"t-inside animate_when_almost_visible bottom-t-top\" data-delay=\"200\"><div class=\"t-entry-text\">\n\t\t\t\t\t\t\t\t\t<div class=\"t-entry-text-tc no-block-padding\"><div class=\"t-entry\"><h3 class=\"t-entry-title font-156269 bigtext font-weight-700 fontheight-179065 title-scale\"><a href=\"https:\/\/noisydigital.com\/fr_fr\/comment-le-dragon-de-liberte-6-est-devenu-viral\/\" target=\"_self\">Comment le Dragon de Libert\u00e9 6 est devenu viral\u00a0?<\/a><\/h3><\/div><\/div>\n\t\t\t\t\t\t\t<\/div><\/div><\/div>\t\t<\/div>\n\t\n\n\t<\/div>\t\t\t<\/div>\n<\/div><\/div><\/div><\/div><\/div><script id=\"script-row-unique-0\" data-row=\"script-row-unique-0\" type=\"text\/javascript\" class=\"vc_controls\">UNCODE.initRow(document.getElementById(\"row-unique-0\"));<\/script><\/div><\/div><\/div>\n<\/div>","protected":false},"excerpt":{"rendered":"<p>Get creative and explode your messages with the BigText.<\/p>\n","protected":false},"author":1,"featured_media":11306,"parent":36645,"menu_order":0,"comment_status":"open","ping_status":"closed","template":"","meta":{"bgseo_title":"","bgseo_description":"","bgseo_robots_index":"","bgseo_robots_follow":"","footnotes":""},"class_list":["post-20949","page","type-page","status-publish","has-post-thumbnail","hentry"],"aioseo_notices":[],"_links":{"self":[{"href":"https:\/\/noisydigital.com\/fr_fr\/wp-json\/wp\/v2\/pages\/20949","targetHints":{"allow":["GET"]}}],"collection":[{"href":"https:\/\/noisydigital.com\/fr_fr\/wp-json\/wp\/v2\/pages"}],"about":[{"href":"https:\/\/noisydigital.com\/fr_fr\/wp-json\/wp\/v2\/types\/page"}],"author":[{"embeddable":true,"href":"https:\/\/noisydigital.com\/fr_fr\/wp-json\/wp\/v2\/users\/1"}],"replies":[{"embeddable":true,"href":"https:\/\/noisydigital.com\/fr_fr\/wp-json\/wp\/v2\/comments?post=20949"}],"version-history":[{"count":0,"href":"https:\/\/noisydigital.com\/fr_fr\/wp-json\/wp\/v2\/pages\/20949\/revisions"}],"up":[{"embeddable":true,"href":"https:\/\/noisydigital.com\/fr_fr\/wp-json\/wp\/v2\/pages\/36645"}],"wp:featuredmedia":[{"embeddable":true,"href":"https:\/\/noisydigital.com\/fr_fr\/wp-json\/wp\/v2\/media\/11306"}],"wp:attachment":[{"href":"https:\/\/noisydigital.com\/fr_fr\/wp-json\/wp\/v2\/media?parent=20949"}],"curies":[{"name":"wp","href":"https:\/\/api.w.org\/{rel}","templated":true}]}}