{"id":109,"date":"2016-06-02T10:37:53","date_gmt":"2016-06-02T10:37:53","guid":{"rendered":"http:\/\/bridge43.qodeinteractive.com\/?page_id=109"},"modified":"2019-09-12T00:12:31","modified_gmt":"2019-09-12T00:12:31","slug":"blogdudof","status":"publish","type":"page","link":"https:\/\/noisydigital.com\/fr_fr\/blogdudof\/","title":{"rendered":"Dof du Digital (Blog)"},"content":{"rendered":"<div class=\"wpb-content-wrapper\"><div data-parent=\"true\" class=\"vc_row style-color-wayh-bg row-container boomapps_vcrow\" id=\"row-unique-0\"><div class=\"row quad-top-padding quad-bottom-padding single-h-padding limit-width row-parent\"><div class=\"wpb_row row-inner\"><div class=\"wpb_column pos-top pos-center align_left column_parent col-lg-12 boomapps_vccolumn single-internal-gutter\"><div class=\"uncol style-light\"  ><div class=\"uncoltable\"><div class=\"uncell  boomapps_vccolumn no-block-padding\" ><div class=\"uncont\"><div id=\"index-1\" class=\"isotope-system isotope-general-light grid-general-light\" >\n\t\t\t\n\t\t\t\t\t\t<div class=\"isotope-wrapper grid-wrapper half-gutter\">\t\t\t\t\t\t<div class=\"isotope-container grid-container isotope-layout style-metro isotope-pagination grid-pagination\" data-type=\"metro\" data-layout=\"masonry\" data-lg=\"960\" data-md=\"770\" data-sm=\"640\" data-vp-height=\"\">\t\t\t<div class=\"tmb atc-typography-inherit tmb-iso-w6 tmb-iso-h6 tmb-light tmb-overlay-gradient-bottom tmb-text-showed tmb-overlay-showed tmb-overlay-anim tmb-overlay-text-reduced tmb-overlay-left tmb-overlay-bottom tmb-overlay-text-left tmb-image-anim  grid-cat-9 grid-cat-296 tmb-id-81692 tmb-media-first tmb-media-last tmb-content-overlay tmb-no-bg\" ><div class=\"t-inside animate_when_almost_visible bottom-t-top\" data-delay=\"200\"><div class=\"t-entry-visual\"><div class=\"t-entry-visual-tc\"><div class=\"t-entry-visual-cont\"><span class=\"t-cat-over t-cat-no-link single-block-padding t-cat-over-topright\"><span class=\"t-entry-category t-cat-over-inner\"><span class=\"t-entry-cat-single\"><span class=\"bordered-cat tmb-term-evidence font-ui\">Actu R\u00e9seaux Sociaux<\/span><\/span><\/span><span class=\"t-entry-category t-cat-over-inner\"><span class=\"t-entry-cat-single\"><span class=\"bordered-cat tmb-term-evidence font-ui\">Case Study<\/span><\/span><\/span><\/span><a tabindex=\"-1\" href=\"https:\/\/noisydigital.com\/fr_fr\/les-reseaux-sociaux-au-senegal-les-chiffres-en-2024\/\" target=\"_self\" data-lb-index=\"0\"><div class=\"t-entry-visual-overlay\"><div class=\"t-entry-visual-overlay-in style-color-wayh-bg\" style=\"opacity: 0.5;\"><\/div><\/div><div class=\"t-overlay-wrap\"><div class=\"t-overlay-inner\">\n\t\t\t\t\t\t\t\t\t\t\t\t\t\t<div class=\"t-overlay-content\">\n\t\t\t\t\t\t\t\t\t\t\t\t\t\t\t<div class=\"t-overlay-text single-block-padding\"><div class=\"t-entry\"><p class=\"t-entry-meta\"><span class=\"t-entry-date\">3 avril 2024<\/span><\/p><h3 class=\"t-entry-title h3 title-scale\">Les r\u00e9seaux sociaux au S\u00e9n\u00e9gal, les chiffres en 2024<\/h3><\/div><\/div><\/div><\/div><\/div><div class=\"t-background-cover\" style=\"background-image:url('https:\/\/noisydigital.com\/wp-content\/uploads\/2024\/04\/photos-d-enfants-reseaux-sociaux-uai-563x563.jpg')\"><\/div><\/a><\/div>\n\t\t\t\t\t<\/div>\n\t\t\t\t<\/div><\/div><\/div><div class=\"tmb atc-typography-inherit tmb-iso-w3 tmb-iso-h3 tmb-light tmb-overlay-gradient-bottom tmb-text-showed tmb-overlay-showed tmb-overlay-anim tmb-overlay-text-reduced tmb-overlay-left tmb-overlay-bottom tmb-overlay-text-left tmb-image-anim  grid-cat-296 grid-cat-1348 tmb-id-81170 tmb-media-first tmb-media-last tmb-content-overlay tmb-no-bg\" ><div class=\"t-inside animate_when_almost_visible bottom-t-top\" data-delay=\"200\"><div class=\"t-entry-visual\"><div class=\"t-entry-visual-tc\"><div class=\"t-entry-visual-cont\"><span class=\"t-cat-over t-cat-no-link single-block-padding t-cat-over-topright\"><span class=\"t-entry-category t-cat-over-inner\"><span class=\"t-entry-cat-single\"><span class=\"bordered-cat tmb-term-evidence font-ui\">Case Study<\/span><\/span><\/span><span class=\"t-entry-category t-cat-over-inner\"><span class=\"t-entry-cat-single\"><span class=\"bordered-cat tmb-term-evidence font-ui\">Bonnes Pratiques<\/span><\/span><\/span><\/span><a tabindex=\"-1\" href=\"https:\/\/noisydigital.com\/fr_fr\/le-podcast-comme-strategie-marketing\/\" target=\"_self\" data-lb-index=\"1\"><div class=\"t-entry-visual-overlay\"><div class=\"t-entry-visual-overlay-in style-color-wayh-bg\" style=\"opacity: 0.5;\"><\/div><\/div><div class=\"t-overlay-wrap\"><div class=\"t-overlay-inner\">\n\t\t\t\t\t\t\t\t\t\t\t\t\t\t<div class=\"t-overlay-content\">\n\t\t\t\t\t\t\t\t\t\t\t\t\t\t\t<div class=\"t-overlay-text single-block-padding\"><div class=\"t-entry\"><p class=\"t-entry-meta\"><span class=\"t-entry-date\">11 mars 2022<\/span><\/p><h3 class=\"t-entry-title h5 title-scale\">Le Podcast comme Strat\u00e9gie Marketing<\/h3><\/div><\/div><\/div><\/div><\/div><div class=\"t-background-cover\" style=\"background-image:url('https:\/\/noisydigital.com\/wp-content\/uploads\/2022\/03\/le-podcast-comme-strategie-de-contenu-uai-320x320.png')\"><\/div><\/a><\/div>\n\t\t\t\t\t<\/div>\n\t\t\t\t<\/div><\/div><\/div><div class=\"tmb atc-typography-inherit tmb-iso-w3 tmb-iso-h3 tmb-light tmb-overlay-gradient-bottom tmb-text-showed tmb-overlay-showed tmb-overlay-anim tmb-overlay-text-reduced tmb-overlay-left tmb-overlay-bottom tmb-overlay-text-left tmb-image-anim  grid-cat-9 grid-cat-1349 tmb-id-81315 tmb-media-first tmb-media-last tmb-content-overlay tmb-no-bg\" ><div class=\"t-inside animate_when_almost_visible bottom-t-top\" data-delay=\"200\"><div class=\"t-entry-visual\"><div class=\"t-entry-visual-tc\"><div class=\"t-entry-visual-cont\"><span class=\"t-cat-over t-cat-no-link single-block-padding t-cat-over-topright\"><span class=\"t-entry-category t-cat-over-inner\"><span class=\"t-entry-cat-single\"><span class=\"bordered-cat tmb-term-evidence font-ui\">Actu R\u00e9seaux Sociaux<\/span><\/span><\/span><span class=\"t-entry-category t-cat-over-inner\"><span class=\"t-entry-cat-single\"><span class=\"bordered-cat tmb-term-evidence font-ui\">Tendances<\/span><\/span><\/span><\/span><a tabindex=\"-1\" href=\"https:\/\/noisydigital.com\/fr_fr\/metavers-cette-technologie-immersive-du-futur\/\" target=\"_self\" data-lb-index=\"2\"><div class=\"t-entry-visual-overlay\"><div class=\"t-entry-visual-overlay-in style-color-wayh-bg\" style=\"opacity: 0.5;\"><\/div><\/div><div class=\"t-overlay-wrap\"><div class=\"t-overlay-inner\">\n\t\t\t\t\t\t\t\t\t\t\t\t\t\t<div class=\"t-overlay-content\">\n\t\t\t\t\t\t\t\t\t\t\t\t\t\t\t<div class=\"t-overlay-text single-block-padding\"><div class=\"t-entry\"><p class=\"t-entry-meta\"><span class=\"t-entry-date\">3 f\u00e9vrier 2022<\/span><\/p><h3 class=\"t-entry-title h5 title-scale\">M\u00e9tavers, cette technologie immersive du futur<\/h3><\/div><\/div><\/div><\/div><\/div><div class=\"t-background-cover\" style=\"background-image:url('https:\/\/noisydigital.com\/wp-content\/uploads\/2022\/02\/Metaverse-technologie-immersive-du-futur-noisy-digital-uai-628x628.jpg')\"><\/div><\/a><\/div>\n\t\t\t\t\t<\/div>\n\t\t\t\t<\/div><\/div><\/div><div class=\"tmb atc-typography-inherit tmb-iso-w6 tmb-iso-h6 tmb-light tmb-overlay-gradient-bottom tmb-text-showed tmb-overlay-showed tmb-overlay-anim tmb-overlay-text-reduced tmb-overlay-left tmb-overlay-bottom tmb-overlay-text-left tmb-image-anim  grid-cat-9 grid-cat-296 tmb-id-81114 tmb-media-first tmb-media-last tmb-content-overlay tmb-no-bg\" ><div class=\"t-inside animate_when_almost_visible bottom-t-top\" data-delay=\"200\"><div class=\"t-entry-visual\"><div class=\"t-entry-visual-tc\"><div class=\"t-entry-visual-cont\"><span class=\"t-cat-over t-cat-no-link single-block-padding t-cat-over-topright\"><span class=\"t-entry-category t-cat-over-inner\"><span class=\"t-entry-cat-single\"><span class=\"bordered-cat tmb-term-evidence font-ui\">Actu R\u00e9seaux Sociaux<\/span><\/span><\/span><span class=\"t-entry-category t-cat-over-inner\"><span class=\"t-entry-cat-single\"><span class=\"bordered-cat tmb-term-evidence font-ui\">Case Study<\/span><\/span><\/span><\/span><a tabindex=\"-1\" href=\"https:\/\/noisydigital.com\/fr_fr\/les-chiffres-du-numerique-en-2021-au-senegal\/\" target=\"_self\" data-lb-index=\"3\"><div class=\"t-entry-visual-overlay\"><div class=\"t-entry-visual-overlay-in style-color-wayh-bg\" style=\"opacity: 0.5;\"><\/div><\/div><div class=\"t-overlay-wrap\"><div class=\"t-overlay-inner\">\n\t\t\t\t\t\t\t\t\t\t\t\t\t\t<div class=\"t-overlay-content\">\n\t\t\t\t\t\t\t\t\t\t\t\t\t\t\t<div class=\"t-overlay-text single-block-padding\"><div class=\"t-entry\"><p class=\"t-entry-meta\"><span class=\"t-entry-date\">18 f\u00e9vrier 2021<\/span><\/p><h3 class=\"t-entry-title h3 title-scale\">Le Num\u00e9rique au S\u00e9n\u00e9gal, les chiffres en 2021<\/h3><\/div><\/div><\/div><\/div><\/div><div class=\"t-background-cover\" style=\"background-image:url('https:\/\/noisydigital.com\/wp-content\/uploads\/2021\/02\/noisy-article-uai-630x630.jpg')\"><\/div><\/a><\/div>\n\t\t\t\t\t<\/div>\n\t\t\t\t<\/div><\/div><\/div><div class=\"tmb atc-typography-inherit tmb-iso-w3 tmb-iso-h3 tmb-light tmb-overlay-gradient-bottom tmb-text-showed tmb-overlay-showed tmb-overlay-anim tmb-overlay-text-reduced tmb-overlay-left tmb-overlay-bottom tmb-overlay-text-left tmb-image-anim  grid-cat-9 tmb-id-81090 tmb-media-first tmb-media-last tmb-content-overlay tmb-no-bg\" ><div class=\"t-inside animate_when_almost_visible bottom-t-top\" data-delay=\"200\"><div class=\"t-entry-visual\"><div class=\"t-entry-visual-tc\"><div class=\"t-entry-visual-cont\"><span class=\"t-cat-over t-cat-no-link single-block-padding t-cat-over-topright\"><span class=\"t-entry-category t-cat-over-inner\"><span class=\"t-entry-cat-single\"><span class=\"bordered-cat tmb-term-evidence font-ui\">Actu R\u00e9seaux Sociaux<\/span><\/span><\/span><\/span><a tabindex=\"-1\" href=\"https:\/\/noisydigital.com\/fr_fr\/twitter-certifier-un-compte-cest-facile-en-2021\/\" target=\"_self\" data-lb-index=\"4\"><div class=\"t-entry-visual-overlay\"><div class=\"t-entry-visual-overlay-in style-color-wayh-bg\" style=\"opacity: 0.5;\"><\/div><\/div><div class=\"t-overlay-wrap\"><div class=\"t-overlay-inner\">\n\t\t\t\t\t\t\t\t\t\t\t\t\t\t<div class=\"t-overlay-content\">\n\t\t\t\t\t\t\t\t\t\t\t\t\t\t\t<div class=\"t-overlay-text single-block-padding\"><div class=\"t-entry\"><p class=\"t-entry-meta\"><span class=\"t-entry-date\">6 janvier 2021<\/span><\/p><h3 class=\"t-entry-title h5 title-scale\">Twitter : Certifier son compte Twitter, c&rsquo;est facile en 2021<\/h3><\/div><\/div><\/div><\/div><\/div><div class=\"t-background-cover\" style=\"background-image:url('https:\/\/noisydigital.com\/wp-content\/uploads\/2021\/01\/telechargement-uai-167x167.jpg')\"><\/div><\/a><\/div>\n\t\t\t\t\t<\/div>\n\t\t\t\t<\/div><\/div><\/div><div class=\"tmb atc-typography-inherit tmb-iso-w3 tmb-iso-h3 tmb-light tmb-overlay-gradient-bottom tmb-text-showed tmb-overlay-showed tmb-overlay-anim tmb-overlay-text-reduced tmb-overlay-left tmb-overlay-bottom tmb-overlay-text-left tmb-image-anim  grid-cat-1 tmb-id-81067 tmb-media-first tmb-media-last tmb-content-overlay tmb-no-bg\" ><div class=\"t-inside animate_when_almost_visible bottom-t-top\" data-delay=\"200\"><div class=\"t-entry-visual\"><div class=\"t-entry-visual-tc\"><div class=\"t-entry-visual-cont\"><span class=\"t-cat-over t-cat-no-link single-block-padding t-cat-over-topright\"><span class=\"t-entry-category t-cat-over-inner\"><span class=\"t-entry-cat-single\"><span class=\"bordered-cat tmb-term-evidence font-ui\">Non classifi\u00e9(e)<\/span><\/span><\/span><\/span><a tabindex=\"-1\" href=\"https:\/\/noisydigital.com\/fr_fr\/covid-19-la-technologie-au-secours-des-competitions-sportives\/\" target=\"_self\" data-lb-index=\"5\"><div class=\"t-entry-visual-overlay\"><div class=\"t-entry-visual-overlay-in style-color-wayh-bg\" style=\"opacity: 0.5;\"><\/div><\/div><div class=\"t-overlay-wrap\"><div class=\"t-overlay-inner\">\n\t\t\t\t\t\t\t\t\t\t\t\t\t\t<div class=\"t-overlay-content\">\n\t\t\t\t\t\t\t\t\t\t\t\t\t\t\t<div class=\"t-overlay-text single-block-padding\"><div class=\"t-entry\"><p class=\"t-entry-meta\"><span class=\"t-entry-date\">29 d\u00e9cembre 2020<\/span><\/p><h3 class=\"t-entry-title h5 title-scale\">COVID-19 : la technologie au secours des comp\u00e9titions sportives<\/h3><\/div><\/div><\/div><\/div><\/div><div class=\"t-background-cover\" style=\"background-image:url('https:\/\/noisydigital.com\/wp-content\/uploads\/2020\/12\/foot-covid-uai-345x345.jpg')\"><\/div><\/a><\/div>\n\t\t\t\t\t<\/div>\n\t\t\t\t<\/div><\/div><\/div><div class=\"tmb atc-typography-inherit tmb-iso-w6 tmb-iso-h6 tmb-light tmb-overlay-gradient-bottom tmb-text-showed tmb-overlay-showed tmb-overlay-anim tmb-overlay-text-reduced tmb-overlay-left tmb-overlay-bottom tmb-overlay-text-left tmb-image-anim  grid-cat-1 tmb-id-81052 tmb-media-first tmb-media-last tmb-content-overlay tmb-no-bg\" ><div class=\"t-inside animate_when_almost_visible bottom-t-top\" data-delay=\"200\"><div class=\"t-entry-visual\"><div class=\"t-entry-visual-tc\"><div class=\"t-entry-visual-cont\"><span class=\"t-cat-over t-cat-no-link single-block-padding t-cat-over-topright\"><span class=\"t-entry-category t-cat-over-inner\"><span class=\"t-entry-cat-single\"><span class=\"bordered-cat tmb-term-evidence font-ui\">Non classifi\u00e9(e)<\/span><\/span><\/span><\/span><a tabindex=\"-1\" href=\"https:\/\/noisydigital.com\/fr_fr\/twitter-des-tweets-sur-snapchat-et-instagram\/\" target=\"_self\" data-lb-index=\"6\"><div class=\"t-entry-visual-overlay\"><div class=\"t-entry-visual-overlay-in style-color-wayh-bg\" style=\"opacity: 0.5;\"><\/div><\/div><div class=\"t-overlay-wrap\"><div class=\"t-overlay-inner\">\n\t\t\t\t\t\t\t\t\t\t\t\t\t\t<div class=\"t-overlay-content\">\n\t\t\t\t\t\t\t\t\t\t\t\t\t\t\t<div class=\"t-overlay-text single-block-padding\"><div class=\"t-entry\"><p class=\"t-entry-meta\"><span class=\"t-entry-date\">22 d\u00e9cembre 2020<\/span><\/p><h3 class=\"t-entry-title h3 title-scale\">Twitter : des tweets sur Snapchat et Instagram<\/h3><\/div><\/div><\/div><\/div><\/div><div class=\"t-background-cover\" style=\"background-image:url('https:\/\/noisydigital.com\/wp-content\/uploads\/2020\/12\/dims-uai-1339x1339.jpeg')\"><\/div><\/a><\/div>\n\t\t\t\t\t<\/div>\n\t\t\t\t<\/div><\/div><\/div><div class=\"tmb atc-typography-inherit tmb-iso-w3 tmb-iso-h3 tmb-light tmb-overlay-gradient-bottom tmb-text-showed tmb-overlay-showed tmb-overlay-anim tmb-overlay-text-reduced tmb-overlay-left tmb-overlay-bottom tmb-overlay-text-left tmb-image-anim  grid-cat-9 tmb-id-81045 tmb-media-first tmb-media-last tmb-content-overlay tmb-no-bg\" ><div class=\"t-inside animate_when_almost_visible bottom-t-top\" data-delay=\"200\"><div class=\"t-entry-visual\"><div class=\"t-entry-visual-tc\"><div class=\"t-entry-visual-cont\"><span class=\"t-cat-over t-cat-no-link single-block-padding t-cat-over-topright\"><span class=\"t-entry-category t-cat-over-inner\"><span class=\"t-entry-cat-single\"><span class=\"bordered-cat tmb-term-evidence font-ui\">Actu R\u00e9seaux Sociaux<\/span><\/span><\/span><\/span><a tabindex=\"-1\" href=\"https:\/\/noisydigital.com\/fr_fr\/tiktok-devant-facebook\/\" target=\"_self\" data-lb-index=\"7\"><div class=\"t-entry-visual-overlay\"><div class=\"t-entry-visual-overlay-in style-color-wayh-bg\" style=\"opacity: 0.5;\"><\/div><\/div><div class=\"t-overlay-wrap\"><div class=\"t-overlay-inner\">\n\t\t\t\t\t\t\t\t\t\t\t\t\t\t<div class=\"t-overlay-content\">\n\t\t\t\t\t\t\t\t\t\t\t\t\t\t\t<div class=\"t-overlay-text single-block-padding\"><div class=\"t-entry\"><p class=\"t-entry-meta\"><span class=\"t-entry-date\">21 d\u00e9cembre 2020<\/span><\/p><h3 class=\"t-entry-title h5 title-scale\">Tiktok, l&rsquo;application la plus t\u00e9l\u00e9charg\u00e9e de 2020 devant Facebook<\/h3><\/div><\/div><\/div><\/div><\/div><div class=\"t-background-cover\" style=\"background-image:url('https:\/\/noisydigital.com\/wp-content\/uploads\/2020\/12\/Tiktok-uai-640x640.jpg')\"><\/div><\/a><\/div>\n\t\t\t\t\t<\/div>\n\t\t\t\t<\/div><\/div><\/div><div class=\"tmb atc-typography-inherit tmb-iso-w3 tmb-iso-h3 tmb-light tmb-overlay-gradient-bottom tmb-text-showed tmb-overlay-showed tmb-overlay-anim tmb-overlay-text-reduced tmb-overlay-left tmb-overlay-bottom tmb-overlay-text-left tmb-image-anim  grid-cat-9 tmb-id-81010 tmb-media-first tmb-media-last tmb-content-overlay tmb-no-bg\" ><div class=\"t-inside animate_when_almost_visible bottom-t-top\" data-delay=\"200\"><div class=\"t-entry-visual\"><div class=\"t-entry-visual-tc\"><div class=\"t-entry-visual-cont\"><span class=\"t-cat-over t-cat-no-link single-block-padding t-cat-over-topright\"><span class=\"t-entry-category t-cat-over-inner\"><span class=\"t-entry-cat-single\"><span class=\"bordered-cat tmb-term-evidence font-ui\">Actu R\u00e9seaux Sociaux<\/span><\/span><\/span><\/span><a tabindex=\"-1\" href=\"https:\/\/noisydigital.com\/fr_fr\/vous-pouvez-desormais-monetiser-vos-contenus-sur-instagram\/\" target=\"_self\" data-lb-index=\"8\"><div class=\"t-entry-visual-overlay\"><div class=\"t-entry-visual-overlay-in style-color-wayh-bg\" style=\"opacity: 0.5;\"><\/div><\/div><div class=\"t-overlay-wrap\"><div class=\"t-overlay-inner\">\n\t\t\t\t\t\t\t\t\t\t\t\t\t\t<div class=\"t-overlay-content\">\n\t\t\t\t\t\t\t\t\t\t\t\t\t\t\t<div class=\"t-overlay-text single-block-padding\"><div class=\"t-entry\"><p class=\"t-entry-meta\"><span class=\"t-entry-date\">28 mai 2020<\/span><\/p><h3 class=\"t-entry-title h5 title-scale\">Vous pouvez d\u00e9sormais mon\u00e9tiser vos contenus sur Instagram !<\/h3><\/div><\/div><\/div><\/div><\/div><div class=\"t-background-cover\" style=\"background-image:url('https:\/\/noisydigital.com\/wp-content\/uploads\/2020\/05\/1587481939_maxresdefault-uai-576x576.jpg')\"><\/div><\/a><\/div>\n\t\t\t\t\t<\/div>\n\t\t\t\t<\/div><\/div><\/div><div class=\"tmb atc-typography-inherit tmb-iso-w6 tmb-iso-h6 tmb-light tmb-overlay-gradient-bottom tmb-text-showed tmb-overlay-showed tmb-overlay-anim tmb-overlay-text-reduced tmb-overlay-left tmb-overlay-bottom tmb-overlay-text-left tmb-image-anim  grid-cat-9 tmb-id-80859 tmb-media-first tmb-media-last tmb-content-overlay tmb-no-bg\" ><div class=\"t-inside animate_when_almost_visible bottom-t-top\" data-delay=\"200\"><div class=\"t-entry-visual\"><div class=\"t-entry-visual-tc\"><div class=\"t-entry-visual-cont\"><span class=\"t-cat-over t-cat-no-link single-block-padding t-cat-over-topright\"><span class=\"t-entry-category t-cat-over-inner\"><span class=\"t-entry-cat-single\"><span class=\"bordered-cat tmb-term-evidence font-ui\">Actu R\u00e9seaux Sociaux<\/span><\/span><\/span><\/span><a tabindex=\"-1\" href=\"https:\/\/noisydigital.com\/fr_fr\/facebook-shops-la-revolution-du-e-commerce\/\" target=\"_self\" data-lb-index=\"9\"><div class=\"t-entry-visual-overlay\"><div class=\"t-entry-visual-overlay-in style-color-wayh-bg\" style=\"opacity: 0.5;\"><\/div><\/div><div class=\"t-overlay-wrap\"><div class=\"t-overlay-inner\">\n\t\t\t\t\t\t\t\t\t\t\t\t\t\t<div class=\"t-overlay-content\">\n\t\t\t\t\t\t\t\t\t\t\t\t\t\t\t<div class=\"t-overlay-text single-block-padding\"><div class=\"t-entry\"><p class=\"t-entry-meta\"><span class=\"t-entry-date\">21 mai 2020<\/span><\/p><h3 class=\"t-entry-title h3 title-scale\">Facebook Shops : la r\u00e9volution du E-commerce?<\/h3><\/div><\/div><\/div><\/div><\/div><div class=\"t-background-cover\" style=\"background-image:url('https:\/\/noisydigital.com\/wp-content\/uploads\/2020\/05\/fb_shops2-uai-489x489.png')\"><\/div><\/a><\/div>\n\t\t\t\t\t<\/div>\n\t\t\t\t<\/div><\/div><\/div><div class=\"tmb atc-typography-inherit tmb-iso-w3 tmb-iso-h3 tmb-light tmb-overlay-gradient-bottom tmb-text-showed tmb-overlay-showed tmb-overlay-anim tmb-overlay-text-reduced tmb-overlay-left tmb-overlay-bottom tmb-overlay-text-left tmb-image-anim  grid-cat-1348 tmb-id-80830 tmb-media-first tmb-media-last tmb-content-overlay tmb-no-bg\" ><div class=\"t-inside animate_when_almost_visible bottom-t-top\" data-delay=\"200\"><div class=\"t-entry-visual\"><div class=\"t-entry-visual-tc\"><div class=\"t-entry-visual-cont\"><span class=\"t-cat-over t-cat-no-link single-block-padding t-cat-over-topright\"><span class=\"t-entry-category t-cat-over-inner\"><span class=\"t-entry-cat-single\"><span class=\"bordered-cat tmb-term-evidence font-ui\">Bonnes Pratiques<\/span><\/span><\/span><\/span><a tabindex=\"-1\" href=\"https:\/\/noisydigital.com\/fr_fr\/les-objectifs-pour-dynamiser-votre-strategie-dans-les-reseaux-sociaux-en-2020\/\" target=\"_self\" data-lb-index=\"10\"><div class=\"t-entry-visual-overlay\"><div class=\"t-entry-visual-overlay-in style-color-wayh-bg\" style=\"opacity: 0.5;\"><\/div><\/div><div class=\"t-overlay-wrap\"><div class=\"t-overlay-inner\">\n\t\t\t\t\t\t\t\t\t\t\t\t\t\t<div class=\"t-overlay-content\">\n\t\t\t\t\t\t\t\t\t\t\t\t\t\t\t<div class=\"t-overlay-text single-block-padding\"><div class=\"t-entry\"><p class=\"t-entry-meta\"><span class=\"t-entry-date\">25 f\u00e9vrier 2020<\/span><\/p><h3 class=\"t-entry-title h5 title-scale\">Les objectifs pour dynamiser votre strat\u00e9gie dans les r\u00e9seaux sociaux en 2020<\/h3><\/div><\/div><\/div><\/div><\/div><div class=\"t-background-cover\" style=\"background-image:url('https:\/\/noisydigital.com\/wp-content\/uploads\/2020\/02\/ycsm-newyears20-blog-uai-580x580.jpg')\"><\/div><\/a><\/div>\n\t\t\t\t\t<\/div>\n\t\t\t\t<\/div><\/div><\/div><div class=\"tmb atc-typography-inherit tmb-iso-w3 tmb-iso-h3 tmb-light tmb-overlay-gradient-bottom tmb-text-showed tmb-overlay-showed tmb-overlay-anim tmb-overlay-text-reduced tmb-overlay-left tmb-overlay-bottom tmb-overlay-text-left tmb-image-anim  grid-cat-296 tmb-id-80351 tmb-media-first tmb-media-last tmb-content-overlay tmb-no-bg\" ><div class=\"t-inside animate_when_almost_visible bottom-t-top\" data-delay=\"200\"><div class=\"t-entry-visual\"><div class=\"t-entry-visual-tc\"><div class=\"t-entry-visual-cont\"><span class=\"t-cat-over t-cat-no-link single-block-padding t-cat-over-topright\"><span class=\"t-entry-category t-cat-over-inner\"><span class=\"t-entry-cat-single\"><span class=\"bordered-cat tmb-term-evidence font-ui\">Case Study<\/span><\/span><\/span><\/span><a tabindex=\"-1\" href=\"https:\/\/noisydigital.com\/fr_fr\/comment-le-dragon-de-liberte-6-est-devenu-viral\/\" target=\"_self\" data-lb-index=\"11\"><div class=\"t-entry-visual-overlay\"><div class=\"t-entry-visual-overlay-in style-color-wayh-bg\" style=\"opacity: 0.5;\"><\/div><\/div><div class=\"t-overlay-wrap\"><div class=\"t-overlay-inner\">\n\t\t\t\t\t\t\t\t\t\t\t\t\t\t<div class=\"t-overlay-content\">\n\t\t\t\t\t\t\t\t\t\t\t\t\t\t\t<div class=\"t-overlay-text single-block-padding\"><div class=\"t-entry\"><p class=\"t-entry-meta\"><span class=\"t-entry-date\">1 octobre 2019<\/span><\/p><h3 class=\"t-entry-title h5 title-scale\">Comment le Dragon de Libert\u00e9 6 est devenu viral\u00a0?<\/h3><\/div><\/div><\/div><\/div><\/div><div class=\"t-background-cover\" style=\"background-image:url('https:\/\/noisydigital.com\/wp-content\/uploads\/2019\/10\/IMG_2678-uai-734x734.jpg')\"><\/div><\/a><\/div>\n\t\t\t\t\t<\/div>\n\t\t\t\t<\/div><\/div><\/div>\t\t<\/div>\n\t\n\n\t<\/div>\t\t\t<\/div>\n<\/div><\/div><\/div><\/div><\/div><script id=\"script-row-unique-0\" data-row=\"script-row-unique-0\" type=\"text\/javascript\" class=\"vc_controls\">UNCODE.initRow(document.getElementById(\"row-unique-0\"));<\/script><\/div><\/div><\/div>\n<\/div>","protected":false},"excerpt":{"rendered":"La semaine derni\u00e8re, vous avez s\u00fbrement d\u00fb voir une vid\u00e9o d\u2019un dragon survolant les deux voies de Libert\u00e9 6. Une [...]","protected":false},"author":1,"featured_media":80087,"parent":0,"menu_order":0,"comment_status":"closed","ping_status":"closed","template":"","meta":{"bgseo_title":"","bgseo_description":"","bgseo_robots_index":"","bgseo_robots_follow":"","footnotes":""},"class_list":["post-109","page","type-page","status-publish","has-post-thumbnail","hentry"],"aioseo_notices":[],"_links":{"self":[{"href":"https:\/\/noisydigital.com\/fr_fr\/wp-json\/wp\/v2\/pages\/109","targetHints":{"allow":["GET"]}}],"collection":[{"href":"https:\/\/noisydigital.com\/fr_fr\/wp-json\/wp\/v2\/pages"}],"about":[{"href":"https:\/\/noisydigital.com\/fr_fr\/wp-json\/wp\/v2\/types\/page"}],"author":[{"embeddable":true,"href":"https:\/\/noisydigital.com\/fr_fr\/wp-json\/wp\/v2\/users\/1"}],"replies":[{"embeddable":true,"href":"https:\/\/noisydigital.com\/fr_fr\/wp-json\/wp\/v2\/comments?post=109"}],"version-history":[{"count":0,"href":"https:\/\/noisydigital.com\/fr_fr\/wp-json\/wp\/v2\/pages\/109\/revisions"}],"wp:featuredmedia":[{"embeddable":true,"href":"https:\/\/noisydigital.com\/fr_fr\/wp-json\/wp\/v2\/media\/80087"}],"wp:attachment":[{"href":"https:\/\/noisydigital.com\/fr_fr\/wp-json\/wp\/v2\/media?parent=109"}],"curies":[{"name":"wp","href":"https:\/\/api.w.org\/{rel}","templated":true}]}}