{"id":81,"date":"2016-06-02T08:49:45","date_gmt":"2016-06-02T08:49:45","guid":{"rendered":"http:\/\/bridge43.qodeinteractive.com\/?page_id=81"},"modified":"2018-10-09T15:16:16","modified_gmt":"2018-10-09T15:16:16","slug":"services","status":"publish","type":"page","link":"https:\/\/noisydigital.com\/en\/services\/","title":{"rendered":"Services"},"content":{"rendered":"<div class=\"wpb-content-wrapper\"><div data-parent=\"true\" class=\"vc_row vc_custom_1464861897385 row-container boomapps_vcrow\" style=\"padding-top: 63px ;\" id=\"row-unique-0\"><div class=\"row limit-width row-parent\"><div class=\"wpb_row row-inner\"><div class=\"wpb_column pos-top pos-center align_left column_parent col-lg-6 boomapps_vccolumn single-internal-gutter\"><div class=\"uncol style-light\"  ><div class=\"uncoltable\"><div class=\"uncell  boomapps_vccolumn no-block-padding\" ><div class=\"uncont\">[icons icon=\u00a0\u00bbfa-trophy\u00a0\u00bb size=\u00a0\u00bbfa-lg\u00a0\u00bb type=\u00a0\u00bbnormal\u00a0\u00bb custom_size=\u00a0\u00bb100&Prime; target=\u00a0\u00bb_self\u00a0\u00bb icon_color=\u00a0\u00bb#ff0000&Prime; icon_hover_color=\u00a0\u00bb#000000&Prime;]<div class=\"empty-space empty-single\" ><span class=\"empty-space-inner\"><\/span><\/div>\n<div class=\"uncode_text_column\" ><p><strong>CONSEIL ET STRATEGIE DIGITALE<\/strong><\/p>\n<\/div><div class=\"empty-space empty-single\" ><span class=\"empty-space-inner\"><\/span><\/div>\n<div class=\"uncode_text_column\" ><p>Auditer votre pr\u00e9sence internet, D\u00e9finir et d\u00e9limiter votre cible, adopter une strat\u00e9gie ad\u00e9quate pour votre communication. Fa\u00eetes de votre transformation digitale une r\u00e9ussite.<\/p>\n<\/div><div class=\"empty-space empty-single\" ><span class=\"empty-space-inner\"><\/span><\/div>\n<\/div><\/div><\/div><\/div><\/div><div class=\"wpb_column pos-top pos-center align_left column_parent col-lg-6 boomapps_vccolumn single-internal-gutter\"><div class=\"uncol style-light\"  ><div class=\"uncoltable\"><div class=\"uncell  boomapps_vccolumn no-block-padding\" ><div class=\"uncont\">[icons icon=\u00a0\u00bbfa-pencil\u00a0\u00bb size=\u00a0\u00bbfa-lg\u00a0\u00bb type=\u00a0\u00bbnormal\u00a0\u00bb custom_size=\u00a0\u00bb100&Prime; target=\u00a0\u00bb_self\u00a0\u00bb icon_color=\u00a0\u00bb#ff0000&Prime; icon_hover_color=\u00a0\u00bb#000000&Prime;]<div class=\"empty-space empty-single\" ><span class=\"empty-space-inner\"><\/span><\/div>\n<div class=\"uncode_text_column\" ><p><strong>BRAND CONTENT<\/strong><\/p>\n<\/div><div class=\"empty-space empty-single\" ><span class=\"empty-space-inner\"><\/span><\/div>\n<div class=\"uncode_text_column\" ><p>Nous analysons votre base de donn\u00e9es client pour vous aider \u00e0 definir votre strat\u00e9gie \u00e9ditoriale. Nous vous accompagnons dans la conception de vos storytelling.<\/p>\n<\/div><div class=\"empty-space empty-single\" ><span class=\"empty-space-inner\"><\/span><\/div>\n<\/div><\/div><\/div><\/div><\/div><\/div><div class=\"row-inner\"><div class=\"wpb_column pos-top pos-center align_left column_parent col-lg-6 boomapps_vccolumn single-internal-gutter\"><div class=\"uncol style-light\"  ><div class=\"uncoltable\"><div class=\"uncell  boomapps_vccolumn no-block-padding\" ><div class=\"uncont\">[icons icon=\u00a0\u00bbfa-magic\u00a0\u00bb size=\u00a0\u00bbfa-lg\u00a0\u00bb type=\u00a0\u00bbnormal\u00a0\u00bb custom_size=\u00a0\u00bb100&Prime; target=\u00a0\u00bb_self\u00a0\u00bb icon_color=\u00a0\u00bb#ff0000&Prime; icon_hover_color=\u00a0\u00bb#000000&Prime;]<div class=\"empty-space empty-single\" ><span class=\"empty-space-inner\"><\/span><\/div>\n<div class=\"uncode_text_column\" ><p><strong>UX\/UI \u2013 SITE WEB<\/strong><\/p>\n<\/div><div class=\"empty-space empty-single\" ><span class=\"empty-space-inner\"><\/span><\/div>\n<div class=\"uncode_text_column\" ><p>Parce que l&rsquo;experience utilisateur est primordiale dans le succ\u00e9s d&rsquo;une communication, Nous cr\u00e9ons des plateformes web adapt\u00e9s aux d\u00e9sirs de vos followers.<\/p>\n<\/div><div class=\"empty-space empty-single\" ><span class=\"empty-space-inner\"><\/span><\/div>\n<\/div><\/div><\/div><\/div><\/div><div class=\"wpb_column pos-top pos-center align_left column_parent col-lg-6 boomapps_vccolumn single-internal-gutter\"><div class=\"uncol style-light\"  ><div class=\"uncoltable\"><div class=\"uncell  boomapps_vccolumn no-block-padding\" ><div class=\"uncont\">[icons icon=\u00a0\u00bbfa-camera-retro\u00a0\u00bb size=\u00a0\u00bbfa-lg\u00a0\u00bb type=\u00a0\u00bbnormal\u00a0\u00bb custom_size=\u00a0\u00bb100&Prime; target=\u00a0\u00bb_self\u00a0\u00bb icon_color=\u00a0\u00bb#ff0000&Prime; icon_hover_color=\u00a0\u00bb#000000&Prime;]<div class=\"empty-space empty-single\" ><span class=\"empty-space-inner\"><\/span><\/div>\n<div class=\"uncode_text_column\" ><\/p>\n<h5>\u00a0PRODUCTION AUDIOVISUELLE<\/h5>\n<p>\n<\/div><div class=\"empty-space empty-single\" ><span class=\"empty-space-inner\"><\/span><\/div>\n<div class=\"uncode_text_column\" ><p>Un studio cr\u00e9atif d\u00e9di\u00e9 \u00e0 votre communication digitale. Photographie, Vid\u00e9o, infographie, illustration&#8230;<\/p>\n<\/div><div class=\"empty-space empty-single\" ><span class=\"empty-space-inner\"><\/span><\/div>\n<\/div><\/div><\/div><\/div><\/div><script id=\"script-row-unique-0\" data-row=\"script-row-unique-0\" type=\"text\/javascript\" class=\"vc_controls\">UNCODE.initRow(document.getElementById(\"row-unique-0\"));<\/script><\/div><\/div><\/div><div data-parent=\"true\" class=\"vc_row row-container boomapps_vcrow\" id=\"row-unique-1\"><div class=\"row limit-width row-parent\"><div class=\"wpb_row row-inner\"><div class=\"wpb_column pos-top pos-center align_left column_parent col-lg-6 boomapps_vccolumn single-internal-gutter\"><div class=\"uncol style-light\"  ><div class=\"uncoltable\"><div class=\"uncell  boomapps_vccolumn no-block-padding\" ><div class=\"uncont\">[icons icon=\u00a0\u00bbfa-inbox\u00a0\u00bb size=\u00a0\u00bbfa-lg\u00a0\u00bb type=\u00a0\u00bbnormal\u00a0\u00bb custom_size=\u00a0\u00bb100&Prime; target=\u00a0\u00bb_self\u00a0\u00bb icon_color=\u00a0\u00bb#ff0000&Prime; icon_hover_color=\u00a0\u00bb#000000&Prime;]<div class=\"empty-space empty-single\" ><span class=\"empty-space-inner\"><\/span><\/div>\n<div class=\"uncode_text_column\" ><p><strong>INTELLIGENCY EMAILING<\/strong><\/p>\n<\/div><div class=\"empty-space empty-single\" ><span class=\"empty-space-inner\"><\/span><\/div>\n<div class=\"uncode_text_column\" ><p>Des emails bien configur\u00e9s peuvent transformer plusieurs propects en clients. P\u00e9cision + Design = Efficacit\u00e9 !<\/p>\n<\/div><div class=\"empty-space empty-single\" ><span class=\"empty-space-inner\"><\/span><\/div>\n<\/div><\/div><\/div><\/div><\/div><div class=\"wpb_column pos-top pos-center align_left column_parent col-lg-6 boomapps_vccolumn single-internal-gutter\"><div class=\"uncol style-light\"  ><div class=\"uncoltable\"><div class=\"uncell  boomapps_vccolumn no-block-padding\" ><div class=\"uncont\">[icons icon=\u00a0\u00bbfa-search\u00a0\u00bb size=\u00a0\u00bbfa-lg\u00a0\u00bb type=\u00a0\u00bbnormal\u00a0\u00bb custom_size=\u00a0\u00bb100&Prime; target=\u00a0\u00bb_self\u00a0\u00bb icon_color=\u00a0\u00bb#ff0000&Prime; icon_hover_color=\u00a0\u00bb#000000&Prime;]<div class=\"empty-space empty-single\" ><span class=\"empty-space-inner\"><\/span><\/div>\n<div class=\"uncode_text_column\" ><\/p>\n<h5><strong>SEO \u2013 R\u00c9F\u00c9RENCEMENT<\/strong><\/h5>\n<p>\n<\/div><div class=\"empty-space empty-single\" ><span class=\"empty-space-inner\"><\/span><\/div>\n<div class=\"uncode_text_column\" ><p>Gr\u00e2ce \u00e0 un contenu de qualit\u00e9 nous d\u00e9veloppons votre r\u00e9f\u00e9rencement naturel. Pour vos campagnes publicitaires nous optimisons au maximum votre r\u00e9ferencement payant.<\/p>\n<\/div><div class=\"empty-space empty-single\" ><span class=\"empty-space-inner\"><\/span><\/div>\n<\/div><\/div><\/div><\/div><\/div><\/div><div class=\"row-inner\"><div class=\"wpb_column pos-top pos-center align_left column_parent col-lg-6 boomapps_vccolumn single-internal-gutter\"><div class=\"uncol style-light\"  ><div class=\"uncoltable\"><div class=\"uncell  boomapps_vccolumn no-block-padding\" ><div class=\"uncont\">[icons icon=\u00a0\u00bbfa-users\u00a0\u00bb size=\u00a0\u00bbfa-lg\u00a0\u00bb type=\u00a0\u00bbnormal\u00a0\u00bb custom_size=\u00a0\u00bb100&Prime; target=\u00a0\u00bb_self\u00a0\u00bb icon_color=\u00a0\u00bb#ff0000&Prime; icon_hover_color=\u00a0\u00bb#000000&Prime;]<div class=\"empty-space empty-single\" ><span class=\"empty-space-inner\"><\/span><\/div>\n<div class=\"uncode_text_column\" ><p><strong>INBOUND MARKETING<\/strong><\/p>\n<\/div><div class=\"empty-space empty-single\" ><span class=\"empty-space-inner\"><\/span><\/div>\n<div class=\"uncode_text_column\" ><p>Gr\u00e2ce \u00e0 l&rsquo;inbound marketing\u00a0nous permettons \u00e0 vos clients potentiels de vous trouver sur internet. <strong><br \/>\n<\/strong>Nous transformons\u00a0vos prospects en\u00a0clients. L&rsquo;inbound vise \u00e0 attirer les prospects ad\u00e9quats vers votre entreprise et \u00e0 les transformer en clients satisfaits et fid\u00e8les \u00e0 la marque.<\/p>\n<\/div><div class=\"empty-space empty-single\" ><span class=\"empty-space-inner\"><\/span><\/div>\n<\/div><\/div><\/div><\/div><\/div><div class=\"wpb_column pos-top pos-center align_left column_parent col-lg-6 boomapps_vccolumn single-internal-gutter\"><div class=\"uncol style-light\"  ><div class=\"uncoltable\"><div class=\"uncell  boomapps_vccolumn no-block-padding\" ><div class=\"uncont\">[icons icon=\u00a0\u00bbfa-comment\u00a0\u00bb size=\u00a0\u00bbfa-lg\u00a0\u00bb type=\u00a0\u00bbnormal\u00a0\u00bb custom_size=\u00a0\u00bb100&Prime; target=\u00a0\u00bb_self\u00a0\u00bb icon_color=\u00a0\u00bb#ff0000&Prime; icon_hover_color=\u00a0\u00bb#000000&Prime;]<div class=\"empty-space empty-single\" ><span class=\"empty-space-inner\"><\/span><\/div>\n<div class=\"uncode_text_column\" ><p><strong>BOT DESIGN<\/strong><\/p>\n<\/div><div class=\"empty-space empty-single\" ><span class=\"empty-space-inner\"><\/span><\/div>\n<div class=\"uncode_text_column\" ><p>Les ChaBots \u00a0nous permettent de commander un billet d\u2019avion, trouver un produit chez un fournisseur, et m\u00eame de g\u00e9rer son compte bancaire&#8230;<br \/>\nGr\u00e2ce \u00e0 ses outils pas besoin de les t\u00e9l\u00e9charger ni d\u2019apprendre \u00e0 utiliser une nouvelle interface.<\/p>\n<\/div><div class=\"empty-space empty-single\" ><span class=\"empty-space-inner\"><\/span><\/div>\n<\/div><\/div><\/div><\/div><\/div><script id=\"script-row-unique-1\" data-row=\"script-row-unique-1\" type=\"text\/javascript\" class=\"vc_controls\">UNCODE.initRow(document.getElementById(\"row-unique-1\"));<\/script><\/div><\/div><\/div><div data-parent=\"true\" class=\"vc_row vc_custom_1464862022900 row-container boomapps_vcrow\" style=\"padding-top: 73px ;padding-bottom: 131px ;\" id=\"row-unique-2\"><div class=\"row limit-width row-parent\"><div class=\"wpb_row row-inner\"><div class=\"wpb_column pos-top pos-center align_left column_parent col-lg-12 boomapps_vccolumn single-internal-gutter\"><div class=\"uncol style-light\"  ><div class=\"uncoltable\"><div class=\"uncell  boomapps_vccolumn no-block-padding\" ><div class=\"uncont\"><div class=\"uncode_text_column\" ><\/p>\n<h4>Cr\u00e9ative et Virale<\/h4>\n<p>\n<\/div><div class=\"empty-space empty-single\" ><span class=\"empty-space-inner\"><\/span><\/div>\n<div class=\"uncode_text_column\" ><\/p>\n<h2>Simplement\u00a0les Meilleurs !<\/h2>\n<p>\n<\/div><\/div><\/div><\/div><\/div><\/div><script id=\"script-row-unique-2\" data-row=\"script-row-unique-2\" type=\"text\/javascript\" class=\"vc_controls\">UNCODE.initRow(document.getElementById(\"row-unique-2\"));<\/script><\/div><\/div><\/div><div data-parent=\"true\" class=\"vc_row row-container boomapps_vcrow\" id=\"row-unique-3\"><div class=\"row limit-width row-parent\"><div class=\"wpb_row row-inner\"><div class=\"wpb_column pos-top pos-center align_left column_parent col-lg-12 boomapps_vccolumn single-internal-gutter\"><div class=\"uncol style-light\"  ><div class=\"uncoltable\"><div class=\"uncell  boomapps_vccolumn no-block-padding\" ><div class=\"uncont\">[progress_bar title_tag=\u00a0\u00bbh5&Prime; title=\u00a0\u00bbWeb design\u00a0\u00bb percent=\u00a0\u00bb95&Prime; percent_font_size=\u00a0\u00bb0&Prime; active_background_color=\u00a0\u00bb#ff0000&Prime; noactive_background_color=\u00a0\u00bb#f3f3f3&Prime; height=\u00a0\u00bb15&Prime; border_radius=\u00a0\u00bb0&Prime;]<div class=\"empty-space empty-single\" ><span class=\"empty-space-inner\"><\/span><\/div>\n[progress_bar title_tag=\u00a0\u00bbh5&Prime; title=\u00a0\u00bbMarketing\u00a0\u00bb percent=\u00a0\u00bb90&Prime; percent_font_size=\u00a0\u00bb0&Prime; active_background_color=\u00a0\u00bb#ff0000&Prime; noactive_background_color=\u00a0\u00bb#f3f3f3&Prime; height=\u00a0\u00bb15&Prime; border_radius=\u00a0\u00bb0&Prime;]<div class=\"empty-space empty-single\" ><span class=\"empty-space-inner\"><\/span><\/div>\n[progress_bar title_tag=\u00a0\u00bbh5&Prime; title=\u00a0\u00bbPhotographie\u00a0\u00bb percent=\u00a0\u00bb75&Prime; percent_font_size=\u00a0\u00bb0&Prime; active_background_color=\u00a0\u00bb#ff0000&Prime; noactive_background_color=\u00a0\u00bb#f3f3f3&Prime; height=\u00a0\u00bb15&Prime; border_radius=\u00a0\u00bb0&Prime;]<div class=\"empty-space empty-single\" ><span class=\"empty-space-inner\"><\/span><\/div>\n<\/div><\/div><\/div><\/div><\/div><\/div><div class=\"row-inner\"><div class=\"wpb_column pos-top pos-center align_left column_parent col-lg-12 boomapps_vccolumn single-internal-gutter\"><div class=\"uncol style-light\"  ><div class=\"uncoltable\"><div class=\"uncell  boomapps_vccolumn no-block-padding\" ><div class=\"uncont\">[progress_bar title_tag=\u00a0\u00bbh5&Prime; title=\u00a0\u00bbContent Management\u00a0\u00bb percent=\u00a0\u00bb100&Prime; percent_font_size=\u00a0\u00bb0&Prime; active_background_color=\u00a0\u00bb#ff0000&Prime; noactive_background_color=\u00a0\u00bb#f3f3f3&Prime; height=\u00a0\u00bb15&Prime; border_radius=\u00a0\u00bb0&Prime;]<div class=\"empty-space empty-single\" ><span class=\"empty-space-inner\"><\/span><\/div>\n[progress_bar title_tag=\u00a0\u00bbh5&Prime; title=\u00a0\u00bbDesign\u00a0\u00bb percent=\u00a0\u00bb98&Prime; percent_font_size=\u00a0\u00bb0&Prime; active_background_color=\u00a0\u00bb#ff0000&Prime; noactive_background_color=\u00a0\u00bb#f3f3f3&Prime; height=\u00a0\u00bb15&Prime; border_radius=\u00a0\u00bb0&Prime;]<div class=\"empty-space empty-single\" ><span class=\"empty-space-inner\"><\/span><\/div>\n[progress_bar title_tag=\u00a0\u00bbh5&Prime; title=\u00a0\u00bbDevelopment mobile\u00a0\u00bb percent=\u00a0\u00bb70&Prime; percent_font_size=\u00a0\u00bb0&Prime; active_background_color=\u00a0\u00bb#ff0000&Prime; noactive_background_color=\u00a0\u00bb#f3f3f3&Prime; height=\u00a0\u00bb15&Prime; border_radius=\u00a0\u00bb0&Prime;]<div class=\"empty-space empty-single\" ><span class=\"empty-space-inner\"><\/span><\/div>\n<\/div><\/div><\/div><\/div><\/div><script id=\"script-row-unique-3\" data-row=\"script-row-unique-3\" type=\"text\/javascript\" class=\"vc_controls\">UNCODE.initRow(document.getElementById(\"row-unique-3\"));<\/script><\/div><\/div><\/div><div data-parent=\"true\" class=\"vc_row vc_custom_1464862071637 row-container boomapps_vcrow\" style=\"padding-top: 111px ;padding-bottom: 109px ;\" id=\"row-unique-4\"><div class=\"row limit-width row-parent\"><div class=\"wpb_row row-inner\"><div class=\"wpb_column pos-top pos-center align_left column_parent col-lg-12 boomapps_vccolumn single-internal-gutter\"><div class=\"uncol style-light\"  ><div class=\"uncoltable\"><div class=\"uncell  boomapps_vccolumn no-block-padding\" ><div class=\"uncont\"><div class=\"uncode_text_column\" ><\/p>\n<h4>Men <b>lie<\/b> <b>women<\/b> <b>lie<\/b> number don&rsquo;t&#8230;<\/h4>\n<p>\n<\/div><div class=\"empty-space empty-single\" ><span class=\"empty-space-inner\"><\/span><\/div>\n<div class=\"uncode_text_column\" ><\/p>\n<h2>En chiffres !<\/h2>\n<p>\n<\/div><\/div><\/div><\/div><\/div><\/div><script id=\"script-row-unique-4\" data-row=\"script-row-unique-4\" type=\"text\/javascript\" class=\"vc_controls\">UNCODE.initRow(document.getElementById(\"row-unique-4\"));<\/script><\/div><\/div><\/div><div data-parent=\"true\" class=\"vc_row vc_custom_1465384608422 row-container boomapps_vcrow\" style=\"padding-bottom: 118px ;\" id=\"row-unique-5\"><div class=\"row limit-width row-parent\"><div class=\"wpb_row row-inner\"><div class=\"wpb_column pos-top pos-center align_left column_parent col-lg-6 boomapps_vccolumn single-internal-gutter\"><div class=\"uncol style-light\"  ><div class=\"uncoltable\"><div class=\"uncell  boomapps_vccolumn no-block-padding\" ><div class=\"uncont\">[counter type=\u00a0\u00bbzero\u00a0\u00bb box=\u00a0\u00bbno\u00a0\u00bb position=\u00a0\u00bbcenter\u00a0\u00bb separator=\u00a0\u00bbno\u00a0\u00bb digit=\u00a0\u00bb1000000&Prime; font_size=\u00a0\u00bb50&Prime;]<div class=\"empty-space empty-single\" ><span class=\"empty-space-inner\"><\/span><\/div>\n<div class=\"uncode_text_column\" ><\/p>\n<h4>Engagements cr\u00e9es<\/h4>\n<p>\n<\/div><div class=\"empty-space empty-single\" ><span class=\"empty-space-inner\"><\/span><\/div>\n<div class=\"uncode_text_column\" ><\/div><div class=\"empty-space empty-single\" ><span class=\"empty-space-inner\"><\/span><\/div>\n<\/div><\/div><\/div><\/div><\/div><div class=\"wpb_column pos-top pos-center align_left column_parent col-lg-6 boomapps_vccolumn single-internal-gutter\"><div class=\"uncol style-light\"  ><div class=\"uncoltable\"><div class=\"uncell  boomapps_vccolumn no-block-padding\" ><div class=\"uncont\">[counter type=\u00a0\u00bbzero\u00a0\u00bb box=\u00a0\u00bbno\u00a0\u00bb position=\u00a0\u00bbcenter\u00a0\u00bb separator=\u00a0\u00bbno\u00a0\u00bb digit=\u00a0\u00bb1000&Prime; font_size=\u00a0\u00bb50&Prime;]<div class=\"empty-space empty-single\" ><span class=\"empty-space-inner\"><\/span><\/div>\n<div class=\"uncode_text_column\" ><\/p>\n<h4>Publications g\u00e9n\u00e9r\u00e9es<\/h4>\n<p>\n<\/div><div class=\"empty-space empty-single\" ><span class=\"empty-space-inner\"><\/span><\/div>\n<div class=\"uncode_text_column\" ><\/div><div class=\"empty-space empty-single\" ><span class=\"empty-space-inner\"><\/span><\/div>\n<\/div><\/div><\/div><\/div><\/div><\/div><div class=\"row-inner\"><div class=\"wpb_column pos-top pos-center align_left column_parent col-lg-6 boomapps_vccolumn single-internal-gutter\"><div class=\"uncol style-light\"  ><div class=\"uncoltable\"><div class=\"uncell  boomapps_vccolumn no-block-padding\" ><div class=\"uncont\">[counter type=\u00a0\u00bbzero\u00a0\u00bb box=\u00a0\u00bbno\u00a0\u00bb position=\u00a0\u00bbcenter\u00a0\u00bb separator=\u00a0\u00bbno\u00a0\u00bb digit=\u00a0\u00bb50&Prime; font_size=\u00a0\u00bb50&Prime;]<div class=\"empty-space empty-single\" ><span class=\"empty-space-inner\"><\/span><\/div>\n<div class=\"uncode_text_column\" ><\/p>\n<h4>Campagnes men\u00e9es<\/h4>\n<p>\n<\/div><div class=\"empty-space empty-single\" ><span class=\"empty-space-inner\"><\/span><\/div>\n<div class=\"uncode_text_column\" ><\/div><div class=\"empty-space empty-single\" ><span class=\"empty-space-inner\"><\/span><\/div>\n<\/div><\/div><\/div><\/div><\/div><div class=\"wpb_column pos-top pos-center align_left column_parent col-lg-6 boomapps_vccolumn single-internal-gutter\"><div class=\"uncol style-light\"  ><div class=\"uncoltable\"><div class=\"uncell  boomapps_vccolumn no-block-padding\" ><div class=\"uncont\">[counter type=\u00a0\u00bbzero\u00a0\u00bb box=\u00a0\u00bbno\u00a0\u00bb position=\u00a0\u00bbcenter\u00a0\u00bb separator=\u00a0\u00bbno\u00a0\u00bb digit=\u00a0\u00bb24&Prime; font_size=\u00a0\u00bb50&Prime;]<div class=\"empty-space empty-single\" ><span class=\"empty-space-inner\"><\/span><\/div>\n<div class=\"uncode_text_column\" ><\/p>\n<h4>Clients satisfaits<\/h4>\n<p>\n<\/div><div class=\"empty-space empty-single\" ><span class=\"empty-space-inner\"><\/span><\/div>\n<div class=\"uncode_text_column\" ><\/div><div class=\"empty-space empty-single\" ><span class=\"empty-space-inner\"><\/span><\/div>\n<\/div><\/div><\/div><\/div><\/div><script id=\"script-row-unique-5\" data-row=\"script-row-unique-5\" type=\"text\/javascript\" class=\"vc_controls\">UNCODE.initRow(document.getElementById(\"row-unique-5\"));<\/script><\/div><\/div><\/div>\n<\/div>","protected":false},"excerpt":{"rendered":"[icons icon=\"fa-trophy\" size=\"fa-lg\" type=\"normal\" custom_size=\"100\" target=\"_self\" icon_color=\"#ff0000\" icon_hover_color=\"#000000\"] CONSEIL ET STRATEGIE DIGITALE Auditer votre pr\u00e9sence internet, D\u00e9finir et d\u00e9limiter votre [...]","protected":false},"author":1,"featured_media":228,"parent":0,"menu_order":0,"comment_status":"closed","ping_status":"closed","template":"full_width.php","meta":{"bgseo_title":"","bgseo_description":"","bgseo_robots_index":"","bgseo_robots_follow":"","footnotes":""},"class_list":["post-81","page","type-page","status-publish","has-post-thumbnail","hentry"],"aioseo_notices":[],"_links":{"self":[{"href":"https:\/\/noisydigital.com\/en\/wp-json\/wp\/v2\/pages\/81","targetHints":{"allow":["GET"]}}],"collection":[{"href":"https:\/\/noisydigital.com\/en\/wp-json\/wp\/v2\/pages"}],"about":[{"href":"https:\/\/noisydigital.com\/en\/wp-json\/wp\/v2\/types\/page"}],"author":[{"embeddable":true,"href":"https:\/\/noisydigital.com\/en\/wp-json\/wp\/v2\/users\/1"}],"replies":[{"embeddable":true,"href":"https:\/\/noisydigital.com\/en\/wp-json\/wp\/v2\/comments?post=81"}],"version-history":[{"count":0,"href":"https:\/\/noisydigital.com\/en\/wp-json\/wp\/v2\/pages\/81\/revisions"}],"wp:featuredmedia":[{"embeddable":true,"href":"https:\/\/noisydigital.com\/en\/wp-json\/wp\/v2\/media\/228"}],"wp:attachment":[{"href":"https:\/\/noisydigital.com\/en\/wp-json\/wp\/v2\/media?parent=81"}],"curies":[{"name":"wp","href":"https:\/\/api.w.org\/{rel}","templated":true}]}}