{"id":58945,"date":"2017-05-17T11:00:39","date_gmt":"2017-05-17T09:00:39","guid":{"rendered":"https:\/\/undsgn.com\/uncode\/?page_id=58945"},"modified":"2017-05-17T11:00:39","modified_gmt":"2017-05-17T09:00:39","slug":"portfolio-bureau","status":"publish","type":"page","link":"https:\/\/noisydigital.com\/en\/homepages\/portfolio-bureau\/","title":{"rendered":"Portfolio B\u00fcreau"},"content":{"rendered":"<div class=\"wpb-content-wrapper\"><div data-parent=\"true\" class=\"vc_row row-container boomapps_vcrow\" id=\"row-unique-0\"><div class=\"row col-double-gutter no-top-padding no-bottom-padding double-h-padding full-width row-parent\"><div class=\"wpb_row row-inner\"><div class=\"wpb_column pos-top pos-center align_left column_parent col-lg-7 boomapps_vccolumn single-internal-gutter\"><div class=\"uncol style-light shift_y_neg_quad\"  ><div class=\"uncoltable\"><div class=\"uncell  boomapps_vccolumn no-block-padding\" ><div class=\"uncont\"><div id=\"index-133104\" class=\"isotope-system isotope-general-light grid-general-light\" >\n\t\t\t\n\t\t\t\t\t\t<div class=\"isotope-wrapper grid-wrapper single-gutter\">\t\t\t\t\t\t<div class=\"isotope-container grid-container isotope-layout style-masonry isotope-pagination grid-pagination\" data-type=\"masonry\" data-layout=\"masonry\" data-lg=\"1000\" data-md=\"600\" data-sm=\"480\" data-vp-height=\"\">\t\t\t<div class=\"tmb atc-typography-inherit tmb-iso-w12 tmb-iso-h4 tmb-light tmb-overlay-text-anim tmb-overlay-anim tmb-overlay-middle tmb-overlay-text-center  grid-cat-61 tmb-id-81638 tmb-img-ratio tmb-media-first tmb-media-last tmb-content-overlay tmb-no-bg\" ><div class=\"t-inside animate_when_almost_visible bottom-t-top\" data-delay=\"600\"><div class=\"t-entry-visual\"><div class=\"t-entry-visual-tc\"><div class=\"t-entry-visual-cont\"><div class=\"dummy\" style=\"padding-top: 75%;\"><\/div><a tabindex=\"-1\" href=\"https:\/\/noisydigital.com\/en\/portfolio\/tamoona-travel-web\/\" class=\"pushed\" target=\"_self\" data-lb-index=\"0\"><div class=\"t-entry-visual-overlay\"><div class=\"t-entry-visual-overlay-in style-dark-bg\" style=\"opacity: 0.5;\"><\/div><\/div><div class=\"t-overlay-wrap\"><div class=\"t-overlay-inner\">\n\t\t\t\t\t\t\t\t\t\t\t\t\t\t<div class=\"t-overlay-content\">\n\t\t\t\t\t\t\t\t\t\t\t\t\t\t\t<div class=\"t-overlay-text single-block-padding\"><div class=\"t-entry\"><h3 class=\"t-entry-title h1 fontspace-781688 title-scale\">Tamoona Travel<\/h3><\/div><\/div><\/div><\/div><\/div><img decoding=\"async\" class=\"wp-image-81651\" src=\"https:\/\/noisydigital.com\/wp-content\/uploads\/2024\/02\/Screenshot-2024-01-31-at-11.50.53\u202fAM-min-uai-1642x1232.png\" width=\"1642\" height=\"1232\" alt=\"\" \/><\/a><\/div>\n\t\t\t\t\t<\/div>\n\t\t\t\t<\/div><\/div><\/div>\t\t<\/div>\n\t\n\n\t<\/div>\t\t\t<\/div>\n<\/div><\/div><\/div><\/div><\/div><div class=\"wpb_column pos-bottom pos-center align_left column_parent col-lg-5 boomapps_vccolumn single-internal-gutter\"><div class=\"uncol style-light\"  ><div class=\"uncoltable\"><div class=\"uncell  boomapps_vccolumn no-block-padding\" ><div class=\"uncont\"><div id=\"index-133104\" class=\"isotope-system isotope-general-light grid-general-light\" >\n\t\t\t\n\t\t\t\t\t\t<div class=\"isotope-wrapper grid-wrapper single-gutter\">\t\t\t\t\t\t<div class=\"isotope-container grid-container isotope-layout style-masonry isotope-pagination grid-pagination\" data-type=\"masonry\" data-layout=\"masonry\" data-lg=\"1000\" data-md=\"600\" data-sm=\"480\" data-vp-height=\"\">\t\t\t<div class=\"tmb atc-typography-inherit tmb-iso-w12 tmb-iso-h4 tmb-light tmb-overlay-text-anim tmb-overlay-anim tmb-overlay-middle tmb-overlay-text-center  grid-cat-61 tmb-id-81621 tmb-img-ratio tmb-media-first tmb-media-last tmb-content-overlay tmb-no-bg\" ><div class=\"t-inside animate_when_almost_visible bottom-t-top\" data-delay=\"200\"><div class=\"t-entry-visual\"><div class=\"t-entry-visual-tc\"><div class=\"t-entry-visual-cont\"><div class=\"dummy\" style=\"padding-top: 66.7%;\"><\/div><a tabindex=\"-1\" href=\"https:\/\/noisydigital.com\/en\/portfolio\/bureau-de-mise-a-niveau\/\" class=\"pushed\" target=\"_self\" data-lb-index=\"0\"><div class=\"t-entry-visual-overlay\"><div class=\"t-entry-visual-overlay-in style-dark-bg\" style=\"opacity: 0.5;\"><\/div><\/div><div class=\"t-overlay-wrap\"><div class=\"t-overlay-inner\">\n\t\t\t\t\t\t\t\t\t\t\t\t\t\t<div class=\"t-overlay-content\">\n\t\t\t\t\t\t\t\t\t\t\t\t\t\t\t<div class=\"t-overlay-text single-block-padding\"><div class=\"t-entry\"><h3 class=\"t-entry-title h2 fontspace-781688 title-scale\">Bureau de Mise \u00e0 Niveau<\/h3><\/div><\/div><\/div><\/div><\/div><img decoding=\"async\" class=\"wp-image-81622\" src=\"https:\/\/noisydigital.com\/wp-content\/uploads\/2024\/02\/65c0fde8fd946a4d1427d076-uai-1800x1200.jpg\" width=\"1800\" height=\"1200\" alt=\"\" \/><\/a><\/div>\n\t\t\t\t\t<\/div>\n\t\t\t\t<\/div><\/div><\/div>\t\t<\/div>\n\t\n\n\t<\/div>\t\t\t<\/div>\n<\/div><\/div><\/div><\/div><\/div><script id=\"script-row-unique-0\" data-row=\"script-row-unique-0\" type=\"text\/javascript\" class=\"vc_controls\">UNCODE.initRow(document.getElementById(\"row-unique-0\"));<\/script><\/div><\/div><\/div><div data-parent=\"true\" class=\"vc_row row-container boomapps_vcrow\" id=\"row-unique-1\"><div class=\"row single-top-padding no-bottom-padding quad-h-padding full-width row-parent\"><div class=\"wpb_row row-inner\"><div class=\"wpb_column pos-top pos-center align_left column_parent col-lg-5 boomapps_vccolumn single-internal-gutter z_index_2\"><div class=\"uncol style-light shift_x_quad shift_y_neg_quad\"  ><div class=\"uncoltable\"><div class=\"uncell  boomapps_vccolumn triple-block-padding style-color-202097-bg\" ><div class=\"uncont\"><div class=\"vc_custom_heading_wrap\"><div class=\"heading-text el-text\" ><p class=\"h2 fontspace-781688 font-weight-600 text-color-prif-color\" ><span>Our team is fuelled by true passion, with an excellent eye for detail &amp; craftsmanship. We remove the unnecessary to focus on what\u2019s important &amp; details.<\/span><\/p><\/div><div class=\"clear\"><\/div><\/div><\/div><\/div><\/div><\/div><\/div><div class=\"wpb_column pos-top pos-center align_left column_parent col-lg-7 boomapps_vccolumn single-internal-gutter\"><div class=\"uncol style-light shift_x_neg_quad\"  ><div class=\"uncoltable\"><div class=\"uncell  boomapps_vccolumn no-block-padding\" ><div class=\"uncont\"><div id=\"index-133104\" class=\"isotope-system isotope-general-light grid-general-light\" >\n\t\t\t\n\t\t\t\t\t\t<div class=\"isotope-wrapper grid-wrapper single-gutter\">\t\t\t\t\t\t<div class=\"isotope-container grid-container isotope-layout style-masonry isotope-pagination grid-pagination\" data-type=\"masonry\" data-layout=\"masonry\" data-lg=\"1000\" data-md=\"600\" data-sm=\"480\" data-vp-height=\"\">\t\t\t<div class=\"tmb atc-typography-inherit tmb-iso-w12 tmb-iso-h4 tmb-light tmb-overlay-text-anim tmb-overlay-anim tmb-overlay-middle tmb-overlay-text-center  grid-cat-6 tmb-id-81611 tmb-img-ratio tmb-media-first tmb-media-last tmb-content-overlay tmb-no-bg\" ><div class=\"t-inside animate_when_almost_visible bottom-t-top\" data-delay=\"600\" data-speed=\"200\"><div class=\"t-entry-visual\"><div class=\"t-entry-visual-tc\"><div class=\"t-entry-visual-cont\"><div class=\"dummy\" style=\"padding-top: 75%;\"><\/div><a tabindex=\"-1\" href=\"https:\/\/noisydigital.com\/en\/portfolio\/tamoona-travel\/\" class=\"pushed\" target=\"_self\" data-lb-index=\"0\"><div class=\"t-entry-visual-overlay\"><div class=\"t-entry-visual-overlay-in style-dark-bg\" style=\"opacity: 0.5;\"><\/div><\/div><div class=\"t-overlay-wrap\"><div class=\"t-overlay-inner\">\n\t\t\t\t\t\t\t\t\t\t\t\t\t\t<div class=\"t-overlay-content\">\n\t\t\t\t\t\t\t\t\t\t\t\t\t\t\t<div class=\"t-overlay-text single-block-padding\"><div class=\"t-entry\"><h3 class=\"t-entry-title h1 fontspace-781688 title-scale\">Tamoona Travel<\/h3><\/div><\/div><\/div><\/div><\/div><img decoding=\"async\" class=\"wp-image-81615\" src=\"https:\/\/noisydigital.com\/wp-content\/uploads\/2024\/01\/336880296_1549914925486175_9189894503186739132_n-1-min-uai-1080x810.jpg\" width=\"1080\" height=\"810\" alt=\"\" \/><\/a><\/div>\n\t\t\t\t\t<\/div>\n\t\t\t\t<\/div><\/div><\/div>\t\t<\/div>\n\t\n\n\t<\/div>\t\t\t<\/div>\n<\/div><\/div><\/div><\/div><\/div><script id=\"script-row-unique-1\" data-row=\"script-row-unique-1\" type=\"text\/javascript\" class=\"vc_controls\">UNCODE.initRow(document.getElementById(\"row-unique-1\"));<\/script><\/div><\/div><\/div><div data-parent=\"true\" class=\"vc_row row-container boomapps_vcrow\" id=\"row-unique-2\"><div class=\"row col-double-gutter single-top-padding no-bottom-padding triple-h-padding full-width row-parent\"><div class=\"wpb_row row-inner\"><div class=\"wpb_column pos-top pos-center align_left column_parent col-lg-5 boomapps_vccolumn single-internal-gutter shift-col-wa\"><div class=\"uncol style-light shift_y_neg_quad shift_y_down_neg_double\"  ><div class=\"uncoltable\"><div class=\"uncell  boomapps_vccolumn no-block-padding\" ><div class=\"uncont\"><div id=\"index-133104\" class=\"isotope-system isotope-general-light grid-general-light\" >\n\t\t\t\n\t\t\t\t\t\t<div class=\"isotope-wrapper grid-wrapper single-gutter\">\t\t\t\t\t\t<div class=\"isotope-container grid-container isotope-layout style-masonry isotope-pagination grid-pagination\" data-type=\"masonry\" data-layout=\"masonry\" data-lg=\"1000\" data-md=\"600\" data-sm=\"480\" data-vp-height=\"\">\t\t\t<div class=\"tmb atc-typography-inherit tmb-iso-w12 tmb-iso-h4 tmb-light tmb-overlay-text-anim tmb-overlay-anim tmb-overlay-middle tmb-overlay-text-center  grid-cat-6 tmb-id-81588 tmb-img-ratio tmb-media-first tmb-media-last tmb-content-overlay tmb-no-bg\" ><div class=\"t-inside animate_when_almost_visible bottom-t-top\" data-delay=\"600\" data-speed=\"200\"><div class=\"t-entry-visual\"><div class=\"t-entry-visual-tc\"><div class=\"t-entry-visual-cont\"><div class=\"dummy\" style=\"padding-top: 66.7%;\"><\/div><a tabindex=\"-1\" href=\"https:\/\/noisydigital.com\/en\/portfolio\/vivo-energy\/\" class=\"pushed\" target=\"_self\" data-lb-index=\"0\"><div class=\"t-entry-visual-overlay\"><div class=\"t-entry-visual-overlay-in style-dark-bg\" style=\"opacity: 0.5;\"><\/div><\/div><div class=\"t-overlay-wrap\"><div class=\"t-overlay-inner\">\n\t\t\t\t\t\t\t\t\t\t\t\t\t\t<div class=\"t-overlay-content\">\n\t\t\t\t\t\t\t\t\t\t\t\t\t\t\t<div class=\"t-overlay-text single-block-padding\"><div class=\"t-entry\"><h3 class=\"t-entry-title h2 fontspace-781688 title-scale\">Vivo Energy<\/h3><\/div><\/div><\/div><\/div><\/div><img decoding=\"async\" class=\"wp-image-81585\" src=\"https:\/\/noisydigital.com\/wp-content\/uploads\/2024\/01\/363421801_667611715413363_760250615531523083_n-min-uai-1080x720.jpg\" width=\"1080\" height=\"720\" alt=\"\" \/><\/a><\/div>\n\t\t\t\t\t<\/div>\n\t\t\t\t<\/div><\/div><\/div>\t\t<\/div>\n\t\n\n\t<\/div>\t\t\t<\/div>\n<\/div><\/div><\/div><\/div><\/div><div class=\"wpb_column pos-top pos-center align_left column_parent col-lg-7 boomapps_vccolumn single-internal-gutter\"><div class=\"uncol style-light\"  ><div class=\"uncoltable\"><div class=\"uncell  boomapps_vccolumn no-block-padding\" ><div class=\"uncont\"><div id=\"index-133104\" class=\"isotope-system isotope-general-light grid-general-light\" >\n\t\t\t\n\t\t\t\t\t\t<div class=\"isotope-wrapper grid-wrapper single-gutter\">\t\t\t\t\t\t<div class=\"isotope-container grid-container isotope-layout style-masonry isotope-pagination grid-pagination\" data-type=\"masonry\" data-layout=\"masonry\" data-lg=\"1000\" data-md=\"600\" data-sm=\"480\" data-vp-height=\"\">\t\t\t<div class=\"tmb atc-typography-inherit tmb-iso-w12 tmb-iso-h4 tmb-light tmb-overlay-text-anim tmb-overlay-anim tmb-overlay-middle tmb-overlay-text-center  grid-cat-6 tmb-id-81533 tmb-img-ratio tmb-media-first tmb-media-last tmb-content-overlay tmb-no-bg\" ><div class=\"t-inside animate_when_almost_visible bottom-t-top\" data-delay=\"200\"><div class=\"t-entry-visual\"><div class=\"t-entry-visual-tc\"><div class=\"t-entry-visual-cont\"><div class=\"dummy\" style=\"padding-top: 66.7%;\"><\/div><a tabindex=\"-1\" href=\"https:\/\/noisydigital.com\/en\/portfolio\/english-connects\/\" class=\"pushed\" target=\"_self\" data-lb-index=\"0\"><div class=\"t-entry-visual-overlay\"><div class=\"t-entry-visual-overlay-in style-dark-bg\" style=\"opacity: 0.5;\"><\/div><\/div><div class=\"t-overlay-wrap\"><div class=\"t-overlay-inner\">\n\t\t\t\t\t\t\t\t\t\t\t\t\t\t<div class=\"t-overlay-content\">\n\t\t\t\t\t\t\t\t\t\t\t\t\t\t\t<div class=\"t-overlay-text single-block-padding\"><div class=\"t-entry\"><h3 class=\"t-entry-title h1 fontspace-781688 title-scale\">English Connects<\/h3><\/div><\/div><\/div><\/div><\/div><img decoding=\"async\" class=\"wp-image-81539\" src=\"https:\/\/noisydigital.com\/wp-content\/uploads\/2024\/01\/Screenshot-2024-01-24-at-11.27.04\u202fAM-min-uai-2418x1612.png\" width=\"2418\" height=\"1612\" alt=\"\" \/><\/a><\/div>\n\t\t\t\t\t<\/div>\n\t\t\t\t<\/div><\/div><\/div>\t\t<\/div>\n\t\n\n\t<\/div>\t\t\t<\/div>\n<\/div><\/div><\/div><\/div><\/div><script id=\"script-row-unique-2\" data-row=\"script-row-unique-2\" type=\"text\/javascript\" class=\"vc_controls\">UNCODE.initRow(document.getElementById(\"row-unique-2\"));<\/script><\/div><\/div><\/div><div data-parent=\"true\" class=\"vc_row row-container with-parallax boomapps_vcrow\" id=\"row-unique-3\"><div class=\"row-background background-element\">\n\t\t\t\t\t\t\t\t\t\t\t<div class=\"background-wrapper\">\n\t\t\t\t\t\t\t\t\t\t\t\t<div class=\"background-inner\" style=\"background-image: url(https:\/\/noisydigital.com\/wp-content\/uploads\/2019\/02\/texture-bureau.png);background-repeat: no-repeat;background-position: center center;background-size: cover;\"><\/div>\n\t\t\t\t\t\t\t\t\t\t\t\t\n\t\t\t\t\t\t\t\t\t\t\t<\/div>\n\t\t\t\t\t\t\t\t\t\t<\/div><div class=\"row single-top-padding no-bottom-padding single-h-padding limit-width row-parent\"><div class=\"wpb_row row-inner\"><div class=\"wpb_column pos-top pos-center align_left column_parent col-lg-7 boomapps_vccolumn single-internal-gutter\"><div class=\"uncol style-light shift_y_neg_quad\"  ><div class=\"uncoltable\"><div class=\"uncell  boomapps_vccolumn no-block-padding\" ><div class=\"uncont\"><div id=\"index-133104\" class=\"isotope-system isotope-general-light grid-general-light\" >\n\t\t\t\t\t<div class=\"isotope-wrapper grid-wrapper single-gutter\">\t\t\t\t\t\t<div class=\"\" data-type=\"masonry\" data-layout=\"masonry\" data-lg=\"1000\" data-md=\"600\" data-sm=\"480\" data-vp-height=\"\">\t\t\t\t\t\t\t\n\t<div class=\"tmb tmb-iso-w12 tmb-iso-h1\"><p class=\"t-entry-title\">Nothing found.<\/p><\/div>\n\t\t\t\t\t<\/div>\n\t\n\n\t<\/div>\t\t\t<\/div>\n<\/div><\/div><\/div><\/div><\/div><div class=\"wpb_column pos-top pos-center align_left column_parent col-lg-5 boomapps_vccolumn single-internal-gutter z_index_1\"><div class=\"uncol style-light shift_x_neg_quad\"  ><div class=\"uncoltable\"><div class=\"uncell  boomapps_vccolumn triple-block-padding style-color-202097-bg\" ><div class=\"uncont\"><div class=\"divider-wrapper\"  >\n    <hr class=\"border-color-prif-color separator-no-padding\"  style=\"border-top-width: 5px;\" \/>\n<\/div>\n<div class=\"vc_custom_heading_wrap\"><div class=\"heading-text el-text\" ><p class=\"h2 fontspace-781688 font-weight-600 text-color-prif-color\" ><span>Still a bit of work from our portfolio.<\/span><\/p><\/div><div class=\"clear\"><\/div><\/div><\/div><\/div><\/div><\/div><\/div><script id=\"script-row-unique-3\" data-row=\"script-row-unique-3\" type=\"text\/javascript\" class=\"vc_controls\">UNCODE.initRow(document.getElementById(\"row-unique-3\"));<\/script><\/div><\/div><\/div><div data-parent=\"true\" class=\"vc_row row-container boomapps_vcrow\" style=\"z-index: 1;\" id=\"row-unique-4\"><div class=\"row single-top-padding single-bottom-padding single-h-padding full-width row-parent\"><div class=\"wpb_row row-inner\"><div class=\"wpb_column pos-top pos-center align_left column_parent col-lg-12 boomapps_vccolumn single-internal-gutter\"><div class=\"uncol style-light\"  ><div class=\"uncoltable\"><div class=\"uncell  boomapps_vccolumn\" ><div class=\"uncont no-block-padding col-custom-width\" style=\"max-width:1296px;\"><div id=\"index-133104\" class=\"isotope-system isotope-general-light grid-general-light\" >\n\t\t\t\t\t<div class=\"isotope-wrapper grid-wrapper single-gutter\">\t\t\t\t\t\t<div class=\"\" data-type=\"masonry\" data-layout=\"cellsByRow\" data-lg=\"1000\" data-md=\"600\" data-sm=\"480\" data-vp-height=\"\">\t\t\t\t\t\t\t\n\t<div class=\"tmb tmb-iso-w12 tmb-iso-h1\"><p class=\"t-entry-title\">Nothing found.<\/p><\/div>\n\t\t\t\t\t<\/div>\n\t\n\n\t<\/div>\t\t\t<\/div>\n<\/div><\/div><\/div><\/div><\/div><script id=\"script-row-unique-4\" data-row=\"script-row-unique-4\" type=\"text\/javascript\" class=\"vc_controls\">UNCODE.initRow(document.getElementById(\"row-unique-4\"));<\/script><\/div><\/div><\/div><div data-parent=\"true\" class=\"vc_row row-container boomapps_vcrow\" style=\"z-index: 1;\" id=\"row-unique-5\"><div class=\"row no-top-padding no-bottom-padding single-h-padding full-width row-parent\"><div class=\"wpb_row row-inner\"><div class=\"wpb_column pos-top pos-center align_left column_parent col-lg-12 overflow-hidden boomapps_vccolumn single-internal-gutter\"><div class=\"uncol style-light\"  ><div class=\"uncoltable\"><div class=\"uncell  boomapps_vccolumn\" ><div class=\"uncont no-block-padding col-custom-width\" style=\"max-width:1296px;\"><div class=\"vc_row row-internal row-container boomapps_vcrow\"><div class=\"row unequal col-no-gutter row-child\" data-height=\"100\"><div class=\"wpb_row row-inner\"><div class=\"wpb_column pos-top pos-center align_left column_child col-lg-5 boomapps_vccolumn single-internal-gutter\"><div class=\"uncol style-light\" ><div class=\"uncoltable\"><div class=\"uncell  boomapps_vccolumn triple-block-padding style-color-202097-bg\" ><div class=\"uncont\"><div class=\"vc_custom_heading_wrap\"><div class=\"heading-text el-text\" ><p class=\"h2 fontspace-781688 font-weight-600 text-color-prif-color\" ><span>Some\u00a0news<br \/><\/span><span>from the blog.<\/span><\/p><\/div><div class=\"clear\"><\/div><\/div><\/div><\/div><\/div><\/div><\/div><div class=\"wpb_column pos-middle pos-center align_left column_child col-lg-7 boomapps_vccolumn tablet-hidden mobile-hidden single-internal-gutter z_index_1\"><div class=\"uncol style-light\" ><div class=\"uncoltable\"><div class=\"uncell  boomapps_vccolumn no-block-padding\" ><div class=\"uncont\"><\/div><\/div><\/div><\/div><\/div><\/div><\/div><\/div><\/div><\/div><\/div><\/div><\/div><script id=\"script-row-unique-5\" data-row=\"script-row-unique-5\" type=\"text\/javascript\" class=\"vc_controls\">UNCODE.initRow(document.getElementById(\"row-unique-5\"));<\/script><\/div><\/div><\/div><div data-parent=\"true\" class=\"vc_row row-container boomapps_vcrow\" style=\"z-index: 1;\" id=\"row-unique-6\"><div class=\"row no-top-padding single-bottom-padding no-h-padding full-width row-parent\"><div class=\"wpb_row shift_y_neg_quad row-inner\"><div class=\"wpb_column pos-top pos-center align_left column_parent col-lg-12 boomapps_vccolumn single-internal-gutter\"><div class=\"uncol style-light shift_y_neg_double\"  ><div class=\"uncoltable\"><div class=\"uncell  boomapps_vccolumn no-block-padding\" ><div class=\"uncont\"><div class=\"owl-carousel-wrapper\" >\n\t\t\t\t\t<div class=\"owl-carousel-container owl-carousel-loading single-gutter\">\t\t\t\t\t\t<div id=\"index-1984412\" class=\"owl-carousel owl-element owl-height-auto owl-dots-outside owl-dots-single-block-padding owl-dots-align-center\" data-dots=\"true\" data-dotsmobile=\"true\" data-navmobile=\"false\" data-navspeed=\"400\" data-autoplay=\"false\" data-stagepadding=\"75\" data-lg=\"1\" data-md=\"1\" data-sm=\"1\" data-vp-height=\"false\">\t\t\t<div class=\"tmb tmb-carousel atc-typography-inherit tmb-iso-h33 tmb-light tmb-overlay-text-anim tmb-overlay-anim tmb-content-left  grid-cat-9 grid-cat-296 tmb-id-81692 tmb-img-ratio tmb-only-text tmb-content-under\" ><div class=\"t-inside style-color-xsdn-bg animate_when_almost_visible right-t-left\" data-delay=\"200\"><div class=\"t-entry-text\">\n\t\t\t\t\t\t\t\t\t<div class=\"t-entry-text-tc double-block-padding\"><div class=\"t-entry\"><p class=\"t-entry-meta\"><span class=\"t-entry-date\">3 April 2024<\/span><\/p><h3 class=\"t-entry-title h2 fontspace-781688 title-scale\"><a href=\"https:\/\/noisydigital.com\/en\/les-reseaux-sociaux-au-senegal-les-chiffres-en-2024\/\" target=\"_self\">Les r\u00e9seaux sociaux au S\u00e9n\u00e9gal, les chiffres en 2024<\/a><\/h3><\/div><\/div>\n\t\t\t\t\t\t\t<\/div><\/div><\/div><div class=\"tmb tmb-carousel atc-typography-inherit tmb-iso-h33 tmb-light tmb-overlay-text-anim tmb-overlay-anim tmb-content-left  grid-cat-296 grid-cat-1348 tmb-id-81170 tmb-img-ratio tmb-only-text tmb-content-under\" ><div class=\"t-inside style-color-xsdn-bg animate_when_almost_visible right-t-left\" data-delay=\"200\"><div class=\"t-entry-text\">\n\t\t\t\t\t\t\t\t\t<div class=\"t-entry-text-tc double-block-padding\"><div class=\"t-entry\"><p class=\"t-entry-meta\"><span class=\"t-entry-date\">11 March 2022<\/span><\/p><h3 class=\"t-entry-title h2 fontspace-781688 title-scale\"><a href=\"https:\/\/noisydigital.com\/en\/le-podcast-comme-strategie-marketing\/\" target=\"_self\">Le Podcast comme Strat\u00e9gie Marketing<\/a><\/h3><\/div><\/div>\n\t\t\t\t\t\t\t<\/div><\/div><\/div><div class=\"tmb tmb-carousel atc-typography-inherit tmb-iso-h33 tmb-light tmb-overlay-text-anim tmb-overlay-anim tmb-content-left  grid-cat-9 grid-cat-1349 tmb-id-81315 tmb-img-ratio tmb-only-text tmb-content-under\" ><div class=\"t-inside style-color-xsdn-bg animate_when_almost_visible right-t-left\" data-delay=\"200\"><div class=\"t-entry-text\">\n\t\t\t\t\t\t\t\t\t<div class=\"t-entry-text-tc double-block-padding\"><div class=\"t-entry\"><p class=\"t-entry-meta\"><span class=\"t-entry-date\">3 February 2022<\/span><\/p><h3 class=\"t-entry-title h2 fontspace-781688 title-scale\"><a href=\"https:\/\/noisydigital.com\/en\/metavers-cette-technologie-immersive-du-futur\/\" target=\"_self\">M\u00e9tavers, cette technologie immersive du futur<\/a><\/h3><\/div><\/div>\n\t\t\t\t\t\t\t<\/div><\/div><\/div><div class=\"tmb tmb-carousel atc-typography-inherit tmb-iso-h33 tmb-light tmb-overlay-text-anim tmb-overlay-anim tmb-content-left  grid-cat-9 grid-cat-296 tmb-id-81114 tmb-img-ratio tmb-only-text tmb-content-under\" ><div class=\"t-inside style-color-xsdn-bg animate_when_almost_visible right-t-left\" data-delay=\"200\"><div class=\"t-entry-text\">\n\t\t\t\t\t\t\t\t\t<div class=\"t-entry-text-tc double-block-padding\"><div class=\"t-entry\"><p class=\"t-entry-meta\"><span class=\"t-entry-date\">18 February 2021<\/span><\/p><h3 class=\"t-entry-title h2 fontspace-781688 title-scale\"><a href=\"https:\/\/noisydigital.com\/en\/les-chiffres-du-numerique-en-2021-au-senegal\/\" target=\"_self\">Le Num\u00e9rique au S\u00e9n\u00e9gal, les chiffres en 2021<\/a><\/h3><\/div><\/div>\n\t\t\t\t\t\t\t<\/div><\/div><\/div><div class=\"tmb tmb-carousel atc-typography-inherit tmb-iso-h33 tmb-light tmb-overlay-text-anim tmb-overlay-anim tmb-content-left  grid-cat-9 tmb-id-81090 tmb-img-ratio tmb-only-text tmb-content-under\" ><div class=\"t-inside style-color-xsdn-bg animate_when_almost_visible right-t-left\" data-delay=\"200\"><div class=\"t-entry-text\">\n\t\t\t\t\t\t\t\t\t<div class=\"t-entry-text-tc double-block-padding\"><div class=\"t-entry\"><p class=\"t-entry-meta\"><span class=\"t-entry-date\">6 January 2021<\/span><\/p><h3 class=\"t-entry-title h2 fontspace-781688 title-scale\"><a href=\"https:\/\/noisydigital.com\/en\/twitter-certifier-un-compte-cest-facile-en-2021\/\" target=\"_self\">Twitter : Certifier son compte Twitter, c&rsquo;est facile en 2021<\/a><\/h3><\/div><\/div>\n\t\t\t\t\t\t\t<\/div><\/div><\/div>\t\t<\/div>\n\t\n\n\t<\/div>\t\t\t<\/div>\n<\/div><\/div><\/div><\/div><\/div><script id=\"script-row-unique-6\" data-row=\"script-row-unique-6\" type=\"text\/javascript\" class=\"vc_controls\">UNCODE.initRow(document.getElementById(\"row-unique-6\"));<\/script><\/div><\/div><\/div>\n<\/div>","protected":false},"excerpt":{"rendered":"Le r\u00e9seau social Twitter a annonc\u00e9 des nouveaut\u00e9s en 2021. Des changements qui facilitent certification de comptes. Certifiez votre compte [...]","protected":false},"author":1,"featured_media":78907,"parent":43938,"menu_order":0,"comment_status":"closed","ping_status":"closed","template":"","meta":{"bgseo_title":"","bgseo_description":"","bgseo_robots_index":"","bgseo_robots_follow":"","footnotes":""},"class_list":["post-58945","page","type-page","status-publish","has-post-thumbnail","hentry","page_category-portfolio"],"aioseo_notices":[],"_links":{"self":[{"href":"https:\/\/noisydigital.com\/en\/wp-json\/wp\/v2\/pages\/58945","targetHints":{"allow":["GET"]}}],"collection":[{"href":"https:\/\/noisydigital.com\/en\/wp-json\/wp\/v2\/pages"}],"about":[{"href":"https:\/\/noisydigital.com\/en\/wp-json\/wp\/v2\/types\/page"}],"author":[{"embeddable":true,"href":"https:\/\/noisydigital.com\/en\/wp-json\/wp\/v2\/users\/1"}],"replies":[{"embeddable":true,"href":"https:\/\/noisydigital.com\/en\/wp-json\/wp\/v2\/comments?post=58945"}],"version-history":[{"count":0,"href":"https:\/\/noisydigital.com\/en\/wp-json\/wp\/v2\/pages\/58945\/revisions"}],"up":[{"embeddable":true,"href":"https:\/\/noisydigital.com\/en\/wp-json\/wp\/v2\/pages\/43938"}],"wp:featuredmedia":[{"embeddable":true,"href":"https:\/\/noisydigital.com\/en\/wp-json\/wp\/v2\/media\/78907"}],"wp:attachment":[{"href":"https:\/\/noisydigital.com\/en\/wp-json\/wp\/v2\/media?parent=58945"}],"curies":[{"name":"wp","href":"https:\/\/api.w.org\/{rel}","templated":true}]}}