{"id":54892,"date":"2017-03-31T14:50:49","date_gmt":"2017-03-31T12:50:49","guid":{"rendered":"https:\/\/undsgn.com\/uncode\/?page_id=54892"},"modified":"2017-03-31T14:50:49","modified_gmt":"2017-03-31T12:50:49","slug":"blog-editorial","status":"publish","type":"page","link":"https:\/\/noisydigital.com\/en\/homepages\/blog-editorial\/","title":{"rendered":"Blog Editorial"},"content":{"rendered":"<div class=\"wpb-content-wrapper\"><div data-parent=\"true\" class=\"vc_row vc_custom_1547726216036 border-color-gyho-color row-container boomapps_vcrow\" style=\"border-style: solid;border-top-width: 1px ;\" id=\"row-unique-0\"><div class=\"row triple-top-padding triple-bottom-padding single-h-padding limit-width row-parent\"><div class=\"wpb_row row-inner\"><div class=\"wpb_column pos-top pos-center align_left column_parent col-lg-12 boomapps_vccolumn single-internal-gutter\"><div class=\"uncol style-light\"  ><div class=\"uncoltable\"><div class=\"uncell  boomapps_vccolumn\" ><div class=\"uncont no-block-padding col-custom-width\" style=\"max-width:900px;\"><div id=\"index-147794564\" class=\"isotope-system isotope-general-light grid-general-light\" >\n\t\t\t\n\t\t\t\t\t\t<div class=\"isotope-wrapper grid-wrapper double-gutter\">\t\t\t\t\t\t<div class=\"isotope-container grid-container isotope-layout style-masonry isotope-pagination grid-pagination\" data-type=\"masonry\" data-layout=\"fitRows\" data-lg=\"700\" data-md=\"480\" data-sm=\"480\" data-vp-height=\"\">\t\t\t<div class=\"tmb atc-typography-inherit tmb-iso-w12 tmb-iso-h4 tmb-light tmb-overlay-text-anim tmb-overlay-anim tmb-content-left tmb-image-anim  grid-cat-1 tmb-id-81067 tmb-img-ratio tmb-content-under tmb-media-first tmb-no-bg\" ><div class=\"t-inside animate_when_almost_visible bottom-t-top\" data-delay=\"400\"><div class=\"t-entry-visual\"><div class=\"t-entry-visual-tc\"><div class=\"t-entry-visual-cont\"><div class=\"dummy\" style=\"padding-top: 66.7%;\"><\/div><a tabindex=\"-1\" href=\"https:\/\/noisydigital.com\/en\/covid-19-la-technologie-au-secours-des-competitions-sportives\/\" class=\"pushed\" target=\"_self\" data-lb-index=\"0\"><div class=\"t-entry-visual-overlay\"><div class=\"t-entry-visual-overlay-in style-color-nhtu-bg\" style=\"opacity: 0.2;\"><\/div><\/div><div class=\"t-overlay-wrap\"><div class=\"t-overlay-inner\">\n\t\t\t\t\t\t\t\t\t\t\t\t\t\t<div class=\"t-overlay-content\">\n\t\t\t\t\t\t\t\t\t\t\t\t\t\t\t<div class=\"t-overlay-text single-block-padding\"><div class=\"t-entry t-single-line\"><i class=\"fa fa-plus2 t-overlay-icon\"><\/i><\/div><\/div><\/div><\/div><\/div><img decoding=\"async\" class=\"wp-image-81072\" src=\"https:\/\/noisydigital.com\/wp-content\/uploads\/2020\/12\/foot-covid-uai-498x332.jpg\" width=\"498\" height=\"332\" alt=\"\" \/><\/a><\/div>\n\t\t\t\t\t<\/div>\n\t\t\t\t<\/div><div class=\"t-entry-text\">\n\t\t\t\t\t\t\t\t\t<div class=\"t-entry-text-tc single-block-padding\"><div class=\"t-entry\"><p class=\"t-entry-meta\"><span class=\"t-entry-date\">29 December 2020<\/span><\/p><h3 class=\"t-entry-title font-175345 h3 font-weight-400 fontspace-781688 title-scale\"><a href=\"https:\/\/noisydigital.com\/en\/covid-19-la-technologie-au-secours-des-competitions-sportives\/\" target=\"_self\">COVID-19 : la technologie au secours des comp\u00e9titions sportives<\/a><\/h3><div class=\"t-entry-excerpt\"><\/div><\/div><\/div>\n\t\t\t\t\t\t\t<\/div><\/div><\/div><div class=\"tmb atc-typography-inherit tmb-iso-w12 tmb-iso-h4 tmb-light tmb-overlay-text-anim tmb-overlay-anim tmb-content-left tmb-image-anim  grid-cat-1 tmb-id-81052 tmb-img-ratio tmb-content-under tmb-media-first tmb-no-bg\" ><div class=\"t-inside animate_when_almost_visible bottom-t-top\" data-delay=\"400\"><div class=\"t-entry-visual\"><div class=\"t-entry-visual-tc\"><div class=\"t-entry-visual-cont\"><div class=\"dummy\" style=\"padding-top: 66.7%;\"><\/div><a tabindex=\"-1\" href=\"https:\/\/noisydigital.com\/en\/twitter-des-tweets-sur-snapchat-et-instagram\/\" class=\"pushed\" target=\"_self\" data-lb-index=\"1\"><div class=\"t-entry-visual-overlay\"><div class=\"t-entry-visual-overlay-in style-color-nhtu-bg\" style=\"opacity: 0.2;\"><\/div><\/div><div class=\"t-overlay-wrap\"><div class=\"t-overlay-inner\">\n\t\t\t\t\t\t\t\t\t\t\t\t\t\t<div class=\"t-overlay-content\">\n\t\t\t\t\t\t\t\t\t\t\t\t\t\t\t<div class=\"t-overlay-text single-block-padding\"><div class=\"t-entry t-single-line\"><i class=\"fa fa-plus2 t-overlay-icon\"><\/i><\/div><\/div><\/div><\/div><\/div><img decoding=\"async\" class=\"wp-image-81084\" src=\"https:\/\/noisydigital.com\/wp-content\/uploads\/2020\/12\/dims-uai-2008x1339.jpeg\" width=\"2008\" height=\"1339\" alt=\"\" \/><\/a><\/div>\n\t\t\t\t\t<\/div>\n\t\t\t\t<\/div><div class=\"t-entry-text\">\n\t\t\t\t\t\t\t\t\t<div class=\"t-entry-text-tc single-block-padding\"><div class=\"t-entry\"><p class=\"t-entry-meta\"><span class=\"t-entry-date\">22 December 2020<\/span><\/p><h3 class=\"t-entry-title font-175345 h3 font-weight-400 fontspace-781688 title-scale\"><a href=\"https:\/\/noisydigital.com\/en\/twitter-des-tweets-sur-snapchat-et-instagram\/\" target=\"_self\">Twitter : des tweets sur Snapchat et Instagram<\/a><\/h3><div class=\"t-entry-excerpt\"><\/div><\/div><\/div>\n\t\t\t\t\t\t\t<\/div><\/div><\/div><div class=\"tmb atc-typography-inherit tmb-iso-w12 tmb-iso-h4 tmb-light tmb-overlay-text-anim tmb-overlay-anim tmb-content-left tmb-image-anim  grid-cat-9 tmb-id-81045 tmb-img-ratio tmb-content-under tmb-media-first tmb-no-bg\" ><div class=\"t-inside animate_when_almost_visible bottom-t-top\" data-delay=\"400\"><div class=\"t-entry-visual\"><div class=\"t-entry-visual-tc\"><div class=\"t-entry-visual-cont\"><div class=\"dummy\" style=\"padding-top: 66.7%;\"><\/div><a tabindex=\"-1\" href=\"https:\/\/noisydigital.com\/en\/tiktok-devant-facebook\/\" class=\"pushed\" target=\"_self\" data-lb-index=\"2\"><div class=\"t-entry-visual-overlay\"><div class=\"t-entry-visual-overlay-in style-color-nhtu-bg\" style=\"opacity: 0.2;\"><\/div><\/div><div class=\"t-overlay-wrap\"><div class=\"t-overlay-inner\">\n\t\t\t\t\t\t\t\t\t\t\t\t\t\t<div class=\"t-overlay-content\">\n\t\t\t\t\t\t\t\t\t\t\t\t\t\t\t<div class=\"t-overlay-text single-block-padding\"><div class=\"t-entry t-single-line\"><i class=\"fa fa-plus2 t-overlay-icon\"><\/i><\/div><\/div><\/div><\/div><\/div><img decoding=\"async\" class=\"wp-image-81047\" src=\"https:\/\/noisydigital.com\/wp-content\/uploads\/2020\/12\/Tiktok.jpg\" width=\"960\" height=\"640\" alt=\"\" srcset=\"https:\/\/noisydigital.com\/wp-content\/uploads\/2020\/12\/Tiktok.jpg 960w, https:\/\/noisydigital.com\/wp-content\/uploads\/2020\/12\/Tiktok-300x200.jpg 300w, https:\/\/noisydigital.com\/wp-content\/uploads\/2020\/12\/Tiktok-768x512.jpg 768w\" sizes=\"(max-width: 960px) 100vw, 960px\" \/><\/a><\/div>\n\t\t\t\t\t<\/div>\n\t\t\t\t<\/div><div class=\"t-entry-text\">\n\t\t\t\t\t\t\t\t\t<div class=\"t-entry-text-tc single-block-padding\"><div class=\"t-entry\"><p class=\"t-entry-meta\"><span class=\"t-entry-date\">21 December 2020<\/span><\/p><h3 class=\"t-entry-title font-175345 h3 font-weight-400 fontspace-781688 title-scale\"><a href=\"https:\/\/noisydigital.com\/en\/tiktok-devant-facebook\/\" target=\"_self\">Tiktok, l&rsquo;application la plus t\u00e9l\u00e9charg\u00e9e de 2020 devant Facebook<\/a><\/h3><div class=\"t-entry-excerpt\"><\/div><\/div><\/div>\n\t\t\t\t\t\t\t<\/div><\/div><\/div>\t\t<\/div>\n\t\n\n\t<\/div>\t\t\t<\/div>\n<\/div><\/div><\/div><\/div><\/div><script id=\"script-row-unique-0\" data-row=\"script-row-unique-0\" type=\"text\/javascript\" class=\"vc_controls\">UNCODE.initRow(document.getElementById(\"row-unique-0\"));<\/script><\/div><\/div><\/div><div data-parent=\"true\" class=\"vc_row overflow-hidden style-color-nhtu-bg row-container boomapps_vcrow\" id=\"row-unique-1\"><div class=\"row no-top-padding no-bottom-padding no-h-padding full-width row-parent\" data-height-ratio=\"84\"><div class=\"wpb_row row-inner\"><div class=\"wpb_column pos-top pos-center align_left column_parent col-lg-12 boomapps_vccolumn single-internal-gutter\"><div class=\"uncol style-dark\"  ><div class=\"uncoltable\"><div class=\"uncell  boomapps_vccolumn no-block-padding\" ><div class=\"uncont\"><div id=\"index-167885656\" class=\"isotope-system isotope-general-light grid-general-light\" >\n\t\t\t\n\t\t\t\t\t\t<div class=\"isotope-wrapper grid-wrapper no-gutter\">\t\t\t\t\t\t<div class=\"isotope-container grid-container isotope-layout style-metro isotope-pagination grid-pagination\" data-type=\"metro\" data-layout=\"masonry\" data-lg=\"960\" data-md=\"770\" data-sm=\"640\" data-vp-height=\"1\">\t\t\t<div class=\"tmb atc-typography-inherit tmb-iso-w6 tmb-iso-h84 tmb-light tmb-text-showed tmb-overlay-showed tmb-overlay-text-reduced tmb-overlay-center tmb-overlay-text-wide-sm tmb-overlay-middle tmb-overlay-text-center tmb-overlay-text-mobile-left tmb-image-anim tmb-shadowed tmb-shadowed-xs  grid-cat-9 tmb-id-81010 tmb-media-first tmb-media-last tmb-content-overlay tmb-no-bg\" ><div class=\"t-inside animate_when_almost_visible bottom-t-top\" data-delay=\"400\"><div class=\"t-entry-visual\"><div class=\"t-entry-visual-tc\"><div class=\"t-entry-visual-cont\"><a tabindex=\"-1\" href=\"https:\/\/noisydigital.com\/en\/vous-pouvez-desormais-monetiser-vos-contenus-sur-instagram\/\" target=\"_self\" data-lb-index=\"0\"><div class=\"t-entry-visual-overlay\"><div class=\"t-entry-visual-overlay-in style-color-nhtu-bg\" style=\"opacity: 0.2;\"><\/div><\/div><div class=\"t-overlay-wrap\"><div class=\"t-overlay-inner\">\n\t\t\t\t\t\t\t\t\t\t\t\t\t\t<div class=\"t-overlay-content\">\n\t\t\t\t\t\t\t\t\t\t\t\t\t\t\t<div class=\"t-overlay-text double-block-padding\"><div class=\"t-entry\"><p class=\"t-entry-meta\"><span class=\"t-entry-date\">28 May 2020<\/span><\/p><h3 class=\"t-entry-title font-175345 fontsize-155944 font-weight-400 fontspace-781688 title-scale\">Vous pouvez d\u00e9sormais mon\u00e9tiser vos contenus sur Instagram !<\/h3><\/div><\/div><\/div><\/div><\/div><div class=\"t-background-cover\" style=\"background-image:url('https:\/\/noisydigital.com\/wp-content\/uploads\/2020\/05\/1587481939_maxresdefault.jpg')\"><\/div><\/a><\/div>\n\t\t\t\t\t<\/div>\n\t\t\t\t<\/div><\/div><\/div><div class=\"tmb atc-typography-inherit tmb-iso-w6 tmb-iso-h84 tmb-light tmb-text-showed tmb-overlay-showed tmb-overlay-text-reduced tmb-overlay-center tmb-overlay-text-wide-sm tmb-overlay-middle tmb-overlay-text-center tmb-overlay-text-mobile-left tmb-image-anim tmb-shadowed tmb-shadowed-xs  grid-cat-9 tmb-id-80859 tmb-media-first tmb-media-last tmb-content-overlay tmb-no-bg\" ><div class=\"t-inside animate_when_almost_visible bottom-t-top\" data-delay=\"400\"><div class=\"t-entry-visual\"><div class=\"t-entry-visual-tc\"><div class=\"t-entry-visual-cont\"><a tabindex=\"-1\" href=\"https:\/\/noisydigital.com\/en\/facebook-shops-la-revolution-du-e-commerce\/\" target=\"_self\" data-lb-index=\"1\"><div class=\"t-entry-visual-overlay\"><div class=\"t-entry-visual-overlay-in style-color-nhtu-bg\" style=\"opacity: 0.2;\"><\/div><\/div><div class=\"t-overlay-wrap\"><div class=\"t-overlay-inner\">\n\t\t\t\t\t\t\t\t\t\t\t\t\t\t<div class=\"t-overlay-content\">\n\t\t\t\t\t\t\t\t\t\t\t\t\t\t\t<div class=\"t-overlay-text double-block-padding\"><div class=\"t-entry\"><p class=\"t-entry-meta\"><span class=\"t-entry-date\">21 May 2020<\/span><\/p><h3 class=\"t-entry-title font-175345 fontsize-155944 font-weight-400 fontspace-781688 title-scale\">Facebook Shops : la r\u00e9volution du E-commerce?<\/h3><\/div><\/div><\/div><\/div><\/div><div class=\"t-background-cover\" style=\"background-image:url('https:\/\/noisydigital.com\/wp-content\/uploads\/2020\/05\/fb_shops2.png')\"><\/div><\/a><\/div>\n\t\t\t\t\t<\/div>\n\t\t\t\t<\/div><\/div><\/div>\t\t<\/div>\n\t\n\n\t<\/div>\t\t\t<\/div>\n<\/div><\/div><\/div><\/div><\/div><script id=\"script-row-unique-1\" data-row=\"script-row-unique-1\" type=\"text\/javascript\" class=\"vc_controls\">UNCODE.initRow(document.getElementById(\"row-unique-1\"));<\/script><\/div><\/div><\/div><div data-parent=\"true\" class=\"vc_row row-container boomapps_vcrow\" id=\"row-unique-2\"><div class=\"row triple-top-padding triple-bottom-padding single-h-padding limit-width row-parent\"><div class=\"wpb_row row-inner\"><div class=\"wpb_column pos-top pos-center align_left column_parent col-lg-12 boomapps_vccolumn single-internal-gutter\"><div class=\"uncol style-light\"  ><div class=\"uncoltable\"><div class=\"uncell  boomapps_vccolumn\" ><div class=\"uncont no-block-padding col-custom-width\" style=\"max-width:900px;\"><div id=\"index-147794564\" class=\"isotope-system isotope-general-light grid-general-light\" >\n\t\t\t\n\t\t\t\t\t\t<div class=\"isotope-wrapper grid-wrapper double-gutter\">\t\t\t\t\t\t<div class=\"isotope-container grid-container isotope-layout style-masonry isotope-pagination grid-pagination\" data-type=\"masonry\" data-layout=\"fitRows\" data-lg=\"800\" data-md=\"600\" data-sm=\"480\" data-vp-height=\"\">\t\t\t<div class=\"tmb atc-typography-inherit tmb-iso-w6 tmb-iso-h4 tmb-light tmb-overlay-text-anim tmb-overlay-anim tmb-content-left tmb-image-anim  grid-cat-1348 tmb-id-80830 tmb-img-ratio tmb-content-under tmb-media-first tmb-no-bg\" ><div class=\"t-inside animate_when_almost_visible bottom-t-top\" data-delay=\"400\"><div class=\"t-entry-visual\"><div class=\"t-entry-visual-tc\"><div class=\"t-entry-visual-cont\"><div class=\"dummy\" style=\"padding-top: 66.7%;\"><\/div><a tabindex=\"-1\" href=\"https:\/\/noisydigital.com\/en\/les-objectifs-pour-dynamiser-votre-strategie-dans-les-reseaux-sociaux-en-2020\/\" class=\"pushed\" target=\"_self\" data-lb-index=\"0\"><div class=\"t-entry-visual-overlay\"><div class=\"t-entry-visual-overlay-in style-color-nhtu-bg\" style=\"opacity: 0.2;\"><\/div><\/div><div class=\"t-overlay-wrap\"><div class=\"t-overlay-inner\">\n\t\t\t\t\t\t\t\t\t\t\t\t\t\t<div class=\"t-overlay-content\">\n\t\t\t\t\t\t\t\t\t\t\t\t\t\t\t<div class=\"t-overlay-text single-block-padding\"><div class=\"t-entry t-single-line\"><i class=\"fa fa-plus2 t-overlay-icon\"><\/i><\/div><\/div><\/div><\/div><\/div><img decoding=\"async\" class=\"wp-image-80831\" src=\"https:\/\/noisydigital.com\/wp-content\/uploads\/2020\/02\/ycsm-newyears20-blog-uai-870x580.jpg\" width=\"870\" height=\"580\" alt=\"\" \/><\/a><\/div>\n\t\t\t\t\t<\/div>\n\t\t\t\t<\/div><div class=\"t-entry-text\">\n\t\t\t\t\t\t\t\t\t<div class=\"t-entry-text-tc single-block-padding\"><div class=\"t-entry\"><p class=\"t-entry-meta\"><span class=\"t-entry-date\">25 February 2020<\/span><\/p><h3 class=\"t-entry-title font-175345 h3 font-weight-400 fontspace-781688 title-scale\"><a href=\"https:\/\/noisydigital.com\/en\/les-objectifs-pour-dynamiser-votre-strategie-dans-les-reseaux-sociaux-en-2020\/\" target=\"_self\">Les objectifs pour dynamiser votre strat\u00e9gie dans les r\u00e9seaux sociaux en 2020<\/a><\/h3><div class=\"t-entry-excerpt\"><\/div><\/div><\/div>\n\t\t\t\t\t\t\t<\/div><\/div><\/div><div class=\"tmb atc-typography-inherit tmb-iso-w6 tmb-iso-h4 tmb-light tmb-overlay-text-anim tmb-overlay-anim tmb-content-left tmb-image-anim  grid-cat-296 tmb-id-80351 tmb-img-ratio tmb-content-under tmb-media-first tmb-no-bg\" ><div class=\"t-inside animate_when_almost_visible bottom-t-top\" data-delay=\"400\"><div class=\"t-entry-visual\"><div class=\"t-entry-visual-tc\"><div class=\"t-entry-visual-cont\"><div class=\"dummy\" style=\"padding-top: 66.7%;\"><\/div><a tabindex=\"-1\" href=\"https:\/\/noisydigital.com\/en\/comment-le-dragon-de-liberte-6-est-devenu-viral\/\" class=\"pushed\" target=\"_self\" data-lb-index=\"1\"><div class=\"t-entry-visual-overlay\"><div class=\"t-entry-visual-overlay-in style-color-nhtu-bg\" style=\"opacity: 0.2;\"><\/div><\/div><div class=\"t-overlay-wrap\"><div class=\"t-overlay-inner\">\n\t\t\t\t\t\t\t\t\t\t\t\t\t\t<div class=\"t-overlay-content\">\n\t\t\t\t\t\t\t\t\t\t\t\t\t\t\t<div class=\"t-overlay-text single-block-padding\"><div class=\"t-entry t-single-line\"><i class=\"fa fa-plus2 t-overlay-icon\"><\/i><\/div><\/div><\/div><\/div><\/div><img decoding=\"async\" class=\"wp-image-80353\" src=\"https:\/\/noisydigital.com\/wp-content\/uploads\/2019\/10\/IMG_2678-uai-1101x734.jpg\" width=\"1101\" height=\"734\" alt=\"\" \/><\/a><\/div>\n\t\t\t\t\t<\/div>\n\t\t\t\t<\/div><div class=\"t-entry-text\">\n\t\t\t\t\t\t\t\t\t<div class=\"t-entry-text-tc single-block-padding\"><div class=\"t-entry\"><p class=\"t-entry-meta\"><span class=\"t-entry-date\">1 October 2019<\/span><\/p><h3 class=\"t-entry-title font-175345 h3 font-weight-400 fontspace-781688 title-scale\"><a href=\"https:\/\/noisydigital.com\/en\/comment-le-dragon-de-liberte-6-est-devenu-viral\/\" target=\"_self\">Comment le Dragon de Libert\u00e9 6 est devenu viral\u00a0?<\/a><\/h3><div class=\"t-entry-excerpt\"><\/div><\/div><\/div>\n\t\t\t\t\t\t\t<\/div><\/div><\/div><div class=\"tmb atc-typography-inherit tmb-iso-w6 tmb-iso-h4 tmb-light tmb-overlay-text-anim tmb-overlay-anim tmb-content-left tmb-image-anim  grid-cat-1348 tmb-id-736 tmb-img-ratio tmb-content-under tmb-media-first tmb-no-bg\" ><div class=\"t-inside animate_when_almost_visible bottom-t-top\" data-delay=\"400\"><div class=\"t-entry-visual\"><div class=\"t-entry-visual-tc\"><div class=\"t-entry-visual-cont\"><div class=\"dummy\" style=\"padding-top: 66.7%;\"><\/div><a tabindex=\"-1\" href=\"https:\/\/noisydigital.com\/en\/linkedin-comment-optimiser-vos-campagnes-publicitaires\/\" class=\"pushed\" target=\"_self\" data-lb-index=\"2\"><div class=\"t-entry-visual-overlay\"><div class=\"t-entry-visual-overlay-in style-color-nhtu-bg\" style=\"opacity: 0.2;\"><\/div><\/div><div class=\"t-overlay-wrap\"><div class=\"t-overlay-inner\">\n\t\t\t\t\t\t\t\t\t\t\t\t\t\t<div class=\"t-overlay-content\">\n\t\t\t\t\t\t\t\t\t\t\t\t\t\t\t<div class=\"t-overlay-text single-block-padding\"><div class=\"t-entry t-single-line\"><i class=\"fa fa-plus2 t-overlay-icon\"><\/i><\/div><\/div><\/div><\/div><\/div><img decoding=\"async\" class=\"wp-image-738\" src=\"https:\/\/noisydigital.com\/wp-content\/uploads\/2019\/08\/step3rte-uai-609x406.jpg\" width=\"609\" height=\"406\" alt=\"\" \/><\/a><\/div>\n\t\t\t\t\t<\/div>\n\t\t\t\t<\/div><div class=\"t-entry-text\">\n\t\t\t\t\t\t\t\t\t<div class=\"t-entry-text-tc single-block-padding\"><div class=\"t-entry\"><p class=\"t-entry-meta\"><span class=\"t-entry-date\">1 August 2019<\/span><\/p><h3 class=\"t-entry-title font-175345 h3 font-weight-400 fontspace-781688 title-scale\"><a href=\"https:\/\/noisydigital.com\/en\/linkedin-comment-optimiser-vos-campagnes-publicitaires\/\" target=\"_self\">LinkedIn : Comment optimiser vos campagnes publicitaires?<\/a><\/h3><div class=\"t-entry-excerpt\"><\/div><\/div><\/div>\n\t\t\t\t\t\t\t<\/div><\/div><\/div><div class=\"tmb atc-typography-inherit tmb-iso-w6 tmb-iso-h4 tmb-light tmb-overlay-text-anim tmb-overlay-anim tmb-content-left tmb-image-anim  grid-cat-9 tmb-id-729 tmb-img-ratio tmb-content-under tmb-media-first tmb-no-bg\" ><div class=\"t-inside animate_when_almost_visible bottom-t-top\" data-delay=\"400\"><div class=\"t-entry-visual\"><div class=\"t-entry-visual-tc\"><div class=\"t-entry-visual-cont\"><div class=\"dummy\" style=\"padding-top: 66.7%;\"><\/div><a tabindex=\"-1\" href=\"https:\/\/noisydigital.com\/en\/twitter-une-fonction-edition-pourrait-voir-le-jour\/\" class=\"pushed\" target=\"_self\" data-lb-index=\"3\"><div class=\"t-entry-visual-overlay\"><div class=\"t-entry-visual-overlay-in style-color-nhtu-bg\" style=\"opacity: 0.2;\"><\/div><\/div><div class=\"t-overlay-wrap\"><div class=\"t-overlay-inner\">\n\t\t\t\t\t\t\t\t\t\t\t\t\t\t<div class=\"t-overlay-content\">\n\t\t\t\t\t\t\t\t\t\t\t\t\t\t\t<div class=\"t-overlay-text single-block-padding\"><div class=\"t-entry t-single-line\"><i class=\"fa fa-plus2 t-overlay-icon\"><\/i><\/div><\/div><\/div><\/div><\/div><img decoding=\"async\" class=\"wp-image-730\" src=\"https:\/\/noisydigital.com\/wp-content\/uploads\/2019\/02\/ll-uai-942x628.jpg\" width=\"942\" height=\"628\" alt=\"\" \/><\/a><\/div>\n\t\t\t\t\t<\/div>\n\t\t\t\t<\/div><div class=\"t-entry-text\">\n\t\t\t\t\t\t\t\t\t<div class=\"t-entry-text-tc single-block-padding\"><div class=\"t-entry\"><p class=\"t-entry-meta\"><span class=\"t-entry-date\">20 February 2019<\/span><\/p><h3 class=\"t-entry-title font-175345 h3 font-weight-400 fontspace-781688 title-scale\"><a href=\"https:\/\/noisydigital.com\/en\/twitter-une-fonction-edition-pourrait-voir-le-jour\/\" target=\"_self\">Twitter : une fonction \u00ab\u00a0\u00e9dition\u00a0\u00bb pourrait voir le jour<\/a><\/h3><div class=\"t-entry-excerpt\"><\/div><\/div><\/div>\n\t\t\t\t\t\t\t<\/div><\/div><\/div><div class=\"tmb atc-typography-inherit tmb-iso-w6 tmb-iso-h4 tmb-light tmb-overlay-text-anim tmb-overlay-anim tmb-content-left tmb-image-anim  grid-cat-1348 tmb-id-720 tmb-img-ratio tmb-content-under tmb-media-first tmb-no-bg\" ><div class=\"t-inside animate_when_almost_visible bottom-t-top\" data-delay=\"400\"><div class=\"t-entry-visual\"><div class=\"t-entry-visual-tc\"><div class=\"t-entry-visual-cont\"><div class=\"dummy\" style=\"padding-top: 66.7%;\"><\/div><a tabindex=\"-1\" href=\"https:\/\/noisydigital.com\/en\/5-choses-a-savoir-sur-les-statistiques-facebook\/\" class=\"pushed\" target=\"_self\" data-lb-index=\"4\"><div class=\"t-entry-visual-overlay\"><div class=\"t-entry-visual-overlay-in style-color-nhtu-bg\" style=\"opacity: 0.2;\"><\/div><\/div><div class=\"t-overlay-wrap\"><div class=\"t-overlay-inner\">\n\t\t\t\t\t\t\t\t\t\t\t\t\t\t<div class=\"t-overlay-content\">\n\t\t\t\t\t\t\t\t\t\t\t\t\t\t\t<div class=\"t-overlay-text single-block-padding\"><div class=\"t-entry t-single-line\"><i class=\"fa fa-plus2 t-overlay-icon\"><\/i><\/div><\/div><\/div><\/div><\/div><img decoding=\"async\" class=\"wp-image-721\" src=\"https:\/\/noisydigital.com\/wp-content\/uploads\/2019\/02\/Facebook-Stats-uai-690x460.png\" width=\"690\" height=\"460\" alt=\"\" \/><\/a><\/div>\n\t\t\t\t\t<\/div>\n\t\t\t\t<\/div><div class=\"t-entry-text\">\n\t\t\t\t\t\t\t\t\t<div class=\"t-entry-text-tc single-block-padding\"><div class=\"t-entry\"><p class=\"t-entry-meta\"><span class=\"t-entry-date\">19 February 2019<\/span><\/p><h3 class=\"t-entry-title font-175345 h3 font-weight-400 fontspace-781688 title-scale\"><a href=\"https:\/\/noisydigital.com\/en\/5-choses-a-savoir-sur-les-statistiques-facebook\/\" target=\"_self\">5 choses \u00e0 savoir sur les statistiques Facebook<\/a><\/h3><div class=\"t-entry-excerpt\"><\/div><\/div><\/div>\n\t\t\t\t\t\t\t<\/div><\/div><\/div><div class=\"tmb atc-typography-inherit tmb-iso-w6 tmb-iso-h4 tmb-light tmb-overlay-text-anim tmb-overlay-anim tmb-content-left tmb-image-anim  grid-cat-9 tmb-id-710 tmb-img-ratio tmb-content-under tmb-media-first tmb-no-bg\" ><div class=\"t-inside animate_when_almost_visible bottom-t-top\" data-delay=\"400\"><div class=\"t-entry-visual\"><div class=\"t-entry-visual-tc\"><div class=\"t-entry-visual-cont\"><div class=\"dummy\" style=\"padding-top: 66.7%;\"><\/div><a tabindex=\"-1\" href=\"https:\/\/noisydigital.com\/en\/loeuf-star-dinstagram-est-en-train-declore\/\" class=\"pushed\" target=\"_self\" data-lb-index=\"5\"><div class=\"t-entry-visual-overlay\"><div class=\"t-entry-visual-overlay-in style-color-nhtu-bg\" style=\"opacity: 0.2;\"><\/div><\/div><div class=\"t-overlay-wrap\"><div class=\"t-overlay-inner\">\n\t\t\t\t\t\t\t\t\t\t\t\t\t\t<div class=\"t-overlay-content\">\n\t\t\t\t\t\t\t\t\t\t\t\t\t\t\t<div class=\"t-overlay-text single-block-padding\"><div class=\"t-entry t-single-line\"><i class=\"fa fa-plus2 t-overlay-icon\"><\/i><\/div><\/div><\/div><\/div><\/div><img decoding=\"async\" class=\"wp-image-711\" src=\"https:\/\/noisydigital.com\/wp-content\/uploads\/2019\/02\/oeuf-populaire-instagram-marques-800x400-uai-600x400.jpg\" width=\"600\" height=\"400\" alt=\"\" \/><\/a><\/div>\n\t\t\t\t\t<\/div>\n\t\t\t\t<\/div><div class=\"t-entry-text\">\n\t\t\t\t\t\t\t\t\t<div class=\"t-entry-text-tc single-block-padding\"><div class=\"t-entry\"><p class=\"t-entry-meta\"><span class=\"t-entry-date\">4 February 2019<\/span><\/p><h3 class=\"t-entry-title font-175345 h3 font-weight-400 fontspace-781688 title-scale\"><a href=\"https:\/\/noisydigital.com\/en\/loeuf-star-dinstagram-est-en-train-declore\/\" target=\"_self\">L\u2019\u0153uf \u201cstar\u201d d\u2019Instagram est en train d\u2019\u00e9clore\u2026<\/a><\/h3><div class=\"t-entry-excerpt\"><\/div><\/div><\/div>\n\t\t\t\t\t\t\t<\/div><\/div><\/div>\t\t<\/div>\n\t\n\n\t<\/div>\t\t\t<\/div>\n<\/div><\/div><\/div><\/div><\/div><script id=\"script-row-unique-2\" data-row=\"script-row-unique-2\" type=\"text\/javascript\" class=\"vc_controls\">UNCODE.initRow(document.getElementById(\"row-unique-2\"));<\/script><\/div><\/div><\/div>\n<\/div>","protected":false},"excerpt":{"rendered":"L'\u0153uf \"star\" est sans doute l\u2019\u00e9v\u00e9nement le plus marquant d'Instagram avec ses millions de likes. Plusieurs photos ont \u00e9t\u00e9 post\u00e9es [...]","protected":false},"author":1,"featured_media":78574,"parent":43938,"menu_order":0,"comment_status":"closed","ping_status":"closed","template":"","meta":{"bgseo_title":"","bgseo_description":"","bgseo_robots_index":"","bgseo_robots_follow":"","footnotes":""},"class_list":["post-54892","page","type-page","status-publish","has-post-thumbnail","hentry","page_category-demo-blog"],"aioseo_notices":[],"_links":{"self":[{"href":"https:\/\/noisydigital.com\/en\/wp-json\/wp\/v2\/pages\/54892","targetHints":{"allow":["GET"]}}],"collection":[{"href":"https:\/\/noisydigital.com\/en\/wp-json\/wp\/v2\/pages"}],"about":[{"href":"https:\/\/noisydigital.com\/en\/wp-json\/wp\/v2\/types\/page"}],"author":[{"embeddable":true,"href":"https:\/\/noisydigital.com\/en\/wp-json\/wp\/v2\/users\/1"}],"replies":[{"embeddable":true,"href":"https:\/\/noisydigital.com\/en\/wp-json\/wp\/v2\/comments?post=54892"}],"version-history":[{"count":0,"href":"https:\/\/noisydigital.com\/en\/wp-json\/wp\/v2\/pages\/54892\/revisions"}],"up":[{"embeddable":true,"href":"https:\/\/noisydigital.com\/en\/wp-json\/wp\/v2\/pages\/43938"}],"wp:featuredmedia":[{"embeddable":true,"href":"https:\/\/noisydigital.com\/en\/wp-json\/wp\/v2\/media\/78574"}],"wp:attachment":[{"href":"https:\/\/noisydigital.com\/en\/wp-json\/wp\/v2\/media?parent=54892"}],"curies":[{"name":"wp","href":"https:\/\/api.w.org\/{rel}","templated":true}]}}