{"id":5,"date":"2016-05-31T12:14:40","date_gmt":"2016-05-31T12:14:40","guid":{"rendered":"http:\/\/bridge43.qodeinteractive.com\/?page_id=5"},"modified":"2023-12-10T15:12:55","modified_gmt":"2023-12-10T15:12:55","slug":"home","status":"publish","type":"page","link":"https:\/\/noisydigital.com\/en\/home\/","title":{"rendered":"Home"},"content":{"rendered":"<div class=\"wpb-content-wrapper\"><div data-parent=\"true\" class=\"vc_row vc_custom_1465373037507 row-container boomapps_vcrow\" style=\"padding-top: 180px ;\" id=\"row-unique-0\"><div class=\"row limit-width row-parent\"><div class=\"wpb_row row-inner\"><div class=\"wpb_column pos-top pos-center align_left column_parent col-lg-12 boomapps_vccolumn single-internal-gutter\"><div class=\"uncol style-light\"  ><div class=\"uncoltable\"><div class=\"uncell  boomapps_vccolumn no-block-padding\" ><div class=\"uncont\">[icon_text box_type=\u00a0\u00bbnormal\u00a0\u00bb icon=\u00a0\u00bbfa-trophy\u00a0\u00bb icon_type=\u00a0\u00bbnormal\u00a0\u00bb icon_position=\u00a0\u00bbleft\u00a0\u00bb icon_size=\u00a0\u00bbfa-lg\u00a0\u00bb use_custom_icon_size=\u00a0\u00bbyes\u00a0\u00bb custom_icon_size=\u00a0\u00bb60&Prime; custom_icon_margin=\u00a0\u00bb37&Prime; title=\u00a0\u00bbCONSEIL ET STRATEGIE DIGITALE\u00a0\u00bb title_tag=\u00a0\u00bbh5&Prime; separator=\u00a0\u00bbno\u00a0\u00bb text=\u00a0\u00bbAuditer votre pr\u00e9sence internet, D\u00e9finir et d\u00e9limiter votre cible, adopter une strat\u00e9gie ad\u00e9quate pour votre communication. Fa\u00eetes de votre transformation digitale une r\u00e9ussite. \u00a0\u00bb icon_color=\u00a0\u00bb#ff0000&Prime; icon_hover_color=\u00a0\u00bb#000000&Prime;]<div class=\"empty-space empty-single\" ><span class=\"empty-space-inner\"><\/span><\/div>\n<\/div><\/div><\/div><\/div><\/div><\/div><div class=\"row-inner\"><div class=\"wpb_column pos-top pos-center align_left column_parent col-lg-12 boomapps_vccolumn single-internal-gutter\"><div class=\"uncol style-light\"  ><div class=\"uncoltable\"><div class=\"uncell  boomapps_vccolumn no-block-padding\" ><div class=\"uncont\">[icon_text box_type=\u00a0\u00bbnormal\u00a0\u00bb icon=\u00a0\u00bbfa-pencil\u00a0\u00bb icon_type=\u00a0\u00bbnormal\u00a0\u00bb icon_position=\u00a0\u00bbleft\u00a0\u00bb icon_size=\u00a0\u00bbfa-lg\u00a0\u00bb use_custom_icon_size=\u00a0\u00bbyes\u00a0\u00bb custom_icon_size=\u00a0\u00bb60&Prime; custom_icon_margin=\u00a0\u00bb37&Prime; title=\u00a0\u00bbBRAND CONTENT\u00a0\u00bb title_tag=\u00a0\u00bbh5&Prime; separator=\u00a0\u00bbno\u00a0\u00bb text=\u00a0\u00bbNous analysons votre base de donn\u00e9es client pour vous aider \u00e0 definir votre strat\u00e9gie \u00e9ditoriale. Nous vous accompagnons dans la conception de vos storytelling. \u00a0\u00bb icon_color=\u00a0\u00bb#ff0000&Prime; icon_hover_color=\u00a0\u00bb#000000&Prime;]<div class=\"empty-space empty-single\" ><span class=\"empty-space-inner\"><\/span><\/div>\n<\/div><\/div><\/div><\/div><\/div><\/div><div class=\"row-inner\"><div class=\"wpb_column pos-top pos-center align_left column_parent col-lg-12 boomapps_vccolumn single-internal-gutter\"><div class=\"uncol style-light\"  ><div class=\"uncoltable\"><div class=\"uncell  boomapps_vccolumn no-block-padding\" ><div class=\"uncont\">[icon_text box_type=\u00a0\u00bbnormal\u00a0\u00bb icon=\u00a0\u00bbfa-magic\u00a0\u00bb icon_type=\u00a0\u00bbnormal\u00a0\u00bb icon_position=\u00a0\u00bbleft\u00a0\u00bb icon_size=\u00a0\u00bbfa-lg\u00a0\u00bb use_custom_icon_size=\u00a0\u00bbyes\u00a0\u00bb custom_icon_size=\u00a0\u00bb60&Prime; custom_icon_margin=\u00a0\u00bb37&Prime; title=\u00a0\u00bbUX\/UI \u2013 SITE WEB\u00a0\u00bb title_tag=\u00a0\u00bbh5&Prime; separator=\u00a0\u00bbno\u00a0\u00bb text=\u00a0\u00bbParce que l&rsquo;experience utilisateur est primordiale dans le succ\u00e9s d&rsquo;une communication, Nous cr\u00e9ons des plateformes web adapt\u00e9s aux d\u00e9sirs de vos followers. \u00a0\u00bb icon_color=\u00a0\u00bb#ff0000&Prime; icon_hover_color=\u00a0\u00bb#000000&Prime;]<div class=\"empty-space empty-single\" ><span class=\"empty-space-inner\"><\/span><\/div>\n<\/div><\/div><\/div><\/div><\/div><script id=\"script-row-unique-0\" data-row=\"script-row-unique-0\" type=\"text\/javascript\" class=\"vc_controls\">UNCODE.initRow(document.getElementById(\"row-unique-0\"));<\/script><\/div><\/div><\/div><div data-parent=\"true\" class=\"vc_row vc_custom_1464700271379 row-container boomapps_vcrow\" style=\"padding-top: 29px ;padding-bottom: 133px ;\" id=\"row-unique-1\"><div class=\"row limit-width row-parent\"><div class=\"wpb_row row-inner\"><div class=\"wpb_column pos-top pos-center align_left column_parent col-lg-12 boomapps_vccolumn single-internal-gutter\"><div class=\"uncol style-light\"  ><div class=\"uncoltable\"><div class=\"uncell  boomapps_vccolumn no-block-padding\" ><div class=\"uncont\">[icon_text box_type=\u00a0\u00bbnormal\u00a0\u00bb icon=\u00a0\u00bbfa-inbox\u00a0\u00bb icon_type=\u00a0\u00bbnormal\u00a0\u00bb icon_position=\u00a0\u00bbleft\u00a0\u00bb icon_size=\u00a0\u00bbfa-lg\u00a0\u00bb use_custom_icon_size=\u00a0\u00bbyes\u00a0\u00bb custom_icon_size=\u00a0\u00bb60&Prime; custom_icon_margin=\u00a0\u00bb37&Prime; title=\u00a0\u00bbINTELLIGENCY EMAILING\u00a0\u00bb title_tag=\u00a0\u00bbh5&Prime; separator=\u00a0\u00bbno\u00a0\u00bb text=\u00a0\u00bbDes emails bien configur\u00e9s peuvent transformer plusieurs propects en clients. P\u00e9cision + Design = Efficacit\u00e9 !\u00a0\u00bb icon_color=\u00a0\u00bb#ff0000&Prime; icon_hover_color=\u00a0\u00bb#000000&Prime;]<\/div><\/div><\/div><\/div><\/div><\/div><div class=\"row-inner\"><div class=\"wpb_column pos-top pos-center align_left column_parent col-lg-12 boomapps_vccolumn single-internal-gutter\"><div class=\"uncol style-light\"  ><div class=\"uncoltable\"><div class=\"uncell  boomapps_vccolumn no-block-padding\" ><div class=\"uncont\">[icon_text box_type=\u00a0\u00bbnormal\u00a0\u00bb icon=\u00a0\u00bbfa-search\u00a0\u00bb icon_type=\u00a0\u00bbnormal\u00a0\u00bb icon_position=\u00a0\u00bbleft\u00a0\u00bb icon_size=\u00a0\u00bbfa-lg\u00a0\u00bb use_custom_icon_size=\u00a0\u00bbyes\u00a0\u00bb custom_icon_size=\u00a0\u00bb60&Prime; custom_icon_margin=\u00a0\u00bb37&Prime; title=\u00a0\u00bbSEO \u2013 R\u00c9F\u00c9RENCEMENT\u00a0\u00bb title_tag=\u00a0\u00bbh5&Prime; separator=\u00a0\u00bbno\u00a0\u00bb text=\u00a0\u00bbGr\u00e2ce \u00e0 un contenu de qualit\u00e9 nous d\u00e9veloppons votre r\u00e9f\u00e9rencement naturel. Pour vos campagnes publicitaires nous optimisons au maximum votre r\u00e9ferencement payant.\u00a0\u00bb icon_color=\u00a0\u00bb#ff0000&Prime; icon_hover_color=\u00a0\u00bb#000000&Prime;]<\/div><\/div><\/div><\/div><\/div><\/div><div class=\"row-inner\"><div class=\"wpb_column pos-top pos-center align_left column_parent col-lg-12 boomapps_vccolumn single-internal-gutter\"><div class=\"uncol style-light\"  ><div class=\"uncoltable\"><div class=\"uncell  boomapps_vccolumn no-block-padding\" ><div class=\"uncont\">[icon_text box_type=\u00a0\u00bbnormal\u00a0\u00bb icon=\u00a0\u00bbfa-camera-retro\u00a0\u00bb icon_type=\u00a0\u00bbnormal\u00a0\u00bb icon_position=\u00a0\u00bbleft\u00a0\u00bb icon_size=\u00a0\u00bbfa-lg\u00a0\u00bb use_custom_icon_size=\u00a0\u00bbyes\u00a0\u00bb custom_icon_size=\u00a0\u00bb60&Prime; custom_icon_margin=\u00a0\u00bb37&Prime; title=\u00a0\u00bb PRODUCTION AUDIOVISUELLE\u00a0\u00bb title_tag=\u00a0\u00bbh5&Prime; separator=\u00a0\u00bbno\u00a0\u00bb text=\u00a0\u00bbUn studio cr\u00e9atif d\u00e9di\u00e9 \u00e0 votre communication digitale. Photographie, Vid\u00e9o, infographie, illustration&#8230;\u00a0\u00bb icon_color=\u00a0\u00bb#ff0000&Prime; icon_hover_color=\u00a0\u00bb#000000&Prime;]<\/div><\/div><\/div><\/div><\/div><script id=\"script-row-unique-1\" data-row=\"script-row-unique-1\" type=\"text\/javascript\" class=\"vc_controls\">UNCODE.initRow(document.getElementById(\"row-unique-1\"));<\/script><\/div><\/div><\/div><div data-parent=\"true\" class=\"vc_row vc_custom_1464701480395 row-container boomapps_vcrow\" style=\"padding-top: 100px ;\" id=\"row-unique-2\"><div class=\"row limit-width row-parent\"><div class=\"wpb_row row-inner\"><div class=\"wpb_column pos-top pos-center align_left column_parent col-lg-12 boomapps_vccolumn single-internal-gutter\"><div class=\"uncol style-light\"  ><div class=\"uncoltable\"><div class=\"uncell  boomapps_vccolumn no-block-padding\" ><div class=\"uncont\"><div class=\"uncode_text_column\" ><\/p>\n<h4 style=\"text-align: center;\">\u201cLa cr\u00e9ativit\u00e9 sans strat\u00e9gie, cela s&rsquo;appelle de l&rsquo;Art. La cr\u00e9ativit\u00e9 avec de la strat\u00e9gie, cela s&rsquo;appelle de la \u00ab\u00a0publicit\u00e9\u00a0\u00bb.\u201d<\/h4>\n<p>\n<\/div><div class=\"empty-space empty-single\" ><span class=\"empty-space-inner\"><\/span><\/div>\n<div class=\"uncode_text_column\" ><\/p>\n<h2>Nos R\u00e9f\u00e9rences<\/h2>\n<p>\n<\/div><div class=\"empty-space empty-single\" ><span class=\"empty-space-inner\"><\/span><\/div>\n<\/div><\/div><\/div><\/div><\/div><script id=\"script-row-unique-2\" data-row=\"script-row-unique-2\" type=\"text\/javascript\" class=\"vc_controls\">UNCODE.initRow(document.getElementById(\"row-unique-2\"));<\/script><\/div><\/div><\/div><div data-parent=\"true\" class=\"vc_row row-container boomapps_vcrow\" id=\"row-unique-3\"><div class=\"row limit-width row-parent\"><div class=\"wpb_row row-inner\"><div class=\"wpb_column pos-top pos-center align_left column_parent col-lg-12 boomapps_vccolumn single-internal-gutter\"><div class=\"uncol style-light\"  ><div class=\"uncoltable\"><div class=\"uncell  boomapps_vccolumn no-block-padding\" ><div class=\"uncont\">[counter type=\u00a0\u00bbzero\u00a0\u00bb box=\u00a0\u00bbyes\u00a0\u00bb position=\u00a0\u00bbcenter\u00a0\u00bb font_weight=\u00a0\u00bb600&Prime; text_font_weight=\u00a0\u00bb700&Prime; separator=\u00a0\u00bbyes\u00a0\u00bb digit=\u00a0\u00bb24&Prime; text=\u00a0\u00bbClients accompagn\u00e9s\u00a0\u00bb text_size=\u00a0\u00bb24&Prime; text_color=\u00a0\u00bb#262626&Prime;]<\/div><\/div><\/div><\/div><\/div><script id=\"script-row-unique-3\" data-row=\"script-row-unique-3\" type=\"text\/javascript\" class=\"vc_controls\">UNCODE.initRow(document.getElementById(\"row-unique-3\"));<\/script><\/div><\/div><\/div><div data-parent=\"true\" class=\"vc_row row-container boomapps_vcrow\" id=\"row-unique-4\"><div class=\"row limit-width row-parent\"><div class=\"wpb_row row-inner\"><div class=\"wpb_column pos-top pos-center align_left column_parent col-lg-12 boomapps_vccolumn single-internal-gutter\"><div class=\"uncol style-light\"  ><div class=\"uncoltable\"><div class=\"uncell  boomapps_vccolumn no-block-padding\" ><div class=\"uncont\">[qode_clients columns=\u00a0\u00bbsix_columns\u00a0\u00bb][qode_client image=\u00a0\u00bb634&Prime;][qode_client image=\u00a0\u00bb635&Prime;][qode_client image=\u00a0\u00bb637&Prime;][qode_client image=\u00a0\u00bb291&Prime;][qode_client image=\u00a0\u00bb638&Prime;][qode_client image=\u00a0\u00bb639&Prime;][\/qode_clients][qode_clients columns=\u00a0\u00bbsix_columns\u00a0\u00bb][qode_client image=\u00a0\u00bb626&Prime;][qode_client image=\u00a0\u00bb633&Prime;][qode_client image=\u00a0\u00bb632&Prime;][qode_client image=\u00a0\u00bb630&Prime;][qode_client image=\u00a0\u00bb628&Prime;][qode_client image=\u00a0\u00bb631&Prime;][\/qode_clients]<\/div><\/div><\/div><\/div><\/div><script id=\"script-row-unique-4\" data-row=\"script-row-unique-4\" type=\"text\/javascript\" class=\"vc_controls\">UNCODE.initRow(document.getElementById(\"row-unique-4\"));<\/script><\/div><\/div><\/div><div data-parent=\"true\" class=\"vc_row row-container boomapps_vcrow\" id=\"row-unique-5\"><div class=\"row limit-width row-parent\"><div class=\"wpb_row row-inner\"><div class=\"wpb_column pos-top pos-center align_left column_parent col-lg-12 boomapps_vccolumn single-internal-gutter\"><div class=\"uncol style-light\"  ><div class=\"uncoltable\"><div class=\"uncell  boomapps_vccolumn no-block-padding\" ><div class=\"uncont\">[qode_google_map custom_map_style=\u00a0\u00bbfalse\u00a0\u00bb google_maps_scroll_wheel=\u00a0\u00bbfalse\u00a0\u00bb address1=\u00a0\u00bb14.7314015,-17.4687804&Prime; zoom=\u00a0\u00bb16&Prime; pin=\u00a0\u00bb384&Prime;]<\/div><\/div><\/div><\/div><\/div><script id=\"script-row-unique-5\" data-row=\"script-row-unique-5\" type=\"text\/javascript\" class=\"vc_controls\">UNCODE.initRow(document.getElementById(\"row-unique-5\"));<\/script><\/div><\/div><\/div>\n<\/div>","protected":false},"excerpt":{"rendered":"[icon_text box_type=\"normal\" icon=\"fa-trophy\" icon_type=\"normal\" icon_position=\"left\" icon_size=\"fa-lg\" use_custom_icon_size=\"yes\" custom_icon_size=\"60\" custom_icon_margin=\"37\" title=\"CONSEIL ET STRATEGIE DIGITALE\" title_tag=\"h5\" separator=\"no\" text=\"Auditer votre pr\u00e9sence internet, D\u00e9finir [...]","protected":false},"author":1,"featured_media":366,"parent":0,"menu_order":0,"comment_status":"closed","ping_status":"closed","template":"","meta":{"bgseo_title":"","bgseo_description":"","bgseo_robots_index":"index","bgseo_robots_follow":"follow","footnotes":""},"class_list":["post-5","page","type-page","status-publish","has-post-thumbnail","hentry"],"aioseo_notices":[],"_links":{"self":[{"href":"https:\/\/noisydigital.com\/en\/wp-json\/wp\/v2\/pages\/5","targetHints":{"allow":["GET"]}}],"collection":[{"href":"https:\/\/noisydigital.com\/en\/wp-json\/wp\/v2\/pages"}],"about":[{"href":"https:\/\/noisydigital.com\/en\/wp-json\/wp\/v2\/types\/page"}],"author":[{"embeddable":true,"href":"https:\/\/noisydigital.com\/en\/wp-json\/wp\/v2\/users\/1"}],"replies":[{"embeddable":true,"href":"https:\/\/noisydigital.com\/en\/wp-json\/wp\/v2\/comments?post=5"}],"version-history":[{"count":1,"href":"https:\/\/noisydigital.com\/en\/wp-json\/wp\/v2\/pages\/5\/revisions"}],"predecessor-version":[{"id":81416,"href":"https:\/\/noisydigital.com\/en\/wp-json\/wp\/v2\/pages\/5\/revisions\/81416"}],"wp:featuredmedia":[{"embeddable":true,"href":"https:\/\/noisydigital.com\/en\/wp-json\/wp\/v2\/media\/366"}],"wp:attachment":[{"href":"https:\/\/noisydigital.com\/en\/wp-json\/wp\/v2\/media?parent=5"}],"curies":[{"name":"wp","href":"https:\/\/api.w.org\/{rel}","templated":true}]}}