{"id":4929,"date":"2015-01-11T12:19:46","date_gmt":"2015-01-11T11:19:46","guid":{"rendered":"https:\/\/undsgn.com\/uncode\/?page_id=4929"},"modified":"2015-01-11T12:19:46","modified_gmt":"2015-01-11T11:19:46","slug":"blog-minimal","status":"publish","type":"page","link":"https:\/\/noisydigital.com\/en\/homepages\/blog-minimal\/","title":{"rendered":"Blog Minimal"},"content":{"rendered":"<div class=\"wpb-content-wrapper\"><div data-parent=\"true\" class=\"vc_row style-color-lxmt-bg vc_custom_1444381443552 border-color-gyho-color row-container boomapps_vcrow\" style=\"border-style: solid;border-bottom-width: 1px ;\" id=\"row-unique-0\"><div class=\"row single-top-padding double-bottom-padding single-h-padding limit-width row-parent\"><div class=\"wpb_row row-inner\"><div class=\"wpb_column pos-top pos-center align_center column_parent col-lg-12 boomapps_vccolumn half-internal-gutter\"><div class=\"uncol style-light\"  ><div class=\"uncoltable\"><div class=\"uncell  boomapps_vccolumn no-block-padding\" ><div class=\"uncont\"><div class=\"vc_row row-internal row-container boomapps_vcrow\"><div class=\"row row-child\"><div class=\"wpb_row row-inner\"><div class=\"wpb_column pos-top pos-center align_center column_child col-lg-12 boomapps_vccolumn single-internal-gutter\"><div class=\"uncol style-light font-134980 shift_y_neg_triple shift_y_fixed\" ><div class=\"uncoltable\"><div class=\"uncell  boomapps_vccolumn no-block-padding\" ><div class=\"uncont\"><div class=\"uncode-single-media  text-center\"><div class=\"single-wrapper\" style=\"max-width: 140px;\"><div class=\"uncode-single-media-wrapper single-advanced\"><div class=\"tmb tmb-light tmb-overlay-text-left  img-circle tmb-bordered tmb-shadowed tmb-shadowed-none tmb-img-ratio tmb-media-first tmb-media-last tmb-content-overlay\" ><div class=\"t-inside style-color-xsdn-bg\" ><div class=\"t-entry-visual\"><div class=\"t-entry-visual-tc\"><div class=\"t-entry-visual-cont\"><div class=\"dummy\" style=\"padding-top: 100%;\"><\/div><a tabindex=\"-1\" href=\"#\" class=\"inactive-link pushed\"><div class=\"t-entry-visual-overlay\"><div class=\"t-entry-visual-overlay-in style-dark-bg\" style=\"opacity: 0.5;\"><\/div><\/div><img decoding=\"async\" class=\"wp-image-11309\" src=\"https:\/\/noisydigital.com\/wp-content\/uploads\/2019\/02\/image-placeholder-14-min-uai-1280x1280.jpg\" width=\"1280\" height=\"1280\" alt=\"\" \/><\/a><\/div>\n\t\t\t\t\t<\/div>\n\t\t\t\t<\/div><\/div><\/div><\/div><\/div><\/div><div class=\"vc_custom_heading_wrap\"><div class=\"heading-text el-text\" ><h4 class=\"font-762333 h4 fontheight-578034 fontspace-781688 text-capitalize\" ><span>Mark Johnson<\/span><\/h4><div class=\"text-top-reduced\"><p>Passionate web designer and art lover.<\/p>\n<\/div><\/div><div class=\"clear\"><\/div><\/div><\/div><\/div><\/div><\/div><\/div><\/div><\/div><\/div><\/div><\/div><\/div><\/div><\/div><script id=\"script-row-unique-0\" data-row=\"script-row-unique-0\" type=\"text\/javascript\" class=\"vc_controls\">UNCODE.initRow(document.getElementById(\"row-unique-0\"));<\/script><\/div><\/div><\/div><div data-parent=\"true\" class=\"vc_row row-container boomapps_vcrow\" id=\"row-unique-1\"><div class=\"row double-top-padding double-bottom-padding single-h-padding limit-width row-parent\"><div class=\"wpb_row row-inner\"><div class=\"wpb_column pos-top pos-center align_left column_parent col-lg-12 boomapps_vccolumn single-internal-gutter\"><div class=\"uncol style-light\"  ><div class=\"uncoltable\"><div class=\"uncell  boomapps_vccolumn\" ><div class=\"uncont no-block-padding col-custom-width\" style=\"max-width:600px;\"><div id=\"index-1746509884\" class=\"isotope-system isotope-general-light grid-general-light\" >\n\t\t\t\n\t\t\t\t\t\t<div class=\"isotope-wrapper grid-wrapper single-gutter\">\t\t\t\t\t\t<div class=\"isotope-container grid-container isotope-layout style-masonry isotope-pagination grid-pagination\" data-type=\"masonry\" data-layout=\"vertical\" data-lg=\"1200\" data-md=\"600\" data-sm=\"480\" data-vp-height=\"\">\t\t\t<div class=\"tmb atc-typography-inherit tmb-iso-w12 tmb-iso-h4 tmb-light tmb-overlay-text-anim tmb-reveal-bottom tmb-overlay-anim tmb-content-left  grid-cat-9 tmb-id-1 tmb-img-ratio tmb-only-text tmb-content-under tmb-no-bg\" ><div class=\"t-inside\" ><div class=\"t-entry-text\">\n\t\t\t\t\t\t\t\t\t<div class=\"t-entry-text-tc no-block-padding\"><div class=\"t-entry\"><p class=\"t-entry-meta\"><span class=\"t-entry-date\">16 October 2017<\/span><\/p><h3 class=\"t-entry-title font-762333 h4 title-scale\"><a href=\"https:\/\/noisydigital.com\/en\/whatsapp-pour-entreprise-arrive\/\" target=\"_self\">Whatsapp pour entreprise arrive !<\/a><\/h3><div class=\"t-entry-excerpt\"><\/div><hr \/><p class=\"t-entry-comments entry-small\"><span class=\"extras\"><a class=\"extras-wrap\" href=\"https:\/\/noisydigital.com\/en\/whatsapp-pour-entreprise-arrive\/#respond\" title=\"title\"><i class=\"fa fa-speech-bubble\"><\/i><span>0 Comments<\/span><\/a><span class=\"extras-wrap\"><i class=\"fa fa-watch\"><\/i><span>1 Minutes<\/span><\/span><\/span><\/p><hr \/><\/div><\/div>\n\t\t\t\t\t\t\t<\/div><\/div><\/div><div class=\"tmb atc-typography-inherit tmb-iso-w12 tmb-iso-h4 tmb-light tmb-overlay-text-anim tmb-reveal-bottom tmb-overlay-anim tmb-content-left  grid-cat-9 tmb-id-395 tmb-img-ratio tmb-only-text tmb-content-under tmb-no-bg\" ><div class=\"t-inside\" ><div class=\"t-entry-text\">\n\t\t\t\t\t\t\t\t\t<div class=\"t-entry-text-tc no-block-padding\"><div class=\"t-entry\"><p class=\"t-entry-meta\"><span class=\"t-entry-date\">2 November 2017<\/span><\/p><h3 class=\"t-entry-title font-762333 h4 title-scale\"><a href=\"https:\/\/noisydigital.com\/en\/comment-utiliser-les-groupes-facebook-pour-votre-business\/\" target=\"_self\">Comment utiliser les groupes Facebook pour votre business ?<\/a><\/h3><div class=\"t-entry-excerpt\"><\/div><hr \/><p class=\"t-entry-comments entry-small\"><span class=\"extras\"><a class=\"extras-wrap\" href=\"https:\/\/noisydigital.com\/en\/comment-utiliser-les-groupes-facebook-pour-votre-business\/#respond\" title=\"title\"><i class=\"fa fa-speech-bubble\"><\/i><span>0 Comments<\/span><\/a><span class=\"extras-wrap\"><i class=\"fa fa-watch\"><\/i><span>2 Minutes<\/span><\/span><\/span><\/p><hr \/><\/div><\/div>\n\t\t\t\t\t\t\t<\/div><\/div><\/div><div class=\"tmb atc-typography-inherit tmb-iso-w12 tmb-iso-h4 tmb-light tmb-overlay-text-anim tmb-reveal-bottom tmb-overlay-anim tmb-content-left  grid-cat-9 grid-cat-1349 tmb-id-408 tmb-img-ratio tmb-only-text tmb-content-under tmb-no-bg\" ><div class=\"t-inside\" ><div class=\"t-entry-text\">\n\t\t\t\t\t\t\t\t\t<div class=\"t-entry-text-tc no-block-padding\"><div class=\"t-entry\"><p class=\"t-entry-meta\"><span class=\"t-entry-date\">6 November 2017<\/span><\/p><h3 class=\"t-entry-title font-762333 h4 title-scale\"><a href=\"https:\/\/noisydigital.com\/en\/dakarvie-redonne-vie-la-capitale\/\" target=\"_self\">#DakarVie redonne vie \u00e0 la capitale<\/a><\/h3><div class=\"t-entry-excerpt\"><\/div><hr \/><p class=\"t-entry-comments entry-small\"><span class=\"extras\"><a class=\"extras-wrap\" href=\"https:\/\/noisydigital.com\/en\/dakarvie-redonne-vie-la-capitale\/#respond\" title=\"title\"><i class=\"fa fa-speech-bubble\"><\/i><span>0 Comments<\/span><\/a><span class=\"extras-wrap\"><i class=\"fa fa-watch\"><\/i><span>1 Minutes<\/span><\/span><\/span><\/p><hr \/><\/div><\/div>\n\t\t\t\t\t\t\t<\/div><\/div><\/div>\t\t<\/div>\n\t\n\n\t<\/div>\t\t\t<div class=\"isotope-footer grid-footer style-light without-bg single-gutter\">\n\t\t\t\t\t\t\t\t\t<div class=\"isotope-footer-inner grid-footer-inner limit-width menu-light text-center\">\n\t\t\t\t\t\t\t<ul class='pagination'>\n\t\t\t\t\t\t\t\t\t\t\t\t\t\t\t\t\t<li class=\"page-prev\"><span class=\"btn btn-link btn-disable-hover\"><i class=\"fa fa-angle-left\"><\/i><\/a><\/li>\n\t\t\t\t\t\t\t\t\n\t\t\t\t\t\t\t\t\t\t\t\t\t\t\t\t\t<li><span class=\"btn btn-link text-default-color\"><span aria-current=\"page\" class=\"page-numbers current\">1<\/span><\/span><\/li>\n\t\t\t\t\t\t\t\t\t\t\t\t\t\t\t\t\t<li><span class=\"btn btn-link text-default-color\"><a class=\"page-numbers\" href=\"https:\/\/noisydigital.com\/en\/wp-json\/wp\/v2\/pages\/4929\/page\/2\">2<\/a><\/span><\/li>\n\t\t\t\t\t\t\t\t\t\t\t\t\t\t\t\t\t<li><span class=\"btn btn-link text-default-color\"><a class=\"page-numbers\" href=\"https:\/\/noisydigital.com\/en\/wp-json\/wp\/v2\/pages\/4929\/page\/3\">3<\/a><\/span><\/li>\n\t\t\t\t\t\t\t\t\t\t\t\t\t\t\t\t\t<li><span class=\"btn btn-link text-default-color\"><span class=\"page-numbers dots\">&hellip;<\/span><\/span><\/li>\n\t\t\t\t\t\t\t\t\t\t\t\t\t\t\t\t\t<li><span class=\"btn btn-link text-default-color\"><a class=\"page-numbers\" href=\"https:\/\/noisydigital.com\/en\/wp-json\/wp\/v2\/pages\/4929\/page\/16\">16<\/a><\/span><\/li>\n\t\t\t\t\t\t\t\t\n\t\t\t\t\t\t\t\t\t\t\t\t\t\t\t\t\t<li class=\"page-next\"><a class=\"btn btn-link text-default-color\" href=\"https:\/\/noisydigital.com\/en\/wp-json\/wp\/v2\/pages\/4929\/page\/2\"><i class=\"fa fa-angle-right\"><\/i><\/a><\/li>\n\n\t\t\t\t\t\t\t\t\t\t\t\t\t\t\t<\/ul>\n\t\t\t\t\t\t<\/div>\n\t\t\t\t\t\t\t<\/div>\n\t\t\t<\/div>\n<\/div><\/div><\/div><\/div><\/div><script id=\"script-row-unique-1\" data-row=\"script-row-unique-1\" type=\"text\/javascript\" class=\"vc_controls\">UNCODE.initRow(document.getElementById(\"row-unique-1\"));<\/script><\/div><\/div><\/div>\n<\/div>","protected":false},"excerpt":{"rendered":"La semaine derni\u00e8re une pluie de hashtag qui faisait l'\u00e9loge de la beaut\u00e9 est tomb\u00e9e sur la twittosph\u00e9re. On est [...]","protected":false},"author":1,"featured_media":15046,"parent":43938,"menu_order":0,"comment_status":"open","ping_status":"closed","template":"","meta":{"bgseo_title":"","bgseo_description":"","bgseo_robots_index":"","bgseo_robots_follow":"","footnotes":""},"class_list":["post-4929","page","type-page","status-publish","has-post-thumbnail","hentry","page_category-demo-blog"],"aioseo_notices":[],"_links":{"self":[{"href":"https:\/\/noisydigital.com\/en\/wp-json\/wp\/v2\/pages\/4929","targetHints":{"allow":["GET"]}}],"collection":[{"href":"https:\/\/noisydigital.com\/en\/wp-json\/wp\/v2\/pages"}],"about":[{"href":"https:\/\/noisydigital.com\/en\/wp-json\/wp\/v2\/types\/page"}],"author":[{"embeddable":true,"href":"https:\/\/noisydigital.com\/en\/wp-json\/wp\/v2\/users\/1"}],"replies":[{"embeddable":true,"href":"https:\/\/noisydigital.com\/en\/wp-json\/wp\/v2\/comments?post=4929"}],"version-history":[{"count":0,"href":"https:\/\/noisydigital.com\/en\/wp-json\/wp\/v2\/pages\/4929\/revisions"}],"up":[{"embeddable":true,"href":"https:\/\/noisydigital.com\/en\/wp-json\/wp\/v2\/pages\/43938"}],"wp:featuredmedia":[{"embeddable":true,"href":"https:\/\/noisydigital.com\/en\/wp-json\/wp\/v2\/media\/15046"}],"wp:attachment":[{"href":"https:\/\/noisydigital.com\/en\/wp-json\/wp\/v2\/media?parent=4929"}],"curies":[{"name":"wp","href":"https:\/\/api.w.org\/{rel}","templated":true}]}}